{"id":451,"date":"2018-11-21T10:17:30","date_gmt":"2018-11-21T09:17:30","guid":{"rendered":"https:\/\/compus.deusto.es\/socios\/"},"modified":"2020-02-04T17:44:04","modified_gmt":"2020-02-04T16:44:04","slug":"socios","status":"publish","type":"page","link":"https:\/\/compus.deusto.es\/es\/socios\/","title":{"rendered":"Socios"},"content":{"rendered":"<div class=\"row\">\n<div style=\"width: 33%; padding: 0 10px 0 0; float: left;\">\n<p><img decoding=\"async\" class=\"size-medium wp-image-12792 aligncenter\" src=\"https:\/\/compus.deusto.es\/wp-content\/uploads\/2018\/11\/deusto.jpg\" alt=\"UDeusto ingles\" width=\"300\" height=\"120\" \/><\/p>\n<h5>Universidad de Deusto<\/h5>\n<p>Deusto tiene una misi\u00f3n y un objetivo educativo firmemente basado en la excelencia acad\u00e9mica y la responsabilidad social, que se refleja en su compromiso con los m\u00e9todos innovadores de aprendizaje.\u00a0<a href=\"https:\/\/compus.deusto.es\/university-of-deusto\/\"><strong>+info<\/strong><\/a><br \/>\n<a href=\"https:\/\/www.deusto.es\/\" target=\"_blank\" rel=\"noopener noreferrer\">www.deusto.es<\/a><\/p>\n<\/div>\n<div style=\"width: 33%; padding: 0 10px 0 0; float: left;\">\n<p><img decoding=\"async\" class=\"size-medium wp-image-12792 aligncenter\" src=\"https:\/\/compus.deusto.es\/wp-content\/uploads\/2019\/03\/logo-aci.png\" alt=\"Esclavas ingles\" width=\"300\" height=\"120\" \/><\/p>\n<h5>Colegio Esclavas SC-Fatima<\/h5>\n<p>Somos una escuela de innovaci\u00f3n que se distingue por priorizar el acompa\u00f1amiento de cada alumno en su maduraci\u00f3n personal, acad\u00e9mica y espiritual.\u00a0<a href=\"https:\/\/compus.deusto.es\/esclavas-sc-fatima-school\/\"><strong>+info<\/strong><\/a><br \/>\n<a href=\"https:\/\/www.colegioesclavasbilbao.com\/\" target=\"_blank\" rel=\"noopener noreferrer\"> www.colegioesclavasbilbao.com<\/a><\/p>\n<\/div>\n<div style=\"width: 33%; padding: 0 10px 0 0; float: left;\">\n<p><img decoding=\"async\" class=\"size-medium wp-image-12792 aligncenter\" src=\"https:\/\/compus.deusto.es\/wp-content\/uploads\/2019\/03\/logo-ferdinand-i.png\" alt=\"Ferdinand ingles\" width=\"300\" height=\"120\" \/><\/p>\n<h5>Scoala Gimnaziala Ferdinand I<\/h5>\n<p>Somos una escuela p\u00fablica que funciona en la educaci\u00f3n nacional. Trabajamos con j\u00f3venes estudiantes y preadolescentes de diversos or\u00edgenes culturales. <a href=\"https:\/\/compus.deusto.es\/scoala-gimnaziala-ferdinand-i\/\"><strong>+info<\/strong><\/a><br \/>\n<a href=\"https:\/\/www.scoalaferdinand.com\/\" target=\"_blank\" rel=\"noopener noreferrer\">www.scoalaferdinand.com<\/a><\/p>\n<\/div>\n<\/div>\n<div class=\"row\">\n<div style=\"margin-left: 16%; width: 33%; padding: 0 10px 0 0; float: left;\">\n<p><img loading=\"lazy\" decoding=\"async\" class=\"size-medium wp-image-12792 aligncenter\" src=\"https:\/\/compus.deusto.es\/wp-content\/uploads\/2019\/03\/logo-agr.jpg\" alt=\"AGR ingles\" width=\"300\" height=\"120\" \/><\/p>\n<h5>AGRpriority<\/h5>\n<p>AGRpriority es una empresa dedicada a la producci\u00f3n y fabricaci\u00f3n de juegos de mesa.\u00a0<a href=\"https:\/\/compus.deusto.es\/agrpriority\/\"><strong>+info<\/strong><\/a><br \/>\n<a href=\"https:\/\/www.agrpriority.com\/\" target=\"_blank\" rel=\"noopener noreferrer\">www.agrpriority.com<\/a><\/p>\n<\/div>\n<div style=\"width: 33%; padding: 0 10px 0 0; float: left;\">\n<p><img loading=\"lazy\" decoding=\"async\" class=\"size-medium wp-image-12792 aligncenter\" src=\"https:\/\/compus.deusto.es\/wp-content\/uploads\/2019\/03\/logo-oeiizk.png\" alt=\"OEIiZK ingles\" width=\"300\" height=\"120\" \/><\/p>\n<h5>OEIiZK<\/h5>\n<p>OEIiZK es un centro cuyo objetivo es mejorar y apoyar a los docentes en el campo de la educaci\u00f3n asistida por computadora y las aplicaciones educativas de la tecnolog\u00eda de la informaci\u00f3n.\u00a0<a href=\"https:\/\/compus.deusto.es\/oeiizk\/\"><strong>+info<\/strong><\/a><br \/>\n<a href=\"https:\/\/www.oeiizk.waw.pl\/\" target=\"_blank\" rel=\"noopener noreferrer\">www.oeiizk.waw.pl<\/a><\/p>\n<\/div>\n<\/div>\n","protected":false},"excerpt":{"rendered":"<p>Universidad de Deusto Deusto tiene una misi\u00f3n y un objetivo educativo firmemente basado en la excelencia acad\u00e9mica y la responsabilidad social, que se refleja en su compromiso con los m\u00e9todos innovadores de aprendizaje.\u00a0+info www.deusto.es Colegio Esclavas SC-Fatima Somos una escuela de innovaci\u00f3n que se distingue por priorizar el acompa\u00f1amiento de<a class=\"moretag\" href=\"https:\/\/compus.deusto.es\/es\/socios\/\"> Leer m\u00e1s<\/a><\/p>\n","protected":false},"author":4,"featured_media":0,"parent":0,"menu_order":0,"comment_status":"closed","ping_status":"closed","template":"page-templates\/template-fullwidth.php","meta":{"_monsterinsights_skip_tracking":false,"_monsterinsights_sitenote_active":false,"_monsterinsights_sitenote_note":"","_monsterinsights_sitenote_category":0,"footnotes":""},"class_list":["post-451","page","type-page","status-publish","hentry"],"yoast_head":"<!-- This site is optimized with the Yoast SEO plugin v27.0 - https:\/\/yoast.com\/product\/yoast-seo-wordpress\/ -->\n<title>Socios - COMPUS<\/title>\n<meta name=\"robots\" content=\"index, follow, max-snippet:-1, max-image-preview:large, max-video-preview:-1\" \/>\n<link rel=\"canonical\" href=\"https:\/\/compus.deusto.es\/es\/socios\/\" \/>\n<meta property=\"og:locale\" content=\"es_ES\" \/>\n<meta property=\"og:type\" content=\"article\" \/>\n<meta property=\"og:title\" content=\"Socios - COMPUS\" \/>\n<meta property=\"og:description\" content=\"Universidad de Deusto Deusto tiene una misi\u00f3n y un objetivo educativo firmemente basado en la excelencia acad\u00e9mica y la responsabilidad social, que se refleja en su compromiso con los m\u00e9todos innovadores de aprendizaje.\u00a0+info www.deusto.es Colegio Esclavas SC-Fatima Somos una escuela de innovaci\u00f3n que se distingue por priorizar el acompa\u00f1amiento de Leer m\u00e1s\" \/>\n<meta property=\"og:url\" content=\"https:\/\/compus.deusto.es\/es\/socios\/\" \/>\n<meta property=\"og:site_name\" content=\"COMPUS\" \/>\n<meta property=\"article:modified_time\" content=\"2020-02-04T16:44:04+00:00\" \/>\n<meta property=\"og:image\" content=\"https:\/\/compus.deusto.es\/wp-content\/uploads\/2018\/11\/deusto.jpg\" \/>\n<meta name=\"twitter:card\" content=\"summary_large_image\" \/>\n<meta name=\"twitter:label1\" content=\"Tiempo de lectura\" \/>\n\t<meta name=\"twitter:data1\" content=\"1 minuto\" \/>\n<script type=\"application\/ld+json\" class=\"yoast-schema-graph\">{\"@context\":\"https:\/\/schema.org\",\"@graph\":[{\"@type\":\"WebPage\",\"@id\":\"https:\/\/compus.deusto.es\/es\/socios\/\",\"url\":\"https:\/\/compus.deusto.es\/es\/socios\/\",\"name\":\"Socios - COMPUS\",\"isPartOf\":{\"@id\":\"https:\/\/compus.deusto.es\/#website\"},\"primaryImageOfPage\":{\"@id\":\"https:\/\/compus.deusto.es\/es\/socios\/#primaryimage\"},\"image\":{\"@id\":\"https:\/\/compus.deusto.es\/es\/socios\/#primaryimage\"},\"thumbnailUrl\":\"https:\/\/compus.deusto.es\/wp-content\/uploads\/2018\/11\/deusto.jpg\",\"datePublished\":\"2018-11-21T09:17:30+00:00\",\"dateModified\":\"2020-02-04T16:44:04+00:00\",\"breadcrumb\":{\"@id\":\"https:\/\/compus.deusto.es\/es\/socios\/#breadcrumb\"},\"inLanguage\":\"es\",\"potentialAction\":[{\"@type\":\"ReadAction\",\"target\":[\"https:\/\/compus.deusto.es\/es\/socios\/\"]}]},{\"@type\":\"ImageObject\",\"inLanguage\":\"es\",\"@id\":\"https:\/\/compus.deusto.es\/es\/socios\/#primaryimage\",\"url\":\"https:\/\/compus.deusto.es\/wp-content\/uploads\/2018\/11\/deusto.jpg\",\"contentUrl\":\"https:\/\/compus.deusto.es\/wp-content\/uploads\/2018\/11\/deusto.jpg\"},{\"@type\":\"BreadcrumbList\",\"@id\":\"https:\/\/compus.deusto.es\/es\/socios\/#breadcrumb\",\"itemListElement\":[{\"@type\":\"ListItem\",\"position\":1,\"name\":\"Portada\",\"item\":\"https:\/\/compus.deusto.es\/es\/\"},{\"@type\":\"ListItem\",\"position\":2,\"name\":\"Socios\"}]},{\"@type\":\"WebSite\",\"@id\":\"https:\/\/compus.deusto.es\/#website\",\"url\":\"https:\/\/compus.deusto.es\/\",\"name\":\"COMPUS\",\"description\":\"COMPUS is a set of board games focused on the development of computational thinking.\",\"publisher\":{\"@id\":\"https:\/\/compus.deusto.es\/#organization\"},\"potentialAction\":[{\"@type\":\"SearchAction\",\"target\":{\"@type\":\"EntryPoint\",\"urlTemplate\":\"https:\/\/compus.deusto.es\/?s={search_term_string}\"},\"query-input\":{\"@type\":\"PropertyValueSpecification\",\"valueRequired\":true,\"valueName\":\"search_term_string\"}}],\"inLanguage\":\"es\"},{\"@type\":\"Organization\",\"@id\":\"https:\/\/compus.deusto.es\/#organization\",\"name\":\"University of Deusto\",\"url\":\"https:\/\/compus.deusto.es\/\",\"logo\":{\"@type\":\"ImageObject\",\"inLanguage\":\"es\",\"@id\":\"https:\/\/compus.deusto.es\/#\/schema\/logo\/image\/\",\"url\":\"https:\/\/compus.deusto.es\/wp-content\/uploads\/2021\/04\/compus-logo.png\",\"contentUrl\":\"https:\/\/compus.deusto.es\/wp-content\/uploads\/2021\/04\/compus-logo.png\",\"width\":600,\"height\":782,\"caption\":\"University of Deusto\"},\"image\":{\"@id\":\"https:\/\/compus.deusto.es\/#\/schema\/logo\/image\/\"}}]}<\/script>\n<!-- \/ Yoast SEO plugin. -->","yoast_head_json":{"title":"Socios - COMPUS","robots":{"index":"index","follow":"follow","max-snippet":"max-snippet:-1","max-image-preview":"max-image-preview:large","max-video-preview":"max-video-preview:-1"},"canonical":"https:\/\/compus.deusto.es\/es\/socios\/","og_locale":"es_ES","og_type":"article","og_title":"Socios - COMPUS","og_description":"Universidad de Deusto Deusto tiene una misi\u00f3n y un objetivo educativo firmemente basado en la excelencia acad\u00e9mica y la responsabilidad social, que se refleja en su compromiso con los m\u00e9todos innovadores de aprendizaje.\u00a0+info www.deusto.es Colegio Esclavas SC-Fatima Somos una escuela de innovaci\u00f3n que se distingue por priorizar el acompa\u00f1amiento de Leer m\u00e1s","og_url":"https:\/\/compus.deusto.es\/es\/socios\/","og_site_name":"COMPUS","article_modified_time":"2020-02-04T16:44:04+00:00","og_image":[{"url":"https:\/\/compus.deusto.es\/wp-content\/uploads\/2018\/11\/deusto.jpg","type":"","width":"","height":""}],"twitter_card":"summary_large_image","twitter_misc":{"Tiempo de lectura":"1 minuto"},"schema":{"@context":"https:\/\/schema.org","@graph":[{"@type":"WebPage","@id":"https:\/\/compus.deusto.es\/es\/socios\/","url":"https:\/\/compus.deusto.es\/es\/socios\/","name":"Socios - COMPUS","isPartOf":{"@id":"https:\/\/compus.deusto.es\/#website"},"primaryImageOfPage":{"@id":"https:\/\/compus.deusto.es\/es\/socios\/#primaryimage"},"image":{"@id":"https:\/\/compus.deusto.es\/es\/socios\/#primaryimage"},"thumbnailUrl":"https:\/\/compus.deusto.es\/wp-content\/uploads\/2018\/11\/deusto.jpg","datePublished":"2018-11-21T09:17:30+00:00","dateModified":"2020-02-04T16:44:04+00:00","breadcrumb":{"@id":"https:\/\/compus.deusto.es\/es\/socios\/#breadcrumb"},"inLanguage":"es","potentialAction":[{"@type":"ReadAction","target":["https:\/\/compus.deusto.es\/es\/socios\/"]}]},{"@type":"ImageObject","inLanguage":"es","@id":"https:\/\/compus.deusto.es\/es\/socios\/#primaryimage","url":"https:\/\/compus.deusto.es\/wp-content\/uploads\/2018\/11\/deusto.jpg","contentUrl":"https:\/\/compus.deusto.es\/wp-content\/uploads\/2018\/11\/deusto.jpg"},{"@type":"BreadcrumbList","@id":"https:\/\/compus.deusto.es\/es\/socios\/#breadcrumb","itemListElement":[{"@type":"ListItem","position":1,"name":"Portada","item":"https:\/\/compus.deusto.es\/es\/"},{"@type":"ListItem","position":2,"name":"Socios"}]},{"@type":"WebSite","@id":"https:\/\/compus.deusto.es\/#website","url":"https:\/\/compus.deusto.es\/","name":"COMPUS","description":"COMPUS is a set of board games focused on the development of computational thinking.","publisher":{"@id":"https:\/\/compus.deusto.es\/#organization"},"potentialAction":[{"@type":"SearchAction","target":{"@type":"EntryPoint","urlTemplate":"https:\/\/compus.deusto.es\/?s={search_term_string}"},"query-input":{"@type":"PropertyValueSpecification","valueRequired":true,"valueName":"search_term_string"}}],"inLanguage":"es"},{"@type":"Organization","@id":"https:\/\/compus.deusto.es\/#organization","name":"University of Deusto","url":"https:\/\/compus.deusto.es\/","logo":{"@type":"ImageObject","inLanguage":"es","@id":"https:\/\/compus.deusto.es\/#\/schema\/logo\/image\/","url":"https:\/\/compus.deusto.es\/wp-content\/uploads\/2021\/04\/compus-logo.png","contentUrl":"https:\/\/compus.deusto.es\/wp-content\/uploads\/2021\/04\/compus-logo.png","width":600,"height":782,"caption":"University of Deusto"},"image":{"@id":"https:\/\/compus.deusto.es\/#\/schema\/logo\/image\/"}}]}},"_links":{"self":[{"href":"https:\/\/compus.deusto.es\/es\/wp-json\/wp\/v2\/pages\/451","targetHints":{"allow":["GET"]}}],"collection":[{"href":"https:\/\/compus.deusto.es\/es\/wp-json\/wp\/v2\/pages"}],"about":[{"href":"https:\/\/compus.deusto.es\/es\/wp-json\/wp\/v2\/types\/page"}],"author":[{"embeddable":true,"href":"https:\/\/compus.deusto.es\/es\/wp-json\/wp\/v2\/users\/4"}],"replies":[{"embeddable":true,"href":"https:\/\/compus.deusto.es\/es\/wp-json\/wp\/v2\/comments?post=451"}],"version-history":[{"count":1,"href":"https:\/\/compus.deusto.es\/es\/wp-json\/wp\/v2\/pages\/451\/revisions"}],"predecessor-version":[{"id":925,"href":"https:\/\/compus.deusto.es\/es\/wp-json\/wp\/v2\/pages\/451\/revisions\/925"}],"wp:attachment":[{"href":"https:\/\/compus.deusto.es\/es\/wp-json\/wp\/v2\/media?parent=451"}],"curies":[{"name":"wp","href":"https:\/\/api.w.org\/{rel}","templated":true}]}}