{"id":454,"date":"2018-11-21T12:05:07","date_gmt":"2018-11-21T11:05:07","guid":{"rendered":"https:\/\/compus.deusto.es\/moon-1110011\/"},"modified":"2022-04-26T13:01:15","modified_gmt":"2022-04-26T11:01:15","slug":"moon-1110011","status":"publish","type":"page","link":"https:\/\/compus.deusto.es\/es\/moon-1110011\/","title":{"rendered":"MOON: 1110011"},"content":{"rendered":"<article class=\"feature left\">\n<div class=\"content\">\n<h2>\u00bfQU\u00c9 ES MOON: 1110011?<\/h2>\n<p><span class=\"image\"><a href=\"https:\/\/tiny.cc\/moonboardgame\" target=\"_blank\" rel=\"noopener noreferrer\"><img fetchpriority=\"high\" decoding=\"async\" src=\"https:\/\/compus.deusto.es\/wp-content\/uploads\/2019\/03\/moon-render-ks-1024x576.jpg\" alt=\"\" width=\"750\" height=\"422\" class=\"size-large wp-image-195 aligncenter\" srcset=\"https:\/\/compus.deusto.es\/wp-content\/uploads\/2019\/03\/moon-render-ks-1024x576.jpg 1024w, https:\/\/compus.deusto.es\/wp-content\/uploads\/2019\/03\/moon-render-ks-300x169.jpg 300w, https:\/\/compus.deusto.es\/wp-content\/uploads\/2019\/03\/moon-render-ks-768x432.jpg 768w, https:\/\/compus.deusto.es\/wp-content\/uploads\/2019\/03\/moon-render-ks.jpg 1920w\" sizes=\"(max-width: 750px) 100vw, 750px\" \/><\/a><\/span><\/p>\n<p>MOON es un <strong>juego para 1 a 4 jugadores<\/strong> donde controlamos la computadora del m\u00f3dulo lunar Eagle durante el primer alunizaje. Solo 3 minutos antes de alunizar, \u00a1la computadora de la nave fall\u00f3! Sin embargo, un buen dise\u00f1o desarrollado por los ingenieros de software del equipo liderado por <a href=\"https:\/\/en.wikipedia.org\/wiki\/Margaret_Hamilton_(scientist)\">Margaret Hamilton<\/a> logr\u00f3 evitar un fallo fatal. En este juego deberemos emular esas inteligentes rutinas de software para ayudar a los astronautas a alunizar de forma segura.<\/p>\n<p>Jugando a este juego aprender\u00e1s a <strong>contar en binario<\/strong>, realizar operaciones <strong>l\u00f3gicas y matem\u00e1ticas<\/strong> y reparar fallos t\u00e9cnicos que ocurrir\u00e1n durante la misi\u00f3n.<\/p>\n<\/div>\n<\/article>\n<article class=\"feature right\"><span class=\"image\"><img decoding=\"async\" src=\"https:\/\/compus.deusto.es\/wp-content\/uploads\/2018\/11\/moon-game-300x220.jpg\" alt=\"\" width=\"300\" height=\"220\" class=\"size-medium wp-image-62 aligncenter\" srcset=\"https:\/\/compus.deusto.es\/wp-content\/uploads\/2018\/11\/moon-game-300x220.jpg 300w, https:\/\/compus.deusto.es\/wp-content\/uploads\/2018\/11\/moon-game-768x563.jpg 768w, https:\/\/compus.deusto.es\/wp-content\/uploads\/2018\/11\/moon-game-1024x751.jpg 1024w\" sizes=\"(max-width: 300px) 100vw, 300px\" \/><\/span><\/p>\n<div class=\"content\">\n<h2>\u00bfC\u00d3MO CONSEGUIR MOON: 1110011?<\/h2>\n<p>Dispones de varias formas para conseguir el juego:<\/p>\n<ul>\n<li><strong>Juego Print &amp; Play:<\/strong> <a href=\"https:\/\/tiny.cc\/moon-pnp\">cartas<\/a> (disponible una versi\u00f3n barata de imprimir <a href=\"https:\/\/tiny.cc\/moon-pnp-low\">aqu\u00ed<\/a>). Imprimir a doble cara, por el borde largo.<\/li>\n<li><strong>Libro de reglas:<\/strong>\n<ul>\n<li><a href=\"https:\/\/tiny.cc\/moonboardgame-es\">Espa\u00f1ol<\/a><\/li>\n<li><a href=\"https:\/\/tiny.cc\/moonboardgame-en\">Ingl\u00e9s<\/a><\/li>\n<li><a href=\"https:\/\/tiny.cc\/moonboardgame-eu\">Euskera<\/a><\/li>\n<li><a href=\"https:\/\/tiny.cc\/moonboardgame-ro\">Rumano<\/a><\/li>\n<li><a href=\"https:\/\/tiny.cc\/moonboardgame-pl\">Polaco<\/a><\/li>\n<li><a href=\"https:\/\/tiny.cc\/moonboardgame-cat\">Catal\u00e1n<\/a><\/li>\n<li><a href=\"https:\/\/tiny.cc\/moonboardgame-fr\">Franc\u00e9s<\/a><\/li>\n<li><a href=\"https:\/\/tiny.cc\/moonboardgame-pt\">Portugu\u00e9s<\/a><\/li>\n<li><a href=\"https:\/\/tiny.cc\/moonboardgame-de\">Alem\u00e1n<\/a><\/li>\n<li><a href=\"https:\/\/tiny.cc\/moonboardgame-nl\">Holand\u00e9s<\/a><\/li>\n<li><a href=\"https:\/\/tiny.cc\/moonboardgame-it\">Italiano<\/a><\/li>\n<\/ul>\n<\/li>\n<\/ul>\n<ul>\n<li><strong>Versi\u00f3n Online:<\/strong>\n<ul>\n<li><a href=\"https:\/\/moon.deusto.es\" target=\"_blank\" rel=\"noopener noreferrer\">moon.deusto.es<\/a><\/li>\n<\/ul>\n<\/li>\n<\/ul>\n<ul>\n<li><strong>Versi\u00f3n M\u00f3vil:<\/strong><\/li>\n<\/ul>\n<p style=\"padding-left: 40px;\"><a href=\"https:\/\/tiny.cc\/moon-android\"><img decoding=\"async\" src=\"https:\/\/compus.deusto.es\/wp-content\/uploads\/2020\/03\/android-button.jpeg\" alt=\"\" width=\"188\" height=\"64\" class=\"alignnone wp-image-928\" srcset=\"https:\/\/compus.deusto.es\/wp-content\/uploads\/2020\/03\/android-button.jpeg 500w, https:\/\/compus.deusto.es\/wp-content\/uploads\/2020\/03\/android-button-300x102.jpeg 300w\" sizes=\"(max-width: 188px) 100vw, 188px\" \/><\/a><\/p>\n<ul>\n<li><strong>Juego F\u00edsico:<\/strong>\n<ul>\n<li><a href=\"https:\/\/dracotienda.com\/juegos-de-cartas\/24333-moon.html\">Dracotienda<\/a><\/li>\n<li><a href=\"https:\/\/dungeonmarvels.com\/cartas\/42494-moon-8425402331996.html?s=293578806\">Dungeon Marvels<\/a><\/li>\n<li><a href=\"https:\/\/www.vialudica.com\/shop\/product\/bdj-moo-moon-10222\">Via L\u00fadica<\/a><\/li>\n<li><a href=\"https:\/\/juegosdelamesaredonda.com\/9068-moon-8425402331996.html\">Juegos de la mesa redonda<\/a><\/li>\n<li><a href=\"https:\/\/distritozero.es\/12-juegos-de-mesa\/12021-moon.html\">Distrito Zero<\/a><\/li>\n<li><a href=\"https:\/\/www.generacionx.es\/producto\/334089\/moon\">Generacion X<\/a><\/li>\n<\/ul>\n<\/li>\n<\/ul>\n<h2>\u00bfC\u00d3MO JUGAR?<\/h2>\n<p><iframe width=\"1120\" height=\"450\" src=\"https:\/\/www.youtube.com\/embed\/T-nZvyF0REY\" frameborder=\"0\" allow=\"accelerometer; autoplay; encrypted-media; gyroscope; picture-in-picture\" allowfullscreen=\"allowfullscreen\"><\/iframe><\/p>\n<\/div>\n<\/article>\n","protected":false},"excerpt":{"rendered":"<p>\u00bfQU\u00c9 ES MOON: 1110011? MOON es un juego para 1 a 4 jugadores donde controlamos la computadora del m\u00f3dulo lunar Eagle durante el primer alunizaje. Solo 3 minutos antes de alunizar, \u00a1la computadora de la nave fall\u00f3! Sin embargo, un buen dise\u00f1o desarrollado por los ingenieros de software del equipo<a class=\"moretag\" href=\"https:\/\/compus.deusto.es\/es\/moon-1110011\/\"> Leer m\u00e1s<\/a><\/p>\n","protected":false},"author":4,"featured_media":123,"parent":0,"menu_order":0,"comment_status":"closed","ping_status":"closed","template":"","meta":{"_monsterinsights_skip_tracking":false,"_monsterinsights_sitenote_active":false,"_monsterinsights_sitenote_note":"","_monsterinsights_sitenote_category":0,"footnotes":""},"class_list":["post-454","page","type-page","status-publish","has-post-thumbnail","hentry"],"yoast_head":"<!-- This site is optimized with the Yoast SEO plugin v27.0 - https:\/\/yoast.com\/product\/yoast-seo-wordpress\/ -->\n<title>MOON: 1110011 - COMPUS<\/title>\n<meta name=\"robots\" content=\"index, follow, max-snippet:-1, max-image-preview:large, max-video-preview:-1\" \/>\n<link rel=\"canonical\" href=\"https:\/\/compus.deusto.es\/es\/moon-1110011\/\" \/>\n<meta property=\"og:locale\" content=\"es_ES\" \/>\n<meta property=\"og:type\" content=\"article\" \/>\n<meta property=\"og:title\" content=\"MOON: 1110011 - COMPUS\" \/>\n<meta property=\"og:description\" content=\"\u00bfQU\u00c9 ES MOON: 1110011? MOON es un juego para 1 a 4 jugadores donde controlamos la computadora del m\u00f3dulo lunar Eagle durante el primer alunizaje. Solo 3 minutos antes de alunizar, \u00a1la computadora de la nave fall\u00f3! Sin embargo, un buen dise\u00f1o desarrollado por los ingenieros de software del equipo Leer m\u00e1s\" \/>\n<meta property=\"og:url\" content=\"https:\/\/compus.deusto.es\/es\/moon-1110011\/\" \/>\n<meta property=\"og:site_name\" content=\"COMPUS\" \/>\n<meta property=\"article:modified_time\" content=\"2022-04-26T11:01:15+00:00\" \/>\n<meta property=\"og:image\" content=\"https:\/\/compus.deusto.es\/wp-content\/uploads\/2018\/11\/cropped-moon-game.jpg\" \/>\n\t<meta property=\"og:image:width\" content=\"2000\" \/>\n\t<meta property=\"og:image:height\" content=\"1150\" \/>\n\t<meta property=\"og:image:type\" content=\"image\/jpeg\" \/>\n<meta name=\"twitter:card\" content=\"summary_large_image\" \/>\n<meta name=\"twitter:label1\" content=\"Tiempo de lectura\" \/>\n\t<meta name=\"twitter:data1\" content=\"2 minutos\" \/>\n<script type=\"application\/ld+json\" class=\"yoast-schema-graph\">{\"@context\":\"https:\/\/schema.org\",\"@graph\":[{\"@type\":\"WebPage\",\"@id\":\"https:\/\/compus.deusto.es\/es\/moon-1110011\/\",\"url\":\"https:\/\/compus.deusto.es\/es\/moon-1110011\/\",\"name\":\"MOON: 1110011 - COMPUS\",\"isPartOf\":{\"@id\":\"https:\/\/compus.deusto.es\/#website\"},\"primaryImageOfPage\":{\"@id\":\"https:\/\/compus.deusto.es\/es\/moon-1110011\/#primaryimage\"},\"image\":{\"@id\":\"https:\/\/compus.deusto.es\/es\/moon-1110011\/#primaryimage\"},\"thumbnailUrl\":\"https:\/\/compus.deusto.es\/wp-content\/uploads\/2018\/11\/cropped-moon-game.jpg\",\"datePublished\":\"2018-11-21T11:05:07+00:00\",\"dateModified\":\"2022-04-26T11:01:15+00:00\",\"breadcrumb\":{\"@id\":\"https:\/\/compus.deusto.es\/es\/moon-1110011\/#breadcrumb\"},\"inLanguage\":\"es\",\"potentialAction\":[{\"@type\":\"ReadAction\",\"target\":[\"https:\/\/compus.deusto.es\/es\/moon-1110011\/\"]}]},{\"@type\":\"ImageObject\",\"inLanguage\":\"es\",\"@id\":\"https:\/\/compus.deusto.es\/es\/moon-1110011\/#primaryimage\",\"url\":\"https:\/\/compus.deusto.es\/wp-content\/uploads\/2018\/11\/cropped-moon-game.jpg\",\"contentUrl\":\"https:\/\/compus.deusto.es\/wp-content\/uploads\/2018\/11\/cropped-moon-game.jpg\",\"width\":2000,\"height\":1150},{\"@type\":\"BreadcrumbList\",\"@id\":\"https:\/\/compus.deusto.es\/es\/moon-1110011\/#breadcrumb\",\"itemListElement\":[{\"@type\":\"ListItem\",\"position\":1,\"name\":\"Portada\",\"item\":\"https:\/\/compus.deusto.es\/es\/\"},{\"@type\":\"ListItem\",\"position\":2,\"name\":\"MOON: 1110011\"}]},{\"@type\":\"WebSite\",\"@id\":\"https:\/\/compus.deusto.es\/#website\",\"url\":\"https:\/\/compus.deusto.es\/\",\"name\":\"COMPUS\",\"description\":\"COMPUS is a set of board games focused on the development of computational thinking.\",\"publisher\":{\"@id\":\"https:\/\/compus.deusto.es\/#organization\"},\"potentialAction\":[{\"@type\":\"SearchAction\",\"target\":{\"@type\":\"EntryPoint\",\"urlTemplate\":\"https:\/\/compus.deusto.es\/?s={search_term_string}\"},\"query-input\":{\"@type\":\"PropertyValueSpecification\",\"valueRequired\":true,\"valueName\":\"search_term_string\"}}],\"inLanguage\":\"es\"},{\"@type\":\"Organization\",\"@id\":\"https:\/\/compus.deusto.es\/#organization\",\"name\":\"University of Deusto\",\"url\":\"https:\/\/compus.deusto.es\/\",\"logo\":{\"@type\":\"ImageObject\",\"inLanguage\":\"es\",\"@id\":\"https:\/\/compus.deusto.es\/#\/schema\/logo\/image\/\",\"url\":\"https:\/\/compus.deusto.es\/wp-content\/uploads\/2021\/04\/compus-logo.png\",\"contentUrl\":\"https:\/\/compus.deusto.es\/wp-content\/uploads\/2021\/04\/compus-logo.png\",\"width\":600,\"height\":782,\"caption\":\"University of Deusto\"},\"image\":{\"@id\":\"https:\/\/compus.deusto.es\/#\/schema\/logo\/image\/\"}}]}<\/script>\n<!-- \/ Yoast SEO plugin. -->","yoast_head_json":{"title":"MOON: 1110011 - COMPUS","robots":{"index":"index","follow":"follow","max-snippet":"max-snippet:-1","max-image-preview":"max-image-preview:large","max-video-preview":"max-video-preview:-1"},"canonical":"https:\/\/compus.deusto.es\/es\/moon-1110011\/","og_locale":"es_ES","og_type":"article","og_title":"MOON: 1110011 - COMPUS","og_description":"\u00bfQU\u00c9 ES MOON: 1110011? MOON es un juego para 1 a 4 jugadores donde controlamos la computadora del m\u00f3dulo lunar Eagle durante el primer alunizaje. Solo 3 minutos antes de alunizar, \u00a1la computadora de la nave fall\u00f3! Sin embargo, un buen dise\u00f1o desarrollado por los ingenieros de software del equipo Leer m\u00e1s","og_url":"https:\/\/compus.deusto.es\/es\/moon-1110011\/","og_site_name":"COMPUS","article_modified_time":"2022-04-26T11:01:15+00:00","og_image":[{"width":2000,"height":1150,"url":"https:\/\/compus.deusto.es\/wp-content\/uploads\/2018\/11\/cropped-moon-game.jpg","type":"image\/jpeg"}],"twitter_card":"summary_large_image","twitter_misc":{"Tiempo de lectura":"2 minutos"},"schema":{"@context":"https:\/\/schema.org","@graph":[{"@type":"WebPage","@id":"https:\/\/compus.deusto.es\/es\/moon-1110011\/","url":"https:\/\/compus.deusto.es\/es\/moon-1110011\/","name":"MOON: 1110011 - COMPUS","isPartOf":{"@id":"https:\/\/compus.deusto.es\/#website"},"primaryImageOfPage":{"@id":"https:\/\/compus.deusto.es\/es\/moon-1110011\/#primaryimage"},"image":{"@id":"https:\/\/compus.deusto.es\/es\/moon-1110011\/#primaryimage"},"thumbnailUrl":"https:\/\/compus.deusto.es\/wp-content\/uploads\/2018\/11\/cropped-moon-game.jpg","datePublished":"2018-11-21T11:05:07+00:00","dateModified":"2022-04-26T11:01:15+00:00","breadcrumb":{"@id":"https:\/\/compus.deusto.es\/es\/moon-1110011\/#breadcrumb"},"inLanguage":"es","potentialAction":[{"@type":"ReadAction","target":["https:\/\/compus.deusto.es\/es\/moon-1110011\/"]}]},{"@type":"ImageObject","inLanguage":"es","@id":"https:\/\/compus.deusto.es\/es\/moon-1110011\/#primaryimage","url":"https:\/\/compus.deusto.es\/wp-content\/uploads\/2018\/11\/cropped-moon-game.jpg","contentUrl":"https:\/\/compus.deusto.es\/wp-content\/uploads\/2018\/11\/cropped-moon-game.jpg","width":2000,"height":1150},{"@type":"BreadcrumbList","@id":"https:\/\/compus.deusto.es\/es\/moon-1110011\/#breadcrumb","itemListElement":[{"@type":"ListItem","position":1,"name":"Portada","item":"https:\/\/compus.deusto.es\/es\/"},{"@type":"ListItem","position":2,"name":"MOON: 1110011"}]},{"@type":"WebSite","@id":"https:\/\/compus.deusto.es\/#website","url":"https:\/\/compus.deusto.es\/","name":"COMPUS","description":"COMPUS is a set of board games focused on the development of computational thinking.","publisher":{"@id":"https:\/\/compus.deusto.es\/#organization"},"potentialAction":[{"@type":"SearchAction","target":{"@type":"EntryPoint","urlTemplate":"https:\/\/compus.deusto.es\/?s={search_term_string}"},"query-input":{"@type":"PropertyValueSpecification","valueRequired":true,"valueName":"search_term_string"}}],"inLanguage":"es"},{"@type":"Organization","@id":"https:\/\/compus.deusto.es\/#organization","name":"University of Deusto","url":"https:\/\/compus.deusto.es\/","logo":{"@type":"ImageObject","inLanguage":"es","@id":"https:\/\/compus.deusto.es\/#\/schema\/logo\/image\/","url":"https:\/\/compus.deusto.es\/wp-content\/uploads\/2021\/04\/compus-logo.png","contentUrl":"https:\/\/compus.deusto.es\/wp-content\/uploads\/2021\/04\/compus-logo.png","width":600,"height":782,"caption":"University of Deusto"},"image":{"@id":"https:\/\/compus.deusto.es\/#\/schema\/logo\/image\/"}}]}},"_links":{"self":[{"href":"https:\/\/compus.deusto.es\/es\/wp-json\/wp\/v2\/pages\/454","targetHints":{"allow":["GET"]}}],"collection":[{"href":"https:\/\/compus.deusto.es\/es\/wp-json\/wp\/v2\/pages"}],"about":[{"href":"https:\/\/compus.deusto.es\/es\/wp-json\/wp\/v2\/types\/page"}],"author":[{"embeddable":true,"href":"https:\/\/compus.deusto.es\/es\/wp-json\/wp\/v2\/users\/4"}],"replies":[{"embeddable":true,"href":"https:\/\/compus.deusto.es\/es\/wp-json\/wp\/v2\/comments?post=454"}],"version-history":[{"count":6,"href":"https:\/\/compus.deusto.es\/es\/wp-json\/wp\/v2\/pages\/454\/revisions"}],"predecessor-version":[{"id":1133,"href":"https:\/\/compus.deusto.es\/es\/wp-json\/wp\/v2\/pages\/454\/revisions\/1133"}],"wp:featuredmedia":[{"embeddable":true,"href":"https:\/\/compus.deusto.es\/es\/wp-json\/wp\/v2\/media\/123"}],"wp:attachment":[{"href":"https:\/\/compus.deusto.es\/es\/wp-json\/wp\/v2\/media?parent=454"}],"curies":[{"name":"wp","href":"https:\/\/api.w.org\/{rel}","templated":true}]}}