{"id":461,"date":"2018-11-21T13:22:49","date_gmt":"2018-11-21T12:22:49","guid":{"rendered":"https:\/\/compus.deusto.es\/universidad-de-deusto\/"},"modified":"2018-11-21T13:22:49","modified_gmt":"2018-11-21T12:22:49","slug":"universidad-de-deusto","status":"publish","type":"page","link":"https:\/\/compus.deusto.es\/es\/universidad-de-deusto\/","title":{"rendered":"Universidad de Deusto"},"content":{"rendered":"<p><img decoding=\"async\" class=\" wp-image-12924 alignleft\" src=\"https:\/\/misstohit.deusto.es\/wp-content\/uploads\/deusto-300x300.jpg\" alt=\"deusto\" width=\"206\" height=\"206\"><\/p>\n<p>Fundada en 1886 como una instituci\u00f3n de educaci\u00f3n superior y con una larga y establecida tradici\u00f3n, la Universidad de Deusto tiene una misi\u00f3n y objetivo educativo firmemente basados en la excelencia acad\u00e9mica y la responsabilidad social, con el objetivo de generar un crecimiento econ\u00f3mico sostenible y hacer contribuciones positivas hacia la construcci\u00f3n de sociedades m\u00e1s justas, inclusivas y humanas.<\/p>\n<blockquote><p>La excelencia acad\u00e9mica de la Universidad de Deusto se refleja en el compromiso con los m\u00e9todos innovadores de aprendizaje.<\/p><\/blockquote>\n<p>El grupo de investigaci\u00f3n de la Facultad de Ingenier\u00eda que coordina el proyecto COMPUS trabaja para mejorar el aprendizaje de disciplinas STEM y la ense\u00f1anza en contextos formales, no formales e informales. Desarrollamos proyectos de I + D destinados a mantener y aumentar el inter\u00e9s de los j\u00f3venes en estas \u00e1reas a trav\u00e9s de m\u00e9todos y herramientas innovadoras.<br \/>\n<em>*STEM = Science, Technology, Engineering, Maths<\/em><\/p>\n","protected":false},"excerpt":{"rendered":"<p>Fundada en 1886 como una instituci\u00f3n de educaci\u00f3n superior y con una larga y establecida tradici\u00f3n, la Universidad de Deusto tiene una misi\u00f3n y objetivo educativo firmemente basados en la excelencia acad\u00e9mica y la responsabilidad social, con el objetivo de generar un crecimiento econ\u00f3mico sostenible y hacer contribuciones positivas hacia<a class=\"moretag\" href=\"https:\/\/compus.deusto.es\/es\/universidad-de-deusto\/\"> Leer m\u00e1s<\/a><\/p>\n","protected":false},"author":4,"featured_media":0,"parent":0,"menu_order":0,"comment_status":"closed","ping_status":"closed","template":"","meta":{"_monsterinsights_skip_tracking":false,"_monsterinsights_sitenote_active":false,"_monsterinsights_sitenote_note":"","_monsterinsights_sitenote_category":0,"footnotes":""},"class_list":["post-461","page","type-page","status-publish","hentry"],"yoast_head":"<!-- This site is optimized with the Yoast SEO plugin v27.0 - https:\/\/yoast.com\/product\/yoast-seo-wordpress\/ -->\n<title>Universidad de Deusto - COMPUS<\/title>\n<meta name=\"robots\" content=\"index, follow, max-snippet:-1, max-image-preview:large, max-video-preview:-1\" \/>\n<link rel=\"canonical\" href=\"https:\/\/compus.deusto.es\/es\/universidad-de-deusto\/\" \/>\n<meta property=\"og:locale\" content=\"es_ES\" \/>\n<meta property=\"og:type\" content=\"article\" \/>\n<meta property=\"og:title\" content=\"Universidad de Deusto - COMPUS\" \/>\n<meta property=\"og:description\" content=\"Fundada en 1886 como una instituci\u00f3n de educaci\u00f3n superior y con una larga y establecida tradici\u00f3n, la Universidad de Deusto tiene una misi\u00f3n y objetivo educativo firmemente basados en la excelencia acad\u00e9mica y la responsabilidad social, con el objetivo de generar un crecimiento econ\u00f3mico sostenible y hacer contribuciones positivas hacia Leer m\u00e1s\" \/>\n<meta property=\"og:url\" content=\"https:\/\/compus.deusto.es\/es\/universidad-de-deusto\/\" \/>\n<meta property=\"og:site_name\" content=\"COMPUS\" \/>\n<meta property=\"og:image\" content=\"https:\/\/misstohit.deusto.es\/wp-content\/uploads\/deusto-300x300.jpg\" \/>\n<meta name=\"twitter:card\" content=\"summary_large_image\" \/>\n<meta name=\"twitter:label1\" content=\"Tiempo de lectura\" \/>\n\t<meta name=\"twitter:data1\" content=\"1 minuto\" \/>\n<script type=\"application\/ld+json\" class=\"yoast-schema-graph\">{\"@context\":\"https:\/\/schema.org\",\"@graph\":[{\"@type\":\"WebPage\",\"@id\":\"https:\/\/compus.deusto.es\/es\/universidad-de-deusto\/\",\"url\":\"https:\/\/compus.deusto.es\/es\/universidad-de-deusto\/\",\"name\":\"Universidad de Deusto - COMPUS\",\"isPartOf\":{\"@id\":\"https:\/\/compus.deusto.es\/#website\"},\"primaryImageOfPage\":{\"@id\":\"https:\/\/compus.deusto.es\/es\/universidad-de-deusto\/#primaryimage\"},\"image\":{\"@id\":\"https:\/\/compus.deusto.es\/es\/universidad-de-deusto\/#primaryimage\"},\"thumbnailUrl\":\"https:\/\/misstohit.deusto.es\/wp-content\/uploads\/deusto-300x300.jpg\",\"datePublished\":\"2018-11-21T12:22:49+00:00\",\"breadcrumb\":{\"@id\":\"https:\/\/compus.deusto.es\/es\/universidad-de-deusto\/#breadcrumb\"},\"inLanguage\":\"es\",\"potentialAction\":[{\"@type\":\"ReadAction\",\"target\":[\"https:\/\/compus.deusto.es\/es\/universidad-de-deusto\/\"]}]},{\"@type\":\"ImageObject\",\"inLanguage\":\"es\",\"@id\":\"https:\/\/compus.deusto.es\/es\/universidad-de-deusto\/#primaryimage\",\"url\":\"https:\/\/misstohit.deusto.es\/wp-content\/uploads\/deusto-300x300.jpg\",\"contentUrl\":\"https:\/\/misstohit.deusto.es\/wp-content\/uploads\/deusto-300x300.jpg\"},{\"@type\":\"BreadcrumbList\",\"@id\":\"https:\/\/compus.deusto.es\/es\/universidad-de-deusto\/#breadcrumb\",\"itemListElement\":[{\"@type\":\"ListItem\",\"position\":1,\"name\":\"Portada\",\"item\":\"https:\/\/compus.deusto.es\/es\/\"},{\"@type\":\"ListItem\",\"position\":2,\"name\":\"Universidad de Deusto\"}]},{\"@type\":\"WebSite\",\"@id\":\"https:\/\/compus.deusto.es\/#website\",\"url\":\"https:\/\/compus.deusto.es\/\",\"name\":\"COMPUS\",\"description\":\"COMPUS is a set of board games focused on the development of computational thinking.\",\"publisher\":{\"@id\":\"https:\/\/compus.deusto.es\/#organization\"},\"potentialAction\":[{\"@type\":\"SearchAction\",\"target\":{\"@type\":\"EntryPoint\",\"urlTemplate\":\"https:\/\/compus.deusto.es\/?s={search_term_string}\"},\"query-input\":{\"@type\":\"PropertyValueSpecification\",\"valueRequired\":true,\"valueName\":\"search_term_string\"}}],\"inLanguage\":\"es\"},{\"@type\":\"Organization\",\"@id\":\"https:\/\/compus.deusto.es\/#organization\",\"name\":\"University of Deusto\",\"url\":\"https:\/\/compus.deusto.es\/\",\"logo\":{\"@type\":\"ImageObject\",\"inLanguage\":\"es\",\"@id\":\"https:\/\/compus.deusto.es\/#\/schema\/logo\/image\/\",\"url\":\"https:\/\/compus.deusto.es\/wp-content\/uploads\/2021\/04\/compus-logo.png\",\"contentUrl\":\"https:\/\/compus.deusto.es\/wp-content\/uploads\/2021\/04\/compus-logo.png\",\"width\":600,\"height\":782,\"caption\":\"University of Deusto\"},\"image\":{\"@id\":\"https:\/\/compus.deusto.es\/#\/schema\/logo\/image\/\"}}]}<\/script>\n<!-- \/ Yoast SEO plugin. -->","yoast_head_json":{"title":"Universidad de Deusto - COMPUS","robots":{"index":"index","follow":"follow","max-snippet":"max-snippet:-1","max-image-preview":"max-image-preview:large","max-video-preview":"max-video-preview:-1"},"canonical":"https:\/\/compus.deusto.es\/es\/universidad-de-deusto\/","og_locale":"es_ES","og_type":"article","og_title":"Universidad de Deusto - COMPUS","og_description":"Fundada en 1886 como una instituci\u00f3n de educaci\u00f3n superior y con una larga y establecida tradici\u00f3n, la Universidad de Deusto tiene una misi\u00f3n y objetivo educativo firmemente basados en la excelencia acad\u00e9mica y la responsabilidad social, con el objetivo de generar un crecimiento econ\u00f3mico sostenible y hacer contribuciones positivas hacia Leer m\u00e1s","og_url":"https:\/\/compus.deusto.es\/es\/universidad-de-deusto\/","og_site_name":"COMPUS","og_image":[{"url":"https:\/\/misstohit.deusto.es\/wp-content\/uploads\/deusto-300x300.jpg","type":"","width":"","height":""}],"twitter_card":"summary_large_image","twitter_misc":{"Tiempo de lectura":"1 minuto"},"schema":{"@context":"https:\/\/schema.org","@graph":[{"@type":"WebPage","@id":"https:\/\/compus.deusto.es\/es\/universidad-de-deusto\/","url":"https:\/\/compus.deusto.es\/es\/universidad-de-deusto\/","name":"Universidad de Deusto - COMPUS","isPartOf":{"@id":"https:\/\/compus.deusto.es\/#website"},"primaryImageOfPage":{"@id":"https:\/\/compus.deusto.es\/es\/universidad-de-deusto\/#primaryimage"},"image":{"@id":"https:\/\/compus.deusto.es\/es\/universidad-de-deusto\/#primaryimage"},"thumbnailUrl":"https:\/\/misstohit.deusto.es\/wp-content\/uploads\/deusto-300x300.jpg","datePublished":"2018-11-21T12:22:49+00:00","breadcrumb":{"@id":"https:\/\/compus.deusto.es\/es\/universidad-de-deusto\/#breadcrumb"},"inLanguage":"es","potentialAction":[{"@type":"ReadAction","target":["https:\/\/compus.deusto.es\/es\/universidad-de-deusto\/"]}]},{"@type":"ImageObject","inLanguage":"es","@id":"https:\/\/compus.deusto.es\/es\/universidad-de-deusto\/#primaryimage","url":"https:\/\/misstohit.deusto.es\/wp-content\/uploads\/deusto-300x300.jpg","contentUrl":"https:\/\/misstohit.deusto.es\/wp-content\/uploads\/deusto-300x300.jpg"},{"@type":"BreadcrumbList","@id":"https:\/\/compus.deusto.es\/es\/universidad-de-deusto\/#breadcrumb","itemListElement":[{"@type":"ListItem","position":1,"name":"Portada","item":"https:\/\/compus.deusto.es\/es\/"},{"@type":"ListItem","position":2,"name":"Universidad de Deusto"}]},{"@type":"WebSite","@id":"https:\/\/compus.deusto.es\/#website","url":"https:\/\/compus.deusto.es\/","name":"COMPUS","description":"COMPUS is a set of board games focused on the development of computational thinking.","publisher":{"@id":"https:\/\/compus.deusto.es\/#organization"},"potentialAction":[{"@type":"SearchAction","target":{"@type":"EntryPoint","urlTemplate":"https:\/\/compus.deusto.es\/?s={search_term_string}"},"query-input":{"@type":"PropertyValueSpecification","valueRequired":true,"valueName":"search_term_string"}}],"inLanguage":"es"},{"@type":"Organization","@id":"https:\/\/compus.deusto.es\/#organization","name":"University of Deusto","url":"https:\/\/compus.deusto.es\/","logo":{"@type":"ImageObject","inLanguage":"es","@id":"https:\/\/compus.deusto.es\/#\/schema\/logo\/image\/","url":"https:\/\/compus.deusto.es\/wp-content\/uploads\/2021\/04\/compus-logo.png","contentUrl":"https:\/\/compus.deusto.es\/wp-content\/uploads\/2021\/04\/compus-logo.png","width":600,"height":782,"caption":"University of Deusto"},"image":{"@id":"https:\/\/compus.deusto.es\/#\/schema\/logo\/image\/"}}]}},"_links":{"self":[{"href":"https:\/\/compus.deusto.es\/es\/wp-json\/wp\/v2\/pages\/461","targetHints":{"allow":["GET"]}}],"collection":[{"href":"https:\/\/compus.deusto.es\/es\/wp-json\/wp\/v2\/pages"}],"about":[{"href":"https:\/\/compus.deusto.es\/es\/wp-json\/wp\/v2\/types\/page"}],"author":[{"embeddable":true,"href":"https:\/\/compus.deusto.es\/es\/wp-json\/wp\/v2\/users\/4"}],"replies":[{"embeddable":true,"href":"https:\/\/compus.deusto.es\/es\/wp-json\/wp\/v2\/comments?post=461"}],"version-history":[{"count":0,"href":"https:\/\/compus.deusto.es\/es\/wp-json\/wp\/v2\/pages\/461\/revisions"}],"wp:attachment":[{"href":"https:\/\/compus.deusto.es\/es\/wp-json\/wp\/v2\/media?parent=461"}],"curies":[{"name":"wp","href":"https:\/\/api.w.org\/{rel}","templated":true}]}}