{"id":464,"date":"2019-03-29T13:56:00","date_gmt":"2019-03-29T12:56:00","guid":{"rendered":"https:\/\/compus.deusto.es\/esclavas-sc-fatima-school\/"},"modified":"2019-03-29T13:56:00","modified_gmt":"2019-03-29T12:56:00","slug":"esclavas-sc-fatima-school","status":"publish","type":"page","link":"https:\/\/compus.deusto.es\/es\/esclavas-sc-fatima-school\/","title":{"rendered":"Esclavas SC-Fatima School"},"content":{"rendered":"<p><img decoding=\"async\" class=\"wp-image-12924 alignleft\" src=\"https:\/\/compus.deusto.es\/wp-content\/uploads\/2019\/03\/logo-aci.png\" alt=\"deusto\" width=\"206\" height=\"206\" \/><\/p>\n<p>Esclavas SC-Fatima es un centro educativo perteneciente a la \u00abFUNDACION EDUCATIVA ACI\u00bb constituida el 20 de diciembre de 2012. En septiembre de 2013, todas las escuelas espa\u00f1olas formaron parte de ella.<\/p>\n<p>Tenemos dos escuelas en Bilbao: F\u00e1tima y T\u00edboli. Durante el a\u00f1o 2017\/18 hay una cantidad total de 803 estudiantes y 52 maestros. Somos una escuela cristiana subvencionada que ofrece una educaci\u00f3n integral a estudiantes de 2 a 18 a\u00f1os. Tenemos dos clases por nivel y ofrecemos una educaci\u00f3n triling\u00fce en euskera, ingl\u00e9s y espa\u00f1ol, desde el a\u00f1o 2010\/11. Creemos en el alumno como protagonista de su maduraci\u00f3n y en su aprendizaje, por lo que la ayuda personal de los profesores ocupa un lugar importante.<\/p>\n<p>Nuestra administraci\u00f3n utiliza el modelo europeo de gesti\u00f3n de calidad EFQM, que obtuvo la certificaci\u00f3n Silver Q en 2009.<\/p>\n<blockquote><p>Somos una escuela de innovaci\u00f3n que se distingue por priorizar el acompa\u00f1amiento de cada estudiante en su maduraci\u00f3n personal, acad\u00e9mica y espiritual.<\/p><\/blockquote>\n<p>Somos una escuela de innovaci\u00f3n que se distingue por priorizar el acompa\u00f1amiento de cada estudiante en su maduraci\u00f3n personal, acad\u00e9mica y espiritual, para que las personas se comprometan con el mejoramiento de la sociedad y puedan comunicarse en una variedad de entornos y adaptarse a los cambios.<\/p>\n<p>Contamos con un equipo de personas creativas, con capacidad para adaptarse a los cambios, involucrados en una gesti\u00f3n compartida de la escuela. Actualmente, fieles a nuestro esp\u00edritu de innovaci\u00f3n, trabajamos en ciertos temas de ciencias sociales, ciencias naturales y euskera mediante proyectos.<\/p>\n<p>Contamos con experiencia en la metodolog\u00eda de ingl\u00e9s CIM que trabaja diferentes contenidos de las \u00e1reas curriculares como Ciencia, Arte, Matem\u00e1ticas, Historia por medio del ingl\u00e9s, con resultados muy satisfactorios.<\/p>\n","protected":false},"excerpt":{"rendered":"<p>Esclavas SC-Fatima es un centro educativo perteneciente a la \u00abFUNDACION EDUCATIVA ACI\u00bb constituida el 20 de diciembre de 2012. En septiembre de 2013, todas las escuelas espa\u00f1olas formaron parte de ella. Tenemos dos escuelas en Bilbao: F\u00e1tima y T\u00edboli. Durante el a\u00f1o 2017\/18 hay una cantidad total de 803 estudiantes<a class=\"moretag\" href=\"https:\/\/compus.deusto.es\/es\/esclavas-sc-fatima-school\/\"> Leer m\u00e1s<\/a><\/p>\n","protected":false},"author":4,"featured_media":0,"parent":0,"menu_order":0,"comment_status":"closed","ping_status":"closed","template":"","meta":{"_monsterinsights_skip_tracking":false,"_monsterinsights_sitenote_active":false,"_monsterinsights_sitenote_note":"","_monsterinsights_sitenote_category":0,"footnotes":""},"class_list":["post-464","page","type-page","status-publish","hentry"],"yoast_head":"<!-- This site is optimized with the Yoast SEO plugin v27.0 - https:\/\/yoast.com\/product\/yoast-seo-wordpress\/ -->\n<title>Esclavas SC-Fatima School - COMPUS<\/title>\n<meta name=\"robots\" content=\"index, follow, max-snippet:-1, max-image-preview:large, max-video-preview:-1\" \/>\n<link rel=\"canonical\" href=\"https:\/\/compus.deusto.es\/es\/esclavas-sc-fatima-school\/\" \/>\n<meta property=\"og:locale\" content=\"es_ES\" \/>\n<meta property=\"og:type\" content=\"article\" \/>\n<meta property=\"og:title\" content=\"Esclavas SC-Fatima School - COMPUS\" \/>\n<meta property=\"og:description\" content=\"Esclavas SC-Fatima es un centro educativo perteneciente a la \u00abFUNDACION EDUCATIVA ACI\u00bb constituida el 20 de diciembre de 2012. En septiembre de 2013, todas las escuelas espa\u00f1olas formaron parte de ella. Tenemos dos escuelas en Bilbao: F\u00e1tima y T\u00edboli. Durante el a\u00f1o 2017\/18 hay una cantidad total de 803 estudiantes Leer m\u00e1s\" \/>\n<meta property=\"og:url\" content=\"https:\/\/compus.deusto.es\/es\/esclavas-sc-fatima-school\/\" \/>\n<meta property=\"og:site_name\" content=\"COMPUS\" \/>\n<meta property=\"og:image\" content=\"https:\/\/compus.deusto.es\/wp-content\/uploads\/2019\/03\/logo-aci.png\" \/>\n<meta name=\"twitter:card\" content=\"summary_large_image\" \/>\n<meta name=\"twitter:label1\" content=\"Tiempo de lectura\" \/>\n\t<meta name=\"twitter:data1\" content=\"1 minuto\" \/>\n<script type=\"application\/ld+json\" class=\"yoast-schema-graph\">{\"@context\":\"https:\/\/schema.org\",\"@graph\":[{\"@type\":\"WebPage\",\"@id\":\"https:\/\/compus.deusto.es\/es\/esclavas-sc-fatima-school\/\",\"url\":\"https:\/\/compus.deusto.es\/es\/esclavas-sc-fatima-school\/\",\"name\":\"Esclavas SC-Fatima School - COMPUS\",\"isPartOf\":{\"@id\":\"https:\/\/compus.deusto.es\/#website\"},\"primaryImageOfPage\":{\"@id\":\"https:\/\/compus.deusto.es\/es\/esclavas-sc-fatima-school\/#primaryimage\"},\"image\":{\"@id\":\"https:\/\/compus.deusto.es\/es\/esclavas-sc-fatima-school\/#primaryimage\"},\"thumbnailUrl\":\"https:\/\/compus.deusto.es\/wp-content\/uploads\/2019\/03\/logo-aci.png\",\"datePublished\":\"2019-03-29T12:56:00+00:00\",\"breadcrumb\":{\"@id\":\"https:\/\/compus.deusto.es\/es\/esclavas-sc-fatima-school\/#breadcrumb\"},\"inLanguage\":\"es\",\"potentialAction\":[{\"@type\":\"ReadAction\",\"target\":[\"https:\/\/compus.deusto.es\/es\/esclavas-sc-fatima-school\/\"]}]},{\"@type\":\"ImageObject\",\"inLanguage\":\"es\",\"@id\":\"https:\/\/compus.deusto.es\/es\/esclavas-sc-fatima-school\/#primaryimage\",\"url\":\"https:\/\/compus.deusto.es\/wp-content\/uploads\/2019\/03\/logo-aci.png\",\"contentUrl\":\"https:\/\/compus.deusto.es\/wp-content\/uploads\/2019\/03\/logo-aci.png\"},{\"@type\":\"BreadcrumbList\",\"@id\":\"https:\/\/compus.deusto.es\/es\/esclavas-sc-fatima-school\/#breadcrumb\",\"itemListElement\":[{\"@type\":\"ListItem\",\"position\":1,\"name\":\"Portada\",\"item\":\"https:\/\/compus.deusto.es\/es\/\"},{\"@type\":\"ListItem\",\"position\":2,\"name\":\"Esclavas SC-Fatima School\"}]},{\"@type\":\"WebSite\",\"@id\":\"https:\/\/compus.deusto.es\/#website\",\"url\":\"https:\/\/compus.deusto.es\/\",\"name\":\"COMPUS\",\"description\":\"COMPUS is a set of board games focused on the development of computational thinking.\",\"publisher\":{\"@id\":\"https:\/\/compus.deusto.es\/#organization\"},\"potentialAction\":[{\"@type\":\"SearchAction\",\"target\":{\"@type\":\"EntryPoint\",\"urlTemplate\":\"https:\/\/compus.deusto.es\/?s={search_term_string}\"},\"query-input\":{\"@type\":\"PropertyValueSpecification\",\"valueRequired\":true,\"valueName\":\"search_term_string\"}}],\"inLanguage\":\"es\"},{\"@type\":\"Organization\",\"@id\":\"https:\/\/compus.deusto.es\/#organization\",\"name\":\"University of Deusto\",\"url\":\"https:\/\/compus.deusto.es\/\",\"logo\":{\"@type\":\"ImageObject\",\"inLanguage\":\"es\",\"@id\":\"https:\/\/compus.deusto.es\/#\/schema\/logo\/image\/\",\"url\":\"https:\/\/compus.deusto.es\/wp-content\/uploads\/2021\/04\/compus-logo.png\",\"contentUrl\":\"https:\/\/compus.deusto.es\/wp-content\/uploads\/2021\/04\/compus-logo.png\",\"width\":600,\"height\":782,\"caption\":\"University of Deusto\"},\"image\":{\"@id\":\"https:\/\/compus.deusto.es\/#\/schema\/logo\/image\/\"}}]}<\/script>\n<!-- \/ Yoast SEO plugin. -->","yoast_head_json":{"title":"Esclavas SC-Fatima School - COMPUS","robots":{"index":"index","follow":"follow","max-snippet":"max-snippet:-1","max-image-preview":"max-image-preview:large","max-video-preview":"max-video-preview:-1"},"canonical":"https:\/\/compus.deusto.es\/es\/esclavas-sc-fatima-school\/","og_locale":"es_ES","og_type":"article","og_title":"Esclavas SC-Fatima School - COMPUS","og_description":"Esclavas SC-Fatima es un centro educativo perteneciente a la \u00abFUNDACION EDUCATIVA ACI\u00bb constituida el 20 de diciembre de 2012. En septiembre de 2013, todas las escuelas espa\u00f1olas formaron parte de ella. Tenemos dos escuelas en Bilbao: F\u00e1tima y T\u00edboli. Durante el a\u00f1o 2017\/18 hay una cantidad total de 803 estudiantes Leer m\u00e1s","og_url":"https:\/\/compus.deusto.es\/es\/esclavas-sc-fatima-school\/","og_site_name":"COMPUS","og_image":[{"url":"https:\/\/compus.deusto.es\/wp-content\/uploads\/2019\/03\/logo-aci.png","type":"","width":"","height":""}],"twitter_card":"summary_large_image","twitter_misc":{"Tiempo de lectura":"1 minuto"},"schema":{"@context":"https:\/\/schema.org","@graph":[{"@type":"WebPage","@id":"https:\/\/compus.deusto.es\/es\/esclavas-sc-fatima-school\/","url":"https:\/\/compus.deusto.es\/es\/esclavas-sc-fatima-school\/","name":"Esclavas SC-Fatima School - COMPUS","isPartOf":{"@id":"https:\/\/compus.deusto.es\/#website"},"primaryImageOfPage":{"@id":"https:\/\/compus.deusto.es\/es\/esclavas-sc-fatima-school\/#primaryimage"},"image":{"@id":"https:\/\/compus.deusto.es\/es\/esclavas-sc-fatima-school\/#primaryimage"},"thumbnailUrl":"https:\/\/compus.deusto.es\/wp-content\/uploads\/2019\/03\/logo-aci.png","datePublished":"2019-03-29T12:56:00+00:00","breadcrumb":{"@id":"https:\/\/compus.deusto.es\/es\/esclavas-sc-fatima-school\/#breadcrumb"},"inLanguage":"es","potentialAction":[{"@type":"ReadAction","target":["https:\/\/compus.deusto.es\/es\/esclavas-sc-fatima-school\/"]}]},{"@type":"ImageObject","inLanguage":"es","@id":"https:\/\/compus.deusto.es\/es\/esclavas-sc-fatima-school\/#primaryimage","url":"https:\/\/compus.deusto.es\/wp-content\/uploads\/2019\/03\/logo-aci.png","contentUrl":"https:\/\/compus.deusto.es\/wp-content\/uploads\/2019\/03\/logo-aci.png"},{"@type":"BreadcrumbList","@id":"https:\/\/compus.deusto.es\/es\/esclavas-sc-fatima-school\/#breadcrumb","itemListElement":[{"@type":"ListItem","position":1,"name":"Portada","item":"https:\/\/compus.deusto.es\/es\/"},{"@type":"ListItem","position":2,"name":"Esclavas SC-Fatima School"}]},{"@type":"WebSite","@id":"https:\/\/compus.deusto.es\/#website","url":"https:\/\/compus.deusto.es\/","name":"COMPUS","description":"COMPUS is a set of board games focused on the development of computational thinking.","publisher":{"@id":"https:\/\/compus.deusto.es\/#organization"},"potentialAction":[{"@type":"SearchAction","target":{"@type":"EntryPoint","urlTemplate":"https:\/\/compus.deusto.es\/?s={search_term_string}"},"query-input":{"@type":"PropertyValueSpecification","valueRequired":true,"valueName":"search_term_string"}}],"inLanguage":"es"},{"@type":"Organization","@id":"https:\/\/compus.deusto.es\/#organization","name":"University of Deusto","url":"https:\/\/compus.deusto.es\/","logo":{"@type":"ImageObject","inLanguage":"es","@id":"https:\/\/compus.deusto.es\/#\/schema\/logo\/image\/","url":"https:\/\/compus.deusto.es\/wp-content\/uploads\/2021\/04\/compus-logo.png","contentUrl":"https:\/\/compus.deusto.es\/wp-content\/uploads\/2021\/04\/compus-logo.png","width":600,"height":782,"caption":"University of Deusto"},"image":{"@id":"https:\/\/compus.deusto.es\/#\/schema\/logo\/image\/"}}]}},"_links":{"self":[{"href":"https:\/\/compus.deusto.es\/es\/wp-json\/wp\/v2\/pages\/464","targetHints":{"allow":["GET"]}}],"collection":[{"href":"https:\/\/compus.deusto.es\/es\/wp-json\/wp\/v2\/pages"}],"about":[{"href":"https:\/\/compus.deusto.es\/es\/wp-json\/wp\/v2\/types\/page"}],"author":[{"embeddable":true,"href":"https:\/\/compus.deusto.es\/es\/wp-json\/wp\/v2\/users\/4"}],"replies":[{"embeddable":true,"href":"https:\/\/compus.deusto.es\/es\/wp-json\/wp\/v2\/comments?post=464"}],"version-history":[{"count":0,"href":"https:\/\/compus.deusto.es\/es\/wp-json\/wp\/v2\/pages\/464\/revisions"}],"wp:attachment":[{"href":"https:\/\/compus.deusto.es\/es\/wp-json\/wp\/v2\/media?parent=464"}],"curies":[{"name":"wp","href":"https:\/\/api.w.org\/{rel}","templated":true}]}}