{"id":473,"date":"2019-04-01T10:45:26","date_gmt":"2019-04-01T08:45:26","guid":{"rendered":"https:\/\/compus.deusto.es\/oeiizk\/"},"modified":"2019-04-01T10:45:26","modified_gmt":"2019-04-01T08:45:26","slug":"oeiizk","status":"publish","type":"page","link":"https:\/\/compus.deusto.es\/es\/oeiizk\/","title":{"rendered":"OEIiZK"},"content":{"rendered":"<p><img decoding=\"async\" class=\"wp-image-12924 alignleft\" src=\"https:\/\/compus.deusto.es\/wp-content\/uploads\/2019\/03\/logo-oeiizk.png\" alt=\"OEIiZK\" width=\"206\" height=\"206\" \/><\/p>\n<p>El Centro de Educaci\u00f3n e Inform\u00e1tica Asistido por Computadora en Varsovia (O\u015brodek Edukacji Informatycznej i Zastosowa\u0144 Komputer\u00f3w w Warszawie, OEIiZK) es una instituci\u00f3n p\u00fablica para la formaci\u00f3n de docentes en servicio administrada por el gobierno local de la provincia de Mazovian. Comenzamos nuestras actividades en 1991. Nuestro objetivo es mejorar y apoyar a los maestros en el campo de la educaci\u00f3n asistida por computadora y las aplicaciones educativas de la tecnolog\u00eda de la informaci\u00f3n.<\/p>\n<p>Nuestro equipo pedag\u00f3gico est\u00e1 formado por veinticinco profesores-consultores altamente calificados para quienes la inform\u00e1tica y la tecnolog\u00eda de la informaci\u00f3n en la escuela son el campo de la actividad profesional. Los profesores &#8211; consultores han creado versiones polacas de los programas: Logomocja (versi\u00f3n polaca del Imagine-Logo), Algo-Pascal para Windows, Modellus 2.5 PL, Coach 6, Dataloging Insight.<\/p>\n<div class=\"page\" title=\"Page 18\">\n<div class=\"section\">\n<div class=\"layoutArea\">\n<div class=\"column\">\n<p><span>Desarrollamos e implementamos nuevos m\u00e9todos de ense\u00f1anza, programas de mejora y educaci\u00f3n adicional, equipos de ense\u00f1anza, publicaciones de metodolog\u00eda, inform\u00e1tica y herramientas de TIC para el aprendizaje y la ense\u00f1anza.. <\/span><\/p>\n<p><span>Una de nuestra actividad principal es la realizaci\u00f3n de cursos de formaci\u00f3n. Los participantes de nuestros cursos son: directores, asesores metodol\u00f3gicos, bibliotecarios, profesores de inform\u00e1tica, tecnolog\u00eda de la informaci\u00f3n y otros temas en diversos tipos de escuelas. Capacitamos a aproximadamente 5,000 estudiantes cada a\u00f1o. <\/span><\/p>\n<\/div>\n<\/div>\n<\/div>\n<\/div>\n","protected":false},"excerpt":{"rendered":"<p>El Centro de Educaci\u00f3n e Inform\u00e1tica Asistido por Computadora en Varsovia (O\u015brodek Edukacji Informatycznej i Zastosowa\u0144 Komputer\u00f3w w Warszawie, OEIiZK) es una instituci\u00f3n p\u00fablica para la formaci\u00f3n de docentes en servicio administrada por el gobierno local de la provincia de Mazovian. Comenzamos nuestras actividades en 1991. Nuestro objetivo es mejorar<a class=\"moretag\" href=\"https:\/\/compus.deusto.es\/es\/oeiizk\/\"> Leer m\u00e1s<\/a><\/p>\n","protected":false},"author":4,"featured_media":0,"parent":0,"menu_order":0,"comment_status":"closed","ping_status":"closed","template":"","meta":{"_monsterinsights_skip_tracking":false,"_monsterinsights_sitenote_active":false,"_monsterinsights_sitenote_note":"","_monsterinsights_sitenote_category":0,"footnotes":""},"class_list":["post-473","page","type-page","status-publish","hentry"],"yoast_head":"<!-- This site is optimized with the Yoast SEO plugin v27.0 - https:\/\/yoast.com\/product\/yoast-seo-wordpress\/ -->\n<title>OEIiZK - COMPUS<\/title>\n<meta name=\"robots\" content=\"index, follow, max-snippet:-1, max-image-preview:large, max-video-preview:-1\" \/>\n<link rel=\"canonical\" href=\"https:\/\/compus.deusto.es\/es\/oeiizk\/\" \/>\n<meta property=\"og:locale\" content=\"es_ES\" \/>\n<meta property=\"og:type\" content=\"article\" \/>\n<meta property=\"og:title\" content=\"OEIiZK - COMPUS\" \/>\n<meta property=\"og:description\" content=\"El Centro de Educaci\u00f3n e Inform\u00e1tica Asistido por Computadora en Varsovia (O\u015brodek Edukacji Informatycznej i Zastosowa\u0144 Komputer\u00f3w w Warszawie, OEIiZK) es una instituci\u00f3n p\u00fablica para la formaci\u00f3n de docentes en servicio administrada por el gobierno local de la provincia de Mazovian. Comenzamos nuestras actividades en 1991. Nuestro objetivo es mejorar Leer m\u00e1s\" \/>\n<meta property=\"og:url\" content=\"https:\/\/compus.deusto.es\/es\/oeiizk\/\" \/>\n<meta property=\"og:site_name\" content=\"COMPUS\" \/>\n<meta property=\"og:image\" content=\"https:\/\/compus.deusto.es\/wp-content\/uploads\/2019\/03\/logo-oeiizk.png\" \/>\n<meta name=\"twitter:card\" content=\"summary_large_image\" \/>\n<meta name=\"twitter:label1\" content=\"Tiempo de lectura\" \/>\n\t<meta name=\"twitter:data1\" content=\"1 minuto\" \/>\n<script type=\"application\/ld+json\" class=\"yoast-schema-graph\">{\"@context\":\"https:\/\/schema.org\",\"@graph\":[{\"@type\":\"WebPage\",\"@id\":\"https:\/\/compus.deusto.es\/es\/oeiizk\/\",\"url\":\"https:\/\/compus.deusto.es\/es\/oeiizk\/\",\"name\":\"OEIiZK - COMPUS\",\"isPartOf\":{\"@id\":\"https:\/\/compus.deusto.es\/#website\"},\"primaryImageOfPage\":{\"@id\":\"https:\/\/compus.deusto.es\/es\/oeiizk\/#primaryimage\"},\"image\":{\"@id\":\"https:\/\/compus.deusto.es\/es\/oeiizk\/#primaryimage\"},\"thumbnailUrl\":\"https:\/\/compus.deusto.es\/wp-content\/uploads\/2019\/03\/logo-oeiizk.png\",\"datePublished\":\"2019-04-01T08:45:26+00:00\",\"breadcrumb\":{\"@id\":\"https:\/\/compus.deusto.es\/es\/oeiizk\/#breadcrumb\"},\"inLanguage\":\"es\",\"potentialAction\":[{\"@type\":\"ReadAction\",\"target\":[\"https:\/\/compus.deusto.es\/es\/oeiizk\/\"]}]},{\"@type\":\"ImageObject\",\"inLanguage\":\"es\",\"@id\":\"https:\/\/compus.deusto.es\/es\/oeiizk\/#primaryimage\",\"url\":\"https:\/\/compus.deusto.es\/wp-content\/uploads\/2019\/03\/logo-oeiizk.png\",\"contentUrl\":\"https:\/\/compus.deusto.es\/wp-content\/uploads\/2019\/03\/logo-oeiizk.png\"},{\"@type\":\"BreadcrumbList\",\"@id\":\"https:\/\/compus.deusto.es\/es\/oeiizk\/#breadcrumb\",\"itemListElement\":[{\"@type\":\"ListItem\",\"position\":1,\"name\":\"Portada\",\"item\":\"https:\/\/compus.deusto.es\/es\/\"},{\"@type\":\"ListItem\",\"position\":2,\"name\":\"OEIiZK\"}]},{\"@type\":\"WebSite\",\"@id\":\"https:\/\/compus.deusto.es\/#website\",\"url\":\"https:\/\/compus.deusto.es\/\",\"name\":\"COMPUS\",\"description\":\"COMPUS is a set of board games focused on the development of computational thinking.\",\"publisher\":{\"@id\":\"https:\/\/compus.deusto.es\/#organization\"},\"potentialAction\":[{\"@type\":\"SearchAction\",\"target\":{\"@type\":\"EntryPoint\",\"urlTemplate\":\"https:\/\/compus.deusto.es\/?s={search_term_string}\"},\"query-input\":{\"@type\":\"PropertyValueSpecification\",\"valueRequired\":true,\"valueName\":\"search_term_string\"}}],\"inLanguage\":\"es\"},{\"@type\":\"Organization\",\"@id\":\"https:\/\/compus.deusto.es\/#organization\",\"name\":\"University of Deusto\",\"url\":\"https:\/\/compus.deusto.es\/\",\"logo\":{\"@type\":\"ImageObject\",\"inLanguage\":\"es\",\"@id\":\"https:\/\/compus.deusto.es\/#\/schema\/logo\/image\/\",\"url\":\"https:\/\/compus.deusto.es\/wp-content\/uploads\/2021\/04\/compus-logo.png\",\"contentUrl\":\"https:\/\/compus.deusto.es\/wp-content\/uploads\/2021\/04\/compus-logo.png\",\"width\":600,\"height\":782,\"caption\":\"University of Deusto\"},\"image\":{\"@id\":\"https:\/\/compus.deusto.es\/#\/schema\/logo\/image\/\"}}]}<\/script>\n<!-- \/ Yoast SEO plugin. -->","yoast_head_json":{"title":"OEIiZK - COMPUS","robots":{"index":"index","follow":"follow","max-snippet":"max-snippet:-1","max-image-preview":"max-image-preview:large","max-video-preview":"max-video-preview:-1"},"canonical":"https:\/\/compus.deusto.es\/es\/oeiizk\/","og_locale":"es_ES","og_type":"article","og_title":"OEIiZK - COMPUS","og_description":"El Centro de Educaci\u00f3n e Inform\u00e1tica Asistido por Computadora en Varsovia (O\u015brodek Edukacji Informatycznej i Zastosowa\u0144 Komputer\u00f3w w Warszawie, OEIiZK) es una instituci\u00f3n p\u00fablica para la formaci\u00f3n de docentes en servicio administrada por el gobierno local de la provincia de Mazovian. Comenzamos nuestras actividades en 1991. Nuestro objetivo es mejorar Leer m\u00e1s","og_url":"https:\/\/compus.deusto.es\/es\/oeiizk\/","og_site_name":"COMPUS","og_image":[{"url":"https:\/\/compus.deusto.es\/wp-content\/uploads\/2019\/03\/logo-oeiizk.png","type":"","width":"","height":""}],"twitter_card":"summary_large_image","twitter_misc":{"Tiempo de lectura":"1 minuto"},"schema":{"@context":"https:\/\/schema.org","@graph":[{"@type":"WebPage","@id":"https:\/\/compus.deusto.es\/es\/oeiizk\/","url":"https:\/\/compus.deusto.es\/es\/oeiizk\/","name":"OEIiZK - COMPUS","isPartOf":{"@id":"https:\/\/compus.deusto.es\/#website"},"primaryImageOfPage":{"@id":"https:\/\/compus.deusto.es\/es\/oeiizk\/#primaryimage"},"image":{"@id":"https:\/\/compus.deusto.es\/es\/oeiizk\/#primaryimage"},"thumbnailUrl":"https:\/\/compus.deusto.es\/wp-content\/uploads\/2019\/03\/logo-oeiizk.png","datePublished":"2019-04-01T08:45:26+00:00","breadcrumb":{"@id":"https:\/\/compus.deusto.es\/es\/oeiizk\/#breadcrumb"},"inLanguage":"es","potentialAction":[{"@type":"ReadAction","target":["https:\/\/compus.deusto.es\/es\/oeiizk\/"]}]},{"@type":"ImageObject","inLanguage":"es","@id":"https:\/\/compus.deusto.es\/es\/oeiizk\/#primaryimage","url":"https:\/\/compus.deusto.es\/wp-content\/uploads\/2019\/03\/logo-oeiizk.png","contentUrl":"https:\/\/compus.deusto.es\/wp-content\/uploads\/2019\/03\/logo-oeiizk.png"},{"@type":"BreadcrumbList","@id":"https:\/\/compus.deusto.es\/es\/oeiizk\/#breadcrumb","itemListElement":[{"@type":"ListItem","position":1,"name":"Portada","item":"https:\/\/compus.deusto.es\/es\/"},{"@type":"ListItem","position":2,"name":"OEIiZK"}]},{"@type":"WebSite","@id":"https:\/\/compus.deusto.es\/#website","url":"https:\/\/compus.deusto.es\/","name":"COMPUS","description":"COMPUS is a set of board games focused on the development of computational thinking.","publisher":{"@id":"https:\/\/compus.deusto.es\/#organization"},"potentialAction":[{"@type":"SearchAction","target":{"@type":"EntryPoint","urlTemplate":"https:\/\/compus.deusto.es\/?s={search_term_string}"},"query-input":{"@type":"PropertyValueSpecification","valueRequired":true,"valueName":"search_term_string"}}],"inLanguage":"es"},{"@type":"Organization","@id":"https:\/\/compus.deusto.es\/#organization","name":"University of Deusto","url":"https:\/\/compus.deusto.es\/","logo":{"@type":"ImageObject","inLanguage":"es","@id":"https:\/\/compus.deusto.es\/#\/schema\/logo\/image\/","url":"https:\/\/compus.deusto.es\/wp-content\/uploads\/2021\/04\/compus-logo.png","contentUrl":"https:\/\/compus.deusto.es\/wp-content\/uploads\/2021\/04\/compus-logo.png","width":600,"height":782,"caption":"University of Deusto"},"image":{"@id":"https:\/\/compus.deusto.es\/#\/schema\/logo\/image\/"}}]}},"_links":{"self":[{"href":"https:\/\/compus.deusto.es\/es\/wp-json\/wp\/v2\/pages\/473","targetHints":{"allow":["GET"]}}],"collection":[{"href":"https:\/\/compus.deusto.es\/es\/wp-json\/wp\/v2\/pages"}],"about":[{"href":"https:\/\/compus.deusto.es\/es\/wp-json\/wp\/v2\/types\/page"}],"author":[{"embeddable":true,"href":"https:\/\/compus.deusto.es\/es\/wp-json\/wp\/v2\/users\/4"}],"replies":[{"embeddable":true,"href":"https:\/\/compus.deusto.es\/es\/wp-json\/wp\/v2\/comments?post=473"}],"version-history":[{"count":1,"href":"https:\/\/compus.deusto.es\/es\/wp-json\/wp\/v2\/pages\/473\/revisions"}],"predecessor-version":[{"id":1159,"href":"https:\/\/compus.deusto.es\/es\/wp-json\/wp\/v2\/pages\/473\/revisions\/1159"}],"wp:attachment":[{"href":"https:\/\/compus.deusto.es\/es\/wp-json\/wp\/v2\/media?parent=473"}],"curies":[{"name":"wp","href":"https:\/\/api.w.org\/{rel}","templated":true}]}}