{"id":981,"date":"2021-01-28T10:18:41","date_gmt":"2021-01-28T09:18:41","guid":{"rendered":"https:\/\/compus.deusto.es\/?page_id=981"},"modified":"2022-11-16T16:45:18","modified_gmt":"2022-11-16T15:45:18","slug":"nand","status":"publish","type":"page","link":"https:\/\/compus.deusto.es\/es\/nand\/","title":{"rendered":"Arqueras de Nand"},"content":{"rendered":"\n<div class=\"wp-block-themeisle-blocks-advanced-columns has-1-columns has-desktop-equal-layout has-tablet-equal-layout has-mobile-equal-layout has-default-gap has-vertical-unset\" id=\"wp-block-themeisle-blocks-advanced-columns-e22f6a34\"><div class=\"wp-block-themeisle-blocks-advanced-columns-overlay\"><\/div><div class=\"innerblocks-wrap\">\n<div class=\"wp-block-themeisle-blocks-advanced-column\" id=\"wp-block-themeisle-blocks-advanced-column-712885d9\">\n<article class=\"feature left\">\n<div class=\"content\">\n<h2>\u00bfQU\u00c9 ES ARQUERAS DE NAND?<\/h2>\n<p><span class=\"image\"><img fetchpriority=\"high\" decoding=\"async\" src=\"https:\/\/compus.deusto.es\/wp-content\/uploads\/2021\/01\/arqueras_titulo-1-1024x496.png\" alt=\"\" width=\"750\" height=\"363\" class=\"alignnone wp-image-988 size-large\" srcset=\"https:\/\/compus.deusto.es\/wp-content\/uploads\/2021\/01\/arqueras_titulo-1-1024x496.png 1024w, https:\/\/compus.deusto.es\/wp-content\/uploads\/2021\/01\/arqueras_titulo-1-300x145.png 300w, https:\/\/compus.deusto.es\/wp-content\/uploads\/2021\/01\/arqueras_titulo-1-768x372.png 768w, https:\/\/compus.deusto.es\/wp-content\/uploads\/2021\/01\/arqueras_titulo-1.png 1082w\" sizes=\"(max-width: 750px) 100vw, 750px\" \/><\/span><\/p>\n<p><em>El Valle de Nand est\u00e1 siendo invadido por hordas salvajes de orcos. Mientras los guerreros locales pierden la batalla cuerpo a cuerpo, las arqueras de Nand aprovechan la altura de sus monta\u00f1as para diezmar las tropas enemigas. En este juego, tendr\u00e1s que decidir c\u00f3mo proteger el valle gracias a la acci\u00f3n combinada de los guerreros y las arqueras de Nand antes de que los orcos lo destruyan todo.<\/em><\/p>\n<p><strong>ARQUERAS DE NAND<\/strong> es un juego con el que aprender\u00e1s los fundamentos b\u00e1sicos de las bases de datos (el Valle de Nand es una peque\u00f1a tabla de datos donde seleccionaremos parcialmente sus regiones para atacar a los orcos).<\/p>\n<\/div>\n<\/article>\n<article class=\"feature right\"><span class=\"image\"><img decoding=\"async\" src=\"https:\/\/compus.deusto.es\/wp-content\/uploads\/2021\/01\/arqueras_juego-1024x661.png\" alt=\"\" width=\"750\" height=\"484\" class=\"alignnone wp-image-998 size-large\" srcset=\"https:\/\/compus.deusto.es\/wp-content\/uploads\/2021\/01\/arqueras_juego-1024x661.png 1024w, https:\/\/compus.deusto.es\/wp-content\/uploads\/2021\/01\/arqueras_juego-300x194.png 300w, https:\/\/compus.deusto.es\/wp-content\/uploads\/2021\/01\/arqueras_juego-768x496.png 768w, https:\/\/compus.deusto.es\/wp-content\/uploads\/2021\/01\/arqueras_juego.png 1270w\" sizes=\"(max-width: 750px) 100vw, 750px\" \/><\/span>\n<p><\/p>\n<div class=\"content\">\n<h2>\u00bfC\u00d3MO CONSEGUIR ARQUERAS DE NAND?<\/h2>\n<p>Dispones de la siguiente forma para conseguir el juego:<\/p>\n<ul>\n<li><strong>Juego Print &amp; Play:<\/strong> <a href=\"https:\/\/bit.ly\/print-nand\">cartas<\/a>&nbsp;<\/li>\n<li><strong>Libro de reglas:<\/strong>\n<ul>\n<li><a href=\"https:\/\/bit.ly\/arquerasnand-rulebook-es\">Espa\u00f1ol<\/a><\/li>\n<li><a href=\"https:\/\/bit.ly\/arquerasnand-rulebook-en\">Ingl\u00e9s<\/a><\/li>\n<li><a href=\"https:\/\/bit.ly\/arquerasnand-rulebook-eu\">Euskera<\/a><\/li>\n<li><a href=\"https:\/\/bit.ly\/arquerasnand-rulebook-ru\">Rumano<\/a><\/li>\n<li><a href=\"https:\/\/bit.ly\/arquerasnand-rulebook-pl\">Polaco<\/a><\/li>\n<li><a href=\"https:\/\/bit.ly\/arquerasnand-rulebook-cat\">Catal\u00e1n<\/a><\/li>\n<li><a href=\"https:\/\/bit.ly\/arquerasnand-rulebook-fr\">Franc\u00e9s<\/a><\/li>\n<li><a href=\"https:\/\/bit.ly\/arquerasnand-rulebook-de\">Alem\u00e1n<\/a><\/li>\n<li><a href=\"https:\/\/bit.ly\/arquerasnand-rulebook-hu\">H\u00fangaro<\/a><\/li>\n<li><a href=\"https:\/\/bit.ly\/arquerasnand-rulebook-it\">Italiano<\/a><strong><\/strong><strong><\/strong><\/li>\n<\/ul>\n<\/li>\n<\/ul>\n<\/div>\n<\/article>\n<\/div>\n<\/div><\/div>\n","protected":false},"excerpt":{"rendered":"<p>\u00bfQU\u00c9 ES ARQUERAS DE NAND? El Valle de Nand est\u00e1 siendo invadido por hordas salvajes de orcos. Mientras los guerreros locales pierden la batalla cuerpo a cuerpo, las arqueras de Nand aprovechan la altura de sus monta\u00f1as para diezmar las tropas enemigas. En este juego, tendr\u00e1s que decidir c\u00f3mo proteger<a class=\"moretag\" href=\"https:\/\/compus.deusto.es\/es\/nand\/\"> Leer m\u00e1s<\/a><\/p>\n","protected":false},"author":4,"featured_media":0,"parent":0,"menu_order":0,"comment_status":"closed","ping_status":"closed","template":"","meta":{"_monsterinsights_skip_tracking":false,"_monsterinsights_sitenote_active":false,"_monsterinsights_sitenote_note":"","_monsterinsights_sitenote_category":0,"footnotes":""},"class_list":["post-981","page","type-page","status-publish","hentry"],"yoast_head":"<!-- This site is optimized with the Yoast SEO plugin v27.0 - https:\/\/yoast.com\/product\/yoast-seo-wordpress\/ -->\n<title>Arqueras de Nand - COMPUS<\/title>\n<meta name=\"robots\" content=\"index, follow, max-snippet:-1, max-image-preview:large, max-video-preview:-1\" \/>\n<link rel=\"canonical\" href=\"https:\/\/compus.deusto.es\/es\/nand\/\" \/>\n<meta property=\"og:locale\" content=\"es_ES\" \/>\n<meta property=\"og:type\" content=\"article\" \/>\n<meta property=\"og:title\" content=\"Arqueras de Nand - COMPUS\" \/>\n<meta property=\"og:description\" content=\"\u00bfQU\u00c9 ES ARQUERAS DE NAND? El Valle de Nand est\u00e1 siendo invadido por hordas salvajes de orcos. Mientras los guerreros locales pierden la batalla cuerpo a cuerpo, las arqueras de Nand aprovechan la altura de sus monta\u00f1as para diezmar las tropas enemigas. En este juego, tendr\u00e1s que decidir c\u00f3mo proteger Leer m\u00e1s\" \/>\n<meta property=\"og:url\" content=\"https:\/\/compus.deusto.es\/es\/nand\/\" \/>\n<meta property=\"og:site_name\" content=\"COMPUS\" \/>\n<meta property=\"article:modified_time\" content=\"2022-11-16T15:45:18+00:00\" \/>\n<meta property=\"og:image\" content=\"https:\/\/compus.deusto.es\/wp-content\/uploads\/2021\/01\/arqueras_titulo-1-1024x496.png\" \/>\n<meta name=\"twitter:card\" content=\"summary_large_image\" \/>\n<meta name=\"twitter:label1\" content=\"Tiempo de lectura\" \/>\n\t<meta name=\"twitter:data1\" content=\"2 minutos\" \/>\n<script type=\"application\/ld+json\" class=\"yoast-schema-graph\">{\"@context\":\"https:\/\/schema.org\",\"@graph\":[{\"@type\":\"WebPage\",\"@id\":\"https:\/\/compus.deusto.es\/es\/nand\/\",\"url\":\"https:\/\/compus.deusto.es\/es\/nand\/\",\"name\":\"Arqueras de Nand - COMPUS\",\"isPartOf\":{\"@id\":\"https:\/\/compus.deusto.es\/#website\"},\"primaryImageOfPage\":{\"@id\":\"https:\/\/compus.deusto.es\/es\/nand\/#primaryimage\"},\"image\":{\"@id\":\"https:\/\/compus.deusto.es\/es\/nand\/#primaryimage\"},\"thumbnailUrl\":\"https:\/\/compus.deusto.es\/wp-content\/uploads\/2021\/01\/arqueras_titulo-1-1024x496.png\",\"datePublished\":\"2021-01-28T09:18:41+00:00\",\"dateModified\":\"2022-11-16T15:45:18+00:00\",\"breadcrumb\":{\"@id\":\"https:\/\/compus.deusto.es\/es\/nand\/#breadcrumb\"},\"inLanguage\":\"es\",\"potentialAction\":[{\"@type\":\"ReadAction\",\"target\":[\"https:\/\/compus.deusto.es\/es\/nand\/\"]}]},{\"@type\":\"ImageObject\",\"inLanguage\":\"es\",\"@id\":\"https:\/\/compus.deusto.es\/es\/nand\/#primaryimage\",\"url\":\"https:\/\/compus.deusto.es\/wp-content\/uploads\/2021\/01\/arqueras_titulo-1-1024x496.png\",\"contentUrl\":\"https:\/\/compus.deusto.es\/wp-content\/uploads\/2021\/01\/arqueras_titulo-1-1024x496.png\"},{\"@type\":\"BreadcrumbList\",\"@id\":\"https:\/\/compus.deusto.es\/es\/nand\/#breadcrumb\",\"itemListElement\":[{\"@type\":\"ListItem\",\"position\":1,\"name\":\"Portada\",\"item\":\"https:\/\/compus.deusto.es\/es\/\"},{\"@type\":\"ListItem\",\"position\":2,\"name\":\"Arqueras de Nand\"}]},{\"@type\":\"WebSite\",\"@id\":\"https:\/\/compus.deusto.es\/#website\",\"url\":\"https:\/\/compus.deusto.es\/\",\"name\":\"COMPUS\",\"description\":\"COMPUS is a set of board games focused on the development of computational thinking.\",\"publisher\":{\"@id\":\"https:\/\/compus.deusto.es\/#organization\"},\"potentialAction\":[{\"@type\":\"SearchAction\",\"target\":{\"@type\":\"EntryPoint\",\"urlTemplate\":\"https:\/\/compus.deusto.es\/?s={search_term_string}\"},\"query-input\":{\"@type\":\"PropertyValueSpecification\",\"valueRequired\":true,\"valueName\":\"search_term_string\"}}],\"inLanguage\":\"es\"},{\"@type\":\"Organization\",\"@id\":\"https:\/\/compus.deusto.es\/#organization\",\"name\":\"University of Deusto\",\"url\":\"https:\/\/compus.deusto.es\/\",\"logo\":{\"@type\":\"ImageObject\",\"inLanguage\":\"es\",\"@id\":\"https:\/\/compus.deusto.es\/#\/schema\/logo\/image\/\",\"url\":\"https:\/\/compus.deusto.es\/wp-content\/uploads\/2021\/04\/compus-logo.png\",\"contentUrl\":\"https:\/\/compus.deusto.es\/wp-content\/uploads\/2021\/04\/compus-logo.png\",\"width\":600,\"height\":782,\"caption\":\"University of Deusto\"},\"image\":{\"@id\":\"https:\/\/compus.deusto.es\/#\/schema\/logo\/image\/\"}}]}<\/script>\n<!-- \/ Yoast SEO plugin. -->","yoast_head_json":{"title":"Arqueras de Nand - COMPUS","robots":{"index":"index","follow":"follow","max-snippet":"max-snippet:-1","max-image-preview":"max-image-preview:large","max-video-preview":"max-video-preview:-1"},"canonical":"https:\/\/compus.deusto.es\/es\/nand\/","og_locale":"es_ES","og_type":"article","og_title":"Arqueras de Nand - COMPUS","og_description":"\u00bfQU\u00c9 ES ARQUERAS DE NAND? El Valle de Nand est\u00e1 siendo invadido por hordas salvajes de orcos. Mientras los guerreros locales pierden la batalla cuerpo a cuerpo, las arqueras de Nand aprovechan la altura de sus monta\u00f1as para diezmar las tropas enemigas. En este juego, tendr\u00e1s que decidir c\u00f3mo proteger Leer m\u00e1s","og_url":"https:\/\/compus.deusto.es\/es\/nand\/","og_site_name":"COMPUS","article_modified_time":"2022-11-16T15:45:18+00:00","og_image":[{"url":"https:\/\/compus.deusto.es\/wp-content\/uploads\/2021\/01\/arqueras_titulo-1-1024x496.png","type":"","width":"","height":""}],"twitter_card":"summary_large_image","twitter_misc":{"Tiempo de lectura":"2 minutos"},"schema":{"@context":"https:\/\/schema.org","@graph":[{"@type":"WebPage","@id":"https:\/\/compus.deusto.es\/es\/nand\/","url":"https:\/\/compus.deusto.es\/es\/nand\/","name":"Arqueras de Nand - COMPUS","isPartOf":{"@id":"https:\/\/compus.deusto.es\/#website"},"primaryImageOfPage":{"@id":"https:\/\/compus.deusto.es\/es\/nand\/#primaryimage"},"image":{"@id":"https:\/\/compus.deusto.es\/es\/nand\/#primaryimage"},"thumbnailUrl":"https:\/\/compus.deusto.es\/wp-content\/uploads\/2021\/01\/arqueras_titulo-1-1024x496.png","datePublished":"2021-01-28T09:18:41+00:00","dateModified":"2022-11-16T15:45:18+00:00","breadcrumb":{"@id":"https:\/\/compus.deusto.es\/es\/nand\/#breadcrumb"},"inLanguage":"es","potentialAction":[{"@type":"ReadAction","target":["https:\/\/compus.deusto.es\/es\/nand\/"]}]},{"@type":"ImageObject","inLanguage":"es","@id":"https:\/\/compus.deusto.es\/es\/nand\/#primaryimage","url":"https:\/\/compus.deusto.es\/wp-content\/uploads\/2021\/01\/arqueras_titulo-1-1024x496.png","contentUrl":"https:\/\/compus.deusto.es\/wp-content\/uploads\/2021\/01\/arqueras_titulo-1-1024x496.png"},{"@type":"BreadcrumbList","@id":"https:\/\/compus.deusto.es\/es\/nand\/#breadcrumb","itemListElement":[{"@type":"ListItem","position":1,"name":"Portada","item":"https:\/\/compus.deusto.es\/es\/"},{"@type":"ListItem","position":2,"name":"Arqueras de Nand"}]},{"@type":"WebSite","@id":"https:\/\/compus.deusto.es\/#website","url":"https:\/\/compus.deusto.es\/","name":"COMPUS","description":"COMPUS is a set of board games focused on the development of computational thinking.","publisher":{"@id":"https:\/\/compus.deusto.es\/#organization"},"potentialAction":[{"@type":"SearchAction","target":{"@type":"EntryPoint","urlTemplate":"https:\/\/compus.deusto.es\/?s={search_term_string}"},"query-input":{"@type":"PropertyValueSpecification","valueRequired":true,"valueName":"search_term_string"}}],"inLanguage":"es"},{"@type":"Organization","@id":"https:\/\/compus.deusto.es\/#organization","name":"University of Deusto","url":"https:\/\/compus.deusto.es\/","logo":{"@type":"ImageObject","inLanguage":"es","@id":"https:\/\/compus.deusto.es\/#\/schema\/logo\/image\/","url":"https:\/\/compus.deusto.es\/wp-content\/uploads\/2021\/04\/compus-logo.png","contentUrl":"https:\/\/compus.deusto.es\/wp-content\/uploads\/2021\/04\/compus-logo.png","width":600,"height":782,"caption":"University of Deusto"},"image":{"@id":"https:\/\/compus.deusto.es\/#\/schema\/logo\/image\/"}}]}},"_links":{"self":[{"href":"https:\/\/compus.deusto.es\/es\/wp-json\/wp\/v2\/pages\/981","targetHints":{"allow":["GET"]}}],"collection":[{"href":"https:\/\/compus.deusto.es\/es\/wp-json\/wp\/v2\/pages"}],"about":[{"href":"https:\/\/compus.deusto.es\/es\/wp-json\/wp\/v2\/types\/page"}],"author":[{"embeddable":true,"href":"https:\/\/compus.deusto.es\/es\/wp-json\/wp\/v2\/users\/4"}],"replies":[{"embeddable":true,"href":"https:\/\/compus.deusto.es\/es\/wp-json\/wp\/v2\/comments?post=981"}],"version-history":[{"count":7,"href":"https:\/\/compus.deusto.es\/es\/wp-json\/wp\/v2\/pages\/981\/revisions"}],"predecessor-version":[{"id":1150,"href":"https:\/\/compus.deusto.es\/es\/wp-json\/wp\/v2\/pages\/981\/revisions\/1150"}],"wp:attachment":[{"href":"https:\/\/compus.deusto.es\/es\/wp-json\/wp\/v2\/media?parent=981"}],"curies":[{"name":"wp","href":"https:\/\/api.w.org\/{rel}","templated":true}]}}