{"id":1013,"date":"2021-01-28T10:18:41","date_gmt":"2021-01-28T09:18:41","guid":{"rendered":"https:\/\/compus.deusto.es\/arqueras-de-nand\/"},"modified":"2021-02-03T12:46:16","modified_gmt":"2021-02-03T11:46:16","slug":"nand","status":"publish","type":"page","link":"https:\/\/compus.deusto.es\/pl\/nand\/","title":{"rendered":"Archers of Nand"},"content":{"rendered":"\n<div class=\"wp-block-themeisle-blocks-advanced-columns has-1-columns has-desktop-equal-layout has-tablet-equal-layout has-mobile-equal-layout has-default-gap has-vertical-unset\" id=\"wp-block-themeisle-blocks-advanced-columns-e22f6a34\"><div class=\"wp-block-themeisle-blocks-advanced-columns-overlay\"><\/div><div class=\"innerblocks-wrap\">\n<div class=\"wp-block-themeisle-blocks-advanced-column\" id=\"wp-block-themeisle-blocks-advanced-column-712885d9\">\n<article class=\"feature left\">\n<div class=\"content\">\n<h2>CO TO JEST ARCHERS OF NAND?<\/h2>\n<p><span class=\"image\"><img fetchpriority=\"high\" decoding=\"async\" src=\"https:\/\/compus.deusto.es\/wp-content\/uploads\/2021\/01\/arqueras_title-1024x477.png\" alt=\"\" width=\"750\" height=\"349\" class=\"alignnone wp-image-996 size-large\" srcset=\"https:\/\/compus.deusto.es\/wp-content\/uploads\/2021\/01\/arqueras_title-1024x477.png 1024w, https:\/\/compus.deusto.es\/wp-content\/uploads\/2021\/01\/arqueras_title-300x140.png 300w, https:\/\/compus.deusto.es\/wp-content\/uploads\/2021\/01\/arqueras_title-768x358.png 768w, https:\/\/compus.deusto.es\/wp-content\/uploads\/2021\/01\/arqueras_title.png 1078w\" sizes=\"(max-width: 750px) 100vw, 750px\" \/><\/span><\/p>\n<div class=\"page\" title=\"Page 1\">\n<div class=\"layoutArea\">\n<div class=\"column\">\n<p><em>Dolina Nand jest atakowana przez dzikie hordy ork\u00f3w. Podczas gdy miejscowi wojownicy przegrywaj\u0105 walk\u0119 wr\u0119cz, \u0142ucznicy z Nand strzelaj\u0105 ze swoich wysokich g\u00f3r, aby zdziesi\u0105tkowa\u0107 oddzia\u0142y wroga. W tej grze b\u0119dziesz chroni\u0107 dolin\u0119 poprzez po\u0142\u0105czone dzia\u0142ania wojownik\u00f3w i \u0142ucznik\u00f3w z Nand, zanim orki wszystko zniszcz\u0105.<\/em><\/p>\n<\/div>\n<\/div>\n<\/div>\n<p><span><strong>\u0141UCZNICY Z NAND<\/strong> to gra, kt\u00f3ra nauczy Ci\u0119 podstaw komputerowych baz danych (Dolina Nand reprezentuje ma\u0142\u0105 TABEL\u0118 danych, w kt\u00f3rej mo\u017cesz WYBRA\u0106 terytoria \u017ceby atakowa\u0107 orki)<\/span><\/p>\n<\/div>\n<\/article>\n<article class=\"feature right\"><span class=\"image\"><img decoding=\"async\" src=\"https:\/\/compus.deusto.es\/wp-content\/uploads\/2021\/01\/arqueras_juego-1024x661.png\" alt=\"\" width=\"750\" height=\"484\" class=\"alignnone wp-image-998 size-large\" srcset=\"https:\/\/compus.deusto.es\/wp-content\/uploads\/2021\/01\/arqueras_juego-1024x661.png 1024w, https:\/\/compus.deusto.es\/wp-content\/uploads\/2021\/01\/arqueras_juego-300x194.png 300w, https:\/\/compus.deusto.es\/wp-content\/uploads\/2021\/01\/arqueras_juego-768x496.png 768w, https:\/\/compus.deusto.es\/wp-content\/uploads\/2021\/01\/arqueras_juego.png 1270w\" sizes=\"(max-width: 750px) 100vw, 750px\" \/><\/span>\n<p><\/p>\n<div class=\"content\">\n<h2>JAK DOSTA\u0106 ARCHERS OF NAND?<\/h2>\n<ul>\n<li><strong>Drukuj &amp; Graj:<\/strong> <a href=\"https:\/\/bit.ly\/print-nand\">Karty<\/a>\u00a0<\/li>\n<li><strong>Instrukcja:<\/strong>\n<ul>\n<li><a href=\"http:\/\/bit.ly\/arquerasnand-es\">Spanish<\/a><\/li>\n<li><a href=\"http:\/\/bit.ly\/arquerasnand-en\">English<\/a><\/li>\n<li><a href=\"http:\/\/bit.ly\/arquerasnand-eu\">Basque<\/a><\/li>\n<li><a href=\"http:\/\/bit.ly\/arquerasnand-ro\">Romanian<\/a><\/li>\n<li><a href=\"http:\/\/bit.ly\/arquerasnand-pl\">Polish<\/a><\/li>\n<li><a href=\"http:\/\/bit.ly\/arquerasnand-cat\">Catalonian<\/a><\/li>\n<li><a href=\"http:\/\/bit.ly\/arquerasnand-fr\">French<\/a><\/li>\n<li><a href=\"http:\/\/bit.ly\/arquerasnand-de\">German<\/a><\/li>\n<li><a href=\"http:\/\/bit.ly\/arquerasnand-hu\">Hungarian<\/a><\/li>\n<li><a href=\"http:\/\/bit.ly\/arquerasnand-it\">Italian<\/a><strong><\/strong><strong><\/strong><\/li>\n<\/ul>\n<\/li>\n<\/ul>\n<\/div>\n<\/article>\n<\/div>\n<\/div><\/div>\n","protected":false},"excerpt":{"rendered":"","protected":false},"author":4,"featured_media":0,"parent":0,"menu_order":0,"comment_status":"closed","ping_status":"closed","template":"","meta":{"_monsterinsights_skip_tracking":false,"_monsterinsights_sitenote_active":false,"_monsterinsights_sitenote_note":"","_monsterinsights_sitenote_category":0,"footnotes":""},"class_list":["post-1013","page","type-page","status-publish","hentry"],"yoast_head":"<!-- This site is optimized with the Yoast SEO plugin v27.0 - https:\/\/yoast.com\/product\/yoast-seo-wordpress\/ -->\n<title>Archers of Nand - COMPUS<\/title>\n<meta name=\"robots\" content=\"index, follow, max-snippet:-1, max-image-preview:large, max-video-preview:-1\" \/>\n<link rel=\"canonical\" href=\"https:\/\/compus.deusto.es\/pl\/nand\/\" \/>\n<meta property=\"og:locale\" content=\"pl_PL\" \/>\n<meta property=\"og:type\" content=\"article\" \/>\n<meta property=\"og:title\" content=\"Archers of Nand - COMPUS\" \/>\n<meta property=\"og:url\" content=\"https:\/\/compus.deusto.es\/pl\/nand\/\" \/>\n<meta property=\"og:site_name\" content=\"COMPUS\" \/>\n<meta property=\"article:modified_time\" content=\"2021-02-03T11:46:16+00:00\" \/>\n<meta property=\"og:image\" content=\"https:\/\/compus.deusto.es\/wp-content\/uploads\/2021\/01\/arqueras_title-1024x477.png\" \/>\n<meta name=\"twitter:card\" content=\"summary_large_image\" \/>\n<meta name=\"twitter:label1\" content=\"Szacowany czas czytania\" \/>\n\t<meta name=\"twitter:data1\" content=\"1 minuta\" \/>\n<script type=\"application\/ld+json\" class=\"yoast-schema-graph\">{\"@context\":\"https:\/\/schema.org\",\"@graph\":[{\"@type\":\"WebPage\",\"@id\":\"https:\/\/compus.deusto.es\/pl\/nand\/\",\"url\":\"https:\/\/compus.deusto.es\/pl\/nand\/\",\"name\":\"Archers of Nand - COMPUS\",\"isPartOf\":{\"@id\":\"https:\/\/compus.deusto.es\/#website\"},\"primaryImageOfPage\":{\"@id\":\"https:\/\/compus.deusto.es\/pl\/nand\/#primaryimage\"},\"image\":{\"@id\":\"https:\/\/compus.deusto.es\/pl\/nand\/#primaryimage\"},\"thumbnailUrl\":\"https:\/\/compus.deusto.es\/wp-content\/uploads\/2021\/01\/arqueras_title-1024x477.png\",\"datePublished\":\"2021-01-28T09:18:41+00:00\",\"dateModified\":\"2021-02-03T11:46:16+00:00\",\"breadcrumb\":{\"@id\":\"https:\/\/compus.deusto.es\/pl\/nand\/#breadcrumb\"},\"inLanguage\":\"pl-PL\",\"potentialAction\":[{\"@type\":\"ReadAction\",\"target\":[\"https:\/\/compus.deusto.es\/pl\/nand\/\"]}]},{\"@type\":\"ImageObject\",\"inLanguage\":\"pl-PL\",\"@id\":\"https:\/\/compus.deusto.es\/pl\/nand\/#primaryimage\",\"url\":\"https:\/\/compus.deusto.es\/wp-content\/uploads\/2021\/01\/arqueras_title-1024x477.png\",\"contentUrl\":\"https:\/\/compus.deusto.es\/wp-content\/uploads\/2021\/01\/arqueras_title-1024x477.png\"},{\"@type\":\"BreadcrumbList\",\"@id\":\"https:\/\/compus.deusto.es\/pl\/nand\/#breadcrumb\",\"itemListElement\":[{\"@type\":\"ListItem\",\"position\":1,\"name\":\"Portada\",\"item\":\"https:\/\/compus.deusto.es\/pl\/\"},{\"@type\":\"ListItem\",\"position\":2,\"name\":\"Archers of Nand\"}]},{\"@type\":\"WebSite\",\"@id\":\"https:\/\/compus.deusto.es\/#website\",\"url\":\"https:\/\/compus.deusto.es\/\",\"name\":\"COMPUS\",\"description\":\"COMPUS is a set of board games focused on the development of computational thinking.\",\"publisher\":{\"@id\":\"https:\/\/compus.deusto.es\/#organization\"},\"potentialAction\":[{\"@type\":\"SearchAction\",\"target\":{\"@type\":\"EntryPoint\",\"urlTemplate\":\"https:\/\/compus.deusto.es\/?s={search_term_string}\"},\"query-input\":{\"@type\":\"PropertyValueSpecification\",\"valueRequired\":true,\"valueName\":\"search_term_string\"}}],\"inLanguage\":\"pl-PL\"},{\"@type\":\"Organization\",\"@id\":\"https:\/\/compus.deusto.es\/#organization\",\"name\":\"University of Deusto\",\"url\":\"https:\/\/compus.deusto.es\/\",\"logo\":{\"@type\":\"ImageObject\",\"inLanguage\":\"pl-PL\",\"@id\":\"https:\/\/compus.deusto.es\/#\/schema\/logo\/image\/\",\"url\":\"https:\/\/compus.deusto.es\/wp-content\/uploads\/2021\/04\/compus-logo.png\",\"contentUrl\":\"https:\/\/compus.deusto.es\/wp-content\/uploads\/2021\/04\/compus-logo.png\",\"width\":600,\"height\":782,\"caption\":\"University of Deusto\"},\"image\":{\"@id\":\"https:\/\/compus.deusto.es\/#\/schema\/logo\/image\/\"}}]}<\/script>\n<!-- \/ Yoast SEO plugin. -->","yoast_head_json":{"title":"Archers of Nand - COMPUS","robots":{"index":"index","follow":"follow","max-snippet":"max-snippet:-1","max-image-preview":"max-image-preview:large","max-video-preview":"max-video-preview:-1"},"canonical":"https:\/\/compus.deusto.es\/pl\/nand\/","og_locale":"pl_PL","og_type":"article","og_title":"Archers of Nand - COMPUS","og_url":"https:\/\/compus.deusto.es\/pl\/nand\/","og_site_name":"COMPUS","article_modified_time":"2021-02-03T11:46:16+00:00","og_image":[{"url":"https:\/\/compus.deusto.es\/wp-content\/uploads\/2021\/01\/arqueras_title-1024x477.png","type":"","width":"","height":""}],"twitter_card":"summary_large_image","twitter_misc":{"Szacowany czas czytania":"1 minuta"},"schema":{"@context":"https:\/\/schema.org","@graph":[{"@type":"WebPage","@id":"https:\/\/compus.deusto.es\/pl\/nand\/","url":"https:\/\/compus.deusto.es\/pl\/nand\/","name":"Archers of Nand - COMPUS","isPartOf":{"@id":"https:\/\/compus.deusto.es\/#website"},"primaryImageOfPage":{"@id":"https:\/\/compus.deusto.es\/pl\/nand\/#primaryimage"},"image":{"@id":"https:\/\/compus.deusto.es\/pl\/nand\/#primaryimage"},"thumbnailUrl":"https:\/\/compus.deusto.es\/wp-content\/uploads\/2021\/01\/arqueras_title-1024x477.png","datePublished":"2021-01-28T09:18:41+00:00","dateModified":"2021-02-03T11:46:16+00:00","breadcrumb":{"@id":"https:\/\/compus.deusto.es\/pl\/nand\/#breadcrumb"},"inLanguage":"pl-PL","potentialAction":[{"@type":"ReadAction","target":["https:\/\/compus.deusto.es\/pl\/nand\/"]}]},{"@type":"ImageObject","inLanguage":"pl-PL","@id":"https:\/\/compus.deusto.es\/pl\/nand\/#primaryimage","url":"https:\/\/compus.deusto.es\/wp-content\/uploads\/2021\/01\/arqueras_title-1024x477.png","contentUrl":"https:\/\/compus.deusto.es\/wp-content\/uploads\/2021\/01\/arqueras_title-1024x477.png"},{"@type":"BreadcrumbList","@id":"https:\/\/compus.deusto.es\/pl\/nand\/#breadcrumb","itemListElement":[{"@type":"ListItem","position":1,"name":"Portada","item":"https:\/\/compus.deusto.es\/pl\/"},{"@type":"ListItem","position":2,"name":"Archers of Nand"}]},{"@type":"WebSite","@id":"https:\/\/compus.deusto.es\/#website","url":"https:\/\/compus.deusto.es\/","name":"COMPUS","description":"COMPUS is a set of board games focused on the development of computational thinking.","publisher":{"@id":"https:\/\/compus.deusto.es\/#organization"},"potentialAction":[{"@type":"SearchAction","target":{"@type":"EntryPoint","urlTemplate":"https:\/\/compus.deusto.es\/?s={search_term_string}"},"query-input":{"@type":"PropertyValueSpecification","valueRequired":true,"valueName":"search_term_string"}}],"inLanguage":"pl-PL"},{"@type":"Organization","@id":"https:\/\/compus.deusto.es\/#organization","name":"University of Deusto","url":"https:\/\/compus.deusto.es\/","logo":{"@type":"ImageObject","inLanguage":"pl-PL","@id":"https:\/\/compus.deusto.es\/#\/schema\/logo\/image\/","url":"https:\/\/compus.deusto.es\/wp-content\/uploads\/2021\/04\/compus-logo.png","contentUrl":"https:\/\/compus.deusto.es\/wp-content\/uploads\/2021\/04\/compus-logo.png","width":600,"height":782,"caption":"University of Deusto"},"image":{"@id":"https:\/\/compus.deusto.es\/#\/schema\/logo\/image\/"}}]}},"_links":{"self":[{"href":"https:\/\/compus.deusto.es\/pl\/wp-json\/wp\/v2\/pages\/1013","targetHints":{"allow":["GET"]}}],"collection":[{"href":"https:\/\/compus.deusto.es\/pl\/wp-json\/wp\/v2\/pages"}],"about":[{"href":"https:\/\/compus.deusto.es\/pl\/wp-json\/wp\/v2\/types\/page"}],"author":[{"embeddable":true,"href":"https:\/\/compus.deusto.es\/pl\/wp-json\/wp\/v2\/users\/4"}],"replies":[{"embeddable":true,"href":"https:\/\/compus.deusto.es\/pl\/wp-json\/wp\/v2\/comments?post=1013"}],"version-history":[{"count":2,"href":"https:\/\/compus.deusto.es\/pl\/wp-json\/wp\/v2\/pages\/1013\/revisions"}],"predecessor-version":[{"id":1033,"href":"https:\/\/compus.deusto.es\/pl\/wp-json\/wp\/v2\/pages\/1013\/revisions\/1033"}],"wp:attachment":[{"href":"https:\/\/compus.deusto.es\/pl\/wp-json\/wp\/v2\/media?parent=1013"}],"curies":[{"name":"wp","href":"https:\/\/api.w.org\/{rel}","templated":true}]}}