{"id":760,"date":"2020-01-31T12:24:41","date_gmt":"2020-01-31T11:24:41","guid":{"rendered":"https:\/\/compus.deusto.es\/hestia-front\/"},"modified":"2020-02-03T13:18:39","modified_gmt":"2020-02-03T12:18:39","slug":"hestia-front","status":"publish","type":"page","link":"https:\/\/compus.deusto.es\/pl\/","title":{"rendered":"P\u00e1gina de inicio"},"content":{"rendered":"\n<div class=\"col-md-5\">\n<h4>My\u015blenie Komputacyjne <\/h4>\n<p><strong>My\u015blenie komputacyjne<\/strong><span> to proces my\u015blenia o formu\u0142owaniu problemu i wyra\u017caniu jego rozwi\u0105zania w taki spos\u00f3b, \u017ceby komputer m\u00f3g\u0142 efekywnie go przeprowadzi\u0107. Ma to kluczowe znaczenie dla umiej\u0119tno\u015bci cyfrowych..<\/span><\/p>\n<\/div>\n<div class=\"col-md-6 col-md-offset-1\"><img decoding=\"async\" class=\"size-small alignright\" src=\"https:\/\/compus.deusto.es\/wp-content\/uploads\/2018\/11\/computational-thinking.png\"><\/div>\n<p><!--more--><\/p>\n","protected":false},"excerpt":{"rendered":"<p>My\u015blenie Komputacyjne My\u015blenie komputacyjne to proces my\u015blenia o formu\u0142owaniu problemu i wyra\u017caniu jego rozwi\u0105zania w taki spos\u00f3b, \u017ceby komputer m\u00f3g\u0142 efekywnie go przeprowadzi\u0107. Ma to kluczowe znaczenie dla umiej\u0119tno\u015bci cyfrowych..<\/p>\n","protected":false},"author":1,"featured_media":761,"parent":0,"menu_order":0,"comment_status":"closed","ping_status":"closed","template":"","meta":{"_monsterinsights_skip_tracking":false,"_monsterinsights_sitenote_active":false,"_monsterinsights_sitenote_note":"","_monsterinsights_sitenote_category":0,"footnotes":""},"class_list":["post-760","page","type-page","status-publish","has-post-thumbnail","hentry"],"yoast_head":"<!-- This site is optimized with the Yoast SEO plugin v27.0 - https:\/\/yoast.com\/product\/yoast-seo-wordpress\/ -->\n<title>P\u00e1gina de inicio - COMPUS<\/title>\n<meta name=\"robots\" content=\"index, follow, max-snippet:-1, max-image-preview:large, max-video-preview:-1\" \/>\n<link rel=\"canonical\" href=\"https:\/\/compus.deusto.es\/pl\/\" \/>\n<meta property=\"og:locale\" content=\"pl_PL\" \/>\n<meta property=\"og:type\" content=\"article\" \/>\n<meta property=\"og:title\" content=\"P\u00e1gina de inicio - COMPUS\" \/>\n<meta property=\"og:description\" content=\"My\u015blenie Komputacyjne My\u015blenie komputacyjne to proces my\u015blenia o formu\u0142owaniu problemu i wyra\u017caniu jego rozwi\u0105zania w taki spos\u00f3b, \u017ceby komputer m\u00f3g\u0142 efekywnie go przeprowadzi\u0107. Ma to kluczowe znaczenie dla umiej\u0119tno\u015bci cyfrowych..\" \/>\n<meta property=\"og:url\" content=\"https:\/\/compus.deusto.es\/pl\/\" \/>\n<meta property=\"og:site_name\" content=\"COMPUS\" \/>\n<meta property=\"article:modified_time\" content=\"2020-02-03T12:18:39+00:00\" \/>\n<meta property=\"og:image\" content=\"https:\/\/compus.deusto.es\/wp-content\/uploads\/2020\/01\/Computer_inside_1.jpg\" \/>\n\t<meta property=\"og:image:width\" content=\"1024\" \/>\n\t<meta property=\"og:image:height\" content=\"768\" \/>\n\t<meta property=\"og:image:type\" content=\"image\/jpeg\" \/>\n<meta name=\"twitter:card\" content=\"summary_large_image\" \/>\n<script type=\"application\/ld+json\" class=\"yoast-schema-graph\">{\"@context\":\"https:\/\/schema.org\",\"@graph\":[{\"@type\":\"WebPage\",\"@id\":\"https:\/\/compus.deusto.es\/pl\/\",\"url\":\"https:\/\/compus.deusto.es\/pl\/\",\"name\":\"P\u00e1gina de inicio - COMPUS\",\"isPartOf\":{\"@id\":\"https:\/\/compus.deusto.es\/#website\"},\"primaryImageOfPage\":{\"@id\":\"https:\/\/compus.deusto.es\/pl\/#primaryimage\"},\"image\":{\"@id\":\"https:\/\/compus.deusto.es\/pl\/#primaryimage\"},\"thumbnailUrl\":\"https:\/\/compus.deusto.es\/wp-content\/uploads\/2020\/01\/Computer_inside_1.jpg\",\"datePublished\":\"2020-01-31T11:24:41+00:00\",\"dateModified\":\"2020-02-03T12:18:39+00:00\",\"breadcrumb\":{\"@id\":\"https:\/\/compus.deusto.es\/pl\/#breadcrumb\"},\"inLanguage\":\"pl-PL\",\"potentialAction\":[{\"@type\":\"ReadAction\",\"target\":[\"https:\/\/compus.deusto.es\/pl\/\"]}]},{\"@type\":\"ImageObject\",\"inLanguage\":\"pl-PL\",\"@id\":\"https:\/\/compus.deusto.es\/pl\/#primaryimage\",\"url\":\"https:\/\/compus.deusto.es\/wp-content\/uploads\/2020\/01\/Computer_inside_1.jpg\",\"contentUrl\":\"https:\/\/compus.deusto.es\/wp-content\/uploads\/2020\/01\/Computer_inside_1.jpg\",\"width\":1024,\"height\":768},{\"@type\":\"BreadcrumbList\",\"@id\":\"https:\/\/compus.deusto.es\/pl\/#breadcrumb\",\"itemListElement\":[{\"@type\":\"ListItem\",\"position\":1,\"name\":\"Portada\",\"item\":\"https:\/\/compus.deusto.es\/pl\/\"},{\"@type\":\"ListItem\",\"position\":2,\"name\":\"P\u00e1gina de inicio\"}]},{\"@type\":\"WebSite\",\"@id\":\"https:\/\/compus.deusto.es\/#website\",\"url\":\"https:\/\/compus.deusto.es\/\",\"name\":\"COMPUS\",\"description\":\"COMPUS is a set of board games focused on the development of computational thinking.\",\"publisher\":{\"@id\":\"https:\/\/compus.deusto.es\/#organization\"},\"potentialAction\":[{\"@type\":\"SearchAction\",\"target\":{\"@type\":\"EntryPoint\",\"urlTemplate\":\"https:\/\/compus.deusto.es\/?s={search_term_string}\"},\"query-input\":{\"@type\":\"PropertyValueSpecification\",\"valueRequired\":true,\"valueName\":\"search_term_string\"}}],\"inLanguage\":\"pl-PL\"},{\"@type\":\"Organization\",\"@id\":\"https:\/\/compus.deusto.es\/#organization\",\"name\":\"University of Deusto\",\"url\":\"https:\/\/compus.deusto.es\/\",\"logo\":{\"@type\":\"ImageObject\",\"inLanguage\":\"pl-PL\",\"@id\":\"https:\/\/compus.deusto.es\/#\/schema\/logo\/image\/\",\"url\":\"https:\/\/compus.deusto.es\/wp-content\/uploads\/2021\/04\/compus-logo.png\",\"contentUrl\":\"https:\/\/compus.deusto.es\/wp-content\/uploads\/2021\/04\/compus-logo.png\",\"width\":600,\"height\":782,\"caption\":\"University of Deusto\"},\"image\":{\"@id\":\"https:\/\/compus.deusto.es\/#\/schema\/logo\/image\/\"}}]}<\/script>\n<!-- \/ Yoast SEO plugin. -->","yoast_head_json":{"title":"P\u00e1gina de inicio - COMPUS","robots":{"index":"index","follow":"follow","max-snippet":"max-snippet:-1","max-image-preview":"max-image-preview:large","max-video-preview":"max-video-preview:-1"},"canonical":"https:\/\/compus.deusto.es\/pl\/","og_locale":"pl_PL","og_type":"article","og_title":"P\u00e1gina de inicio - COMPUS","og_description":"My\u015blenie Komputacyjne My\u015blenie komputacyjne to proces my\u015blenia o formu\u0142owaniu problemu i wyra\u017caniu jego rozwi\u0105zania w taki spos\u00f3b, \u017ceby komputer m\u00f3g\u0142 efekywnie go przeprowadzi\u0107. Ma to kluczowe znaczenie dla umiej\u0119tno\u015bci cyfrowych..","og_url":"https:\/\/compus.deusto.es\/pl\/","og_site_name":"COMPUS","article_modified_time":"2020-02-03T12:18:39+00:00","og_image":[{"width":1024,"height":768,"url":"https:\/\/compus.deusto.es\/wp-content\/uploads\/2020\/01\/Computer_inside_1.jpg","type":"image\/jpeg"}],"twitter_card":"summary_large_image","schema":{"@context":"https:\/\/schema.org","@graph":[{"@type":"WebPage","@id":"https:\/\/compus.deusto.es\/pl\/","url":"https:\/\/compus.deusto.es\/pl\/","name":"P\u00e1gina de inicio - COMPUS","isPartOf":{"@id":"https:\/\/compus.deusto.es\/#website"},"primaryImageOfPage":{"@id":"https:\/\/compus.deusto.es\/pl\/#primaryimage"},"image":{"@id":"https:\/\/compus.deusto.es\/pl\/#primaryimage"},"thumbnailUrl":"https:\/\/compus.deusto.es\/wp-content\/uploads\/2020\/01\/Computer_inside_1.jpg","datePublished":"2020-01-31T11:24:41+00:00","dateModified":"2020-02-03T12:18:39+00:00","breadcrumb":{"@id":"https:\/\/compus.deusto.es\/pl\/#breadcrumb"},"inLanguage":"pl-PL","potentialAction":[{"@type":"ReadAction","target":["https:\/\/compus.deusto.es\/pl\/"]}]},{"@type":"ImageObject","inLanguage":"pl-PL","@id":"https:\/\/compus.deusto.es\/pl\/#primaryimage","url":"https:\/\/compus.deusto.es\/wp-content\/uploads\/2020\/01\/Computer_inside_1.jpg","contentUrl":"https:\/\/compus.deusto.es\/wp-content\/uploads\/2020\/01\/Computer_inside_1.jpg","width":1024,"height":768},{"@type":"BreadcrumbList","@id":"https:\/\/compus.deusto.es\/pl\/#breadcrumb","itemListElement":[{"@type":"ListItem","position":1,"name":"Portada","item":"https:\/\/compus.deusto.es\/pl\/"},{"@type":"ListItem","position":2,"name":"P\u00e1gina de inicio"}]},{"@type":"WebSite","@id":"https:\/\/compus.deusto.es\/#website","url":"https:\/\/compus.deusto.es\/","name":"COMPUS","description":"COMPUS is a set of board games focused on the development of computational thinking.","publisher":{"@id":"https:\/\/compus.deusto.es\/#organization"},"potentialAction":[{"@type":"SearchAction","target":{"@type":"EntryPoint","urlTemplate":"https:\/\/compus.deusto.es\/?s={search_term_string}"},"query-input":{"@type":"PropertyValueSpecification","valueRequired":true,"valueName":"search_term_string"}}],"inLanguage":"pl-PL"},{"@type":"Organization","@id":"https:\/\/compus.deusto.es\/#organization","name":"University of Deusto","url":"https:\/\/compus.deusto.es\/","logo":{"@type":"ImageObject","inLanguage":"pl-PL","@id":"https:\/\/compus.deusto.es\/#\/schema\/logo\/image\/","url":"https:\/\/compus.deusto.es\/wp-content\/uploads\/2021\/04\/compus-logo.png","contentUrl":"https:\/\/compus.deusto.es\/wp-content\/uploads\/2021\/04\/compus-logo.png","width":600,"height":782,"caption":"University of Deusto"},"image":{"@id":"https:\/\/compus.deusto.es\/#\/schema\/logo\/image\/"}}]}},"_links":{"self":[{"href":"https:\/\/compus.deusto.es\/pl\/wp-json\/wp\/v2\/pages\/760","targetHints":{"allow":["GET"]}}],"collection":[{"href":"https:\/\/compus.deusto.es\/pl\/wp-json\/wp\/v2\/pages"}],"about":[{"href":"https:\/\/compus.deusto.es\/pl\/wp-json\/wp\/v2\/types\/page"}],"author":[{"embeddable":true,"href":"https:\/\/compus.deusto.es\/pl\/wp-json\/wp\/v2\/users\/1"}],"replies":[{"embeddable":true,"href":"https:\/\/compus.deusto.es\/pl\/wp-json\/wp\/v2\/comments?post=760"}],"version-history":[{"count":1,"href":"https:\/\/compus.deusto.es\/pl\/wp-json\/wp\/v2\/pages\/760\/revisions"}],"predecessor-version":[{"id":766,"href":"https:\/\/compus.deusto.es\/pl\/wp-json\/wp\/v2\/pages\/760\/revisions\/766"}],"wp:featuredmedia":[{"embeddable":true,"href":"https:\/\/compus.deusto.es\/pl\/wp-json\/wp\/v2\/media\/761"}],"wp:attachment":[{"href":"https:\/\/compus.deusto.es\/pl\/wp-json\/wp\/v2\/media?parent=760"}],"curies":[{"name":"wp","href":"https:\/\/api.w.org\/{rel}","templated":true}]}}