{"id":769,"date":"2018-11-21T10:17:30","date_gmt":"2018-11-21T09:17:30","guid":{"rendered":"https:\/\/compus.deusto.es\/socios\/"},"modified":"2020-02-03T18:25:39","modified_gmt":"2020-02-03T17:25:39","slug":"partnerzy","status":"publish","type":"page","link":"https:\/\/compus.deusto.es\/pl\/partnerzy\/","title":{"rendered":"Partnerzy"},"content":{"rendered":"<div class=\"row\">\n<div style=\"width: 33%; padding: 0 10px 0 0; float: left;\">\n<p><img decoding=\"async\" class=\"size-medium wp-image-12792 aligncenter\" src=\"https:\/\/compus.deusto.es\/wp-content\/uploads\/2018\/11\/deusto.jpg\" alt=\"UDeusto polish\" width=\"300\" height=\"120\"><\/p>\n<h5>University of Deusto<\/h5>\n<p>Doskona\u0142o\u015b\u0107 akademicka Universytetu Deusto znajduje odzwierciedlenie w jego zaanga\u017cowaniu w innowacyjne metody uczenia si\u0119.&nbsp;<a href=\"https:\/\/compus.deusto.es\/pl\/university-of-deusto\/\"><strong>+info<\/strong><\/a><br \/>\n<a href=\"https:\/\/www.deusto.es\/\" target=\"_blank\" rel=\"noopener noreferrer\">www.deusto.es<\/a><\/p>\n<\/div>\n<div style=\"width: 33%; padding: 0 10px 0 0; float: left;\">\n<p><img decoding=\"async\" class=\"size-medium wp-image-12792 aligncenter\" src=\"https:\/\/compus.deusto.es\/wp-content\/uploads\/2019\/03\/logo-aci.png\" alt=\"Esclavas polish\" width=\"300\" height=\"120\"><\/p>\n<h5>Esclavas SC-Fatima School<\/h5>\n<p>Jest innowacyjn\u0105 szko\u0142\u0105, kt\u00f3rej priorytetem jest indywidualne podej\u015bcie do ka\u017cdego ucznia i towarzyszenie mu w jego osobistym dojrzewaniu, naukowym i duchowym.&nbsp;<a href=\"https:\/\/compus.deusto.es\/pl\/esclavas-sc-fatima-school\/\"><strong>+info<\/strong><\/a><br \/>\n<a href=\"https:\/\/www.colegioesclavasbilbao.com\/\" target=\"_blank\" rel=\"noopener noreferrer\"> www.colegioesclavasbilbao.com<\/a><\/p>\n<\/div>\n<div style=\"width: 33%; padding: 0 10px 0 0; float: left;\">\n<p><img decoding=\"async\" class=\"size-medium wp-image-12792 aligncenter\" src=\"https:\/\/compus.deusto.es\/wp-content\/uploads\/2019\/03\/logo-ferdinand-i.png\" alt=\"Ferdinand polish\" width=\"300\" height=\"120\"><\/p>\n<h5>Scoala Gimnaziala Ferdinand I<\/h5>\n<p>Jeste\u015bmy szko\u0142\u0105 publiczn\u0105, kt\u00f3ra funkcjonuje w systemie edukacji narodowej. Pracujemy z m\u0142odymi uczniami i nastolatkami z r\u00f3\u017cnych \u015brodowisk kulturowych. <a href=\"https:\/\/compus.deusto.es\/pl\/scoala-gimnaziala-ferdinand-i\/\"><strong>+info<\/strong><\/a><br \/>\n<a href=\"https:\/\/www.scoalaferdinand.com\/\" target=\"_blank\" rel=\"noopener noreferrer\">www.scoalaferdinand.com<\/a><\/p>\n<\/div>\n<\/div>\n<p>&nbsp;<\/p>\n<div class=\"row\">\n<div style=\"margin-left: 16%; width: 33%; padding: 0 10px 0 0; float: left;\">\n<p><img loading=\"lazy\" decoding=\"async\" class=\"size-medium wp-image-12792 aligncenter\" src=\"https:\/\/compus.deusto.es\/wp-content\/uploads\/2019\/03\/logo-agr.jpg\" alt=\"AGR polish\" width=\"300\" height=\"120\"><\/p>\n<h5>AGRpriority<\/h5>\n<p>AGRpriority to firma zajmuj\u0105ca si\u0119 projektowaniem i produkcj\u0105 gier planszowych.&nbsp;<a href=\"https:\/\/compus.deusto.es\/pl\/agrpriority\/\"><strong>+info<\/strong><\/a><br \/>\n<a href=\"https:\/\/www.agrpriority.com\/\" target=\"_blank\" rel=\"noopener noreferrer\">www.agrpriority.com<\/a><\/p>\n<\/div>\n<div style=\"width: 33%; padding: 0 10px 0 0; float: left;\">\n<p><img loading=\"lazy\" decoding=\"async\" class=\"size-medium wp-image-12792 aligncenter\" src=\"https:\/\/compus.deusto.es\/wp-content\/uploads\/2019\/03\/logo-oeiizk.png\" alt=\"OEIiZK polish\" width=\"300\" height=\"120\"><\/p>\n<h5>OEIiZK<\/h5>\n<p>Zadaniem O\u015brodka jest doskonalenie i wspomaganie nauczycieli wszystkich typ\u00f3w szk\u00f3\u0142 w zakresie kszta\u0142cenia informatycznego i edukacyjnych zastosowa\u0144 technologii informacyjnej.&nbsp;<a href=\"https:\/\/compus.deusto.es\/pl\/oeiizk\/\"><strong>+info<\/strong><\/a><br \/>\n<a href=\"https:\/\/www.oeiizk.waw.pl\/\" target=\"_blank\" rel=\"noopener noreferrer\">www.oeiizk.waw.pl<\/a><\/p>\n<\/div>\n<\/div>\n","protected":false},"excerpt":{"rendered":"<p>University of Deusto Doskona\u0142o\u015b\u0107 akademicka Universytetu Deusto znajduje odzwierciedlenie w jego zaanga\u017cowaniu w innowacyjne metody uczenia si\u0119.&nbsp;+info www.deusto.es Esclavas SC-Fatima School Jest innowacyjn\u0105 szko\u0142\u0105, kt\u00f3rej priorytetem jest indywidualne podej\u015bcie do ka\u017cdego ucznia i towarzyszenie mu w jego osobistym dojrzewaniu, naukowym i duchowym.&nbsp;+info www.colegioesclavasbilbao.com Scoala Gimnaziala Ferdinand I Jeste\u015bmy szko\u0142\u0105 publiczn\u0105,<a class=\"moretag\" href=\"https:\/\/compus.deusto.es\/pl\/partnerzy\/\"> Czytaj wi\u0119cej<\/a><\/p>\n","protected":false},"author":4,"featured_media":0,"parent":0,"menu_order":0,"comment_status":"closed","ping_status":"closed","template":"page-templates\/template-fullwidth.php","meta":{"_monsterinsights_skip_tracking":false,"_monsterinsights_sitenote_active":false,"_monsterinsights_sitenote_note":"","_monsterinsights_sitenote_category":0,"footnotes":""},"class_list":["post-769","page","type-page","status-publish","hentry"],"yoast_head":"<!-- This site is optimized with the Yoast SEO plugin v27.0 - https:\/\/yoast.com\/product\/yoast-seo-wordpress\/ -->\n<title>Partnerzy - COMPUS<\/title>\n<meta name=\"robots\" content=\"index, follow, max-snippet:-1, max-image-preview:large, max-video-preview:-1\" \/>\n<link rel=\"canonical\" href=\"https:\/\/compus.deusto.es\/pl\/partnerzy\/\" \/>\n<meta property=\"og:locale\" content=\"pl_PL\" \/>\n<meta property=\"og:type\" content=\"article\" \/>\n<meta property=\"og:title\" content=\"Partnerzy - COMPUS\" \/>\n<meta property=\"og:description\" content=\"University of Deusto Doskona\u0142o\u015b\u0107 akademicka Universytetu Deusto znajduje odzwierciedlenie w jego zaanga\u017cowaniu w innowacyjne metody uczenia si\u0119.&nbsp;+info www.deusto.es Esclavas SC-Fatima School Jest innowacyjn\u0105 szko\u0142\u0105, kt\u00f3rej priorytetem jest indywidualne podej\u015bcie do ka\u017cdego ucznia i towarzyszenie mu w jego osobistym dojrzewaniu, naukowym i duchowym.&nbsp;+info www.colegioesclavasbilbao.com Scoala Gimnaziala Ferdinand I Jeste\u015bmy szko\u0142\u0105 publiczn\u0105, Czytaj wi\u0119cej\" \/>\n<meta property=\"og:url\" content=\"https:\/\/compus.deusto.es\/pl\/partnerzy\/\" \/>\n<meta property=\"og:site_name\" content=\"COMPUS\" \/>\n<meta property=\"article:modified_time\" content=\"2020-02-03T17:25:39+00:00\" \/>\n<meta property=\"og:image\" content=\"https:\/\/compus.deusto.es\/wp-content\/uploads\/2018\/11\/deusto.jpg\" \/>\n<meta name=\"twitter:card\" content=\"summary_large_image\" \/>\n<meta name=\"twitter:label1\" content=\"Szacowany czas czytania\" \/>\n\t<meta name=\"twitter:data1\" content=\"1 minuta\" \/>\n<script type=\"application\/ld+json\" class=\"yoast-schema-graph\">{\"@context\":\"https:\/\/schema.org\",\"@graph\":[{\"@type\":\"WebPage\",\"@id\":\"https:\/\/compus.deusto.es\/pl\/partnerzy\/\",\"url\":\"https:\/\/compus.deusto.es\/pl\/partnerzy\/\",\"name\":\"Partnerzy - COMPUS\",\"isPartOf\":{\"@id\":\"https:\/\/compus.deusto.es\/#website\"},\"primaryImageOfPage\":{\"@id\":\"https:\/\/compus.deusto.es\/pl\/partnerzy\/#primaryimage\"},\"image\":{\"@id\":\"https:\/\/compus.deusto.es\/pl\/partnerzy\/#primaryimage\"},\"thumbnailUrl\":\"https:\/\/compus.deusto.es\/wp-content\/uploads\/2018\/11\/deusto.jpg\",\"datePublished\":\"2018-11-21T09:17:30+00:00\",\"dateModified\":\"2020-02-03T17:25:39+00:00\",\"breadcrumb\":{\"@id\":\"https:\/\/compus.deusto.es\/pl\/partnerzy\/#breadcrumb\"},\"inLanguage\":\"pl-PL\",\"potentialAction\":[{\"@type\":\"ReadAction\",\"target\":[\"https:\/\/compus.deusto.es\/pl\/partnerzy\/\"]}]},{\"@type\":\"ImageObject\",\"inLanguage\":\"pl-PL\",\"@id\":\"https:\/\/compus.deusto.es\/pl\/partnerzy\/#primaryimage\",\"url\":\"https:\/\/compus.deusto.es\/wp-content\/uploads\/2018\/11\/deusto.jpg\",\"contentUrl\":\"https:\/\/compus.deusto.es\/wp-content\/uploads\/2018\/11\/deusto.jpg\"},{\"@type\":\"BreadcrumbList\",\"@id\":\"https:\/\/compus.deusto.es\/pl\/partnerzy\/#breadcrumb\",\"itemListElement\":[{\"@type\":\"ListItem\",\"position\":1,\"name\":\"Portada\",\"item\":\"https:\/\/compus.deusto.es\/pl\/\"},{\"@type\":\"ListItem\",\"position\":2,\"name\":\"Partnerzy\"}]},{\"@type\":\"WebSite\",\"@id\":\"https:\/\/compus.deusto.es\/#website\",\"url\":\"https:\/\/compus.deusto.es\/\",\"name\":\"COMPUS\",\"description\":\"COMPUS is a set of board games focused on the development of computational thinking.\",\"publisher\":{\"@id\":\"https:\/\/compus.deusto.es\/#organization\"},\"potentialAction\":[{\"@type\":\"SearchAction\",\"target\":{\"@type\":\"EntryPoint\",\"urlTemplate\":\"https:\/\/compus.deusto.es\/?s={search_term_string}\"},\"query-input\":{\"@type\":\"PropertyValueSpecification\",\"valueRequired\":true,\"valueName\":\"search_term_string\"}}],\"inLanguage\":\"pl-PL\"},{\"@type\":\"Organization\",\"@id\":\"https:\/\/compus.deusto.es\/#organization\",\"name\":\"University of Deusto\",\"url\":\"https:\/\/compus.deusto.es\/\",\"logo\":{\"@type\":\"ImageObject\",\"inLanguage\":\"pl-PL\",\"@id\":\"https:\/\/compus.deusto.es\/#\/schema\/logo\/image\/\",\"url\":\"https:\/\/compus.deusto.es\/wp-content\/uploads\/2021\/04\/compus-logo.png\",\"contentUrl\":\"https:\/\/compus.deusto.es\/wp-content\/uploads\/2021\/04\/compus-logo.png\",\"width\":600,\"height\":782,\"caption\":\"University of Deusto\"},\"image\":{\"@id\":\"https:\/\/compus.deusto.es\/#\/schema\/logo\/image\/\"}}]}<\/script>\n<!-- \/ Yoast SEO plugin. -->","yoast_head_json":{"title":"Partnerzy - COMPUS","robots":{"index":"index","follow":"follow","max-snippet":"max-snippet:-1","max-image-preview":"max-image-preview:large","max-video-preview":"max-video-preview:-1"},"canonical":"https:\/\/compus.deusto.es\/pl\/partnerzy\/","og_locale":"pl_PL","og_type":"article","og_title":"Partnerzy - COMPUS","og_description":"University of Deusto Doskona\u0142o\u015b\u0107 akademicka Universytetu Deusto znajduje odzwierciedlenie w jego zaanga\u017cowaniu w innowacyjne metody uczenia si\u0119.&nbsp;+info www.deusto.es Esclavas SC-Fatima School Jest innowacyjn\u0105 szko\u0142\u0105, kt\u00f3rej priorytetem jest indywidualne podej\u015bcie do ka\u017cdego ucznia i towarzyszenie mu w jego osobistym dojrzewaniu, naukowym i duchowym.&nbsp;+info www.colegioesclavasbilbao.com Scoala Gimnaziala Ferdinand I Jeste\u015bmy szko\u0142\u0105 publiczn\u0105, Czytaj wi\u0119cej","og_url":"https:\/\/compus.deusto.es\/pl\/partnerzy\/","og_site_name":"COMPUS","article_modified_time":"2020-02-03T17:25:39+00:00","og_image":[{"url":"https:\/\/compus.deusto.es\/wp-content\/uploads\/2018\/11\/deusto.jpg","type":"","width":"","height":""}],"twitter_card":"summary_large_image","twitter_misc":{"Szacowany czas czytania":"1 minuta"},"schema":{"@context":"https:\/\/schema.org","@graph":[{"@type":"WebPage","@id":"https:\/\/compus.deusto.es\/pl\/partnerzy\/","url":"https:\/\/compus.deusto.es\/pl\/partnerzy\/","name":"Partnerzy - COMPUS","isPartOf":{"@id":"https:\/\/compus.deusto.es\/#website"},"primaryImageOfPage":{"@id":"https:\/\/compus.deusto.es\/pl\/partnerzy\/#primaryimage"},"image":{"@id":"https:\/\/compus.deusto.es\/pl\/partnerzy\/#primaryimage"},"thumbnailUrl":"https:\/\/compus.deusto.es\/wp-content\/uploads\/2018\/11\/deusto.jpg","datePublished":"2018-11-21T09:17:30+00:00","dateModified":"2020-02-03T17:25:39+00:00","breadcrumb":{"@id":"https:\/\/compus.deusto.es\/pl\/partnerzy\/#breadcrumb"},"inLanguage":"pl-PL","potentialAction":[{"@type":"ReadAction","target":["https:\/\/compus.deusto.es\/pl\/partnerzy\/"]}]},{"@type":"ImageObject","inLanguage":"pl-PL","@id":"https:\/\/compus.deusto.es\/pl\/partnerzy\/#primaryimage","url":"https:\/\/compus.deusto.es\/wp-content\/uploads\/2018\/11\/deusto.jpg","contentUrl":"https:\/\/compus.deusto.es\/wp-content\/uploads\/2018\/11\/deusto.jpg"},{"@type":"BreadcrumbList","@id":"https:\/\/compus.deusto.es\/pl\/partnerzy\/#breadcrumb","itemListElement":[{"@type":"ListItem","position":1,"name":"Portada","item":"https:\/\/compus.deusto.es\/pl\/"},{"@type":"ListItem","position":2,"name":"Partnerzy"}]},{"@type":"WebSite","@id":"https:\/\/compus.deusto.es\/#website","url":"https:\/\/compus.deusto.es\/","name":"COMPUS","description":"COMPUS is a set of board games focused on the development of computational thinking.","publisher":{"@id":"https:\/\/compus.deusto.es\/#organization"},"potentialAction":[{"@type":"SearchAction","target":{"@type":"EntryPoint","urlTemplate":"https:\/\/compus.deusto.es\/?s={search_term_string}"},"query-input":{"@type":"PropertyValueSpecification","valueRequired":true,"valueName":"search_term_string"}}],"inLanguage":"pl-PL"},{"@type":"Organization","@id":"https:\/\/compus.deusto.es\/#organization","name":"University of Deusto","url":"https:\/\/compus.deusto.es\/","logo":{"@type":"ImageObject","inLanguage":"pl-PL","@id":"https:\/\/compus.deusto.es\/#\/schema\/logo\/image\/","url":"https:\/\/compus.deusto.es\/wp-content\/uploads\/2021\/04\/compus-logo.png","contentUrl":"https:\/\/compus.deusto.es\/wp-content\/uploads\/2021\/04\/compus-logo.png","width":600,"height":782,"caption":"University of Deusto"},"image":{"@id":"https:\/\/compus.deusto.es\/#\/schema\/logo\/image\/"}}]}},"_links":{"self":[{"href":"https:\/\/compus.deusto.es\/pl\/wp-json\/wp\/v2\/pages\/769","targetHints":{"allow":["GET"]}}],"collection":[{"href":"https:\/\/compus.deusto.es\/pl\/wp-json\/wp\/v2\/pages"}],"about":[{"href":"https:\/\/compus.deusto.es\/pl\/wp-json\/wp\/v2\/types\/page"}],"author":[{"embeddable":true,"href":"https:\/\/compus.deusto.es\/pl\/wp-json\/wp\/v2\/users\/4"}],"replies":[{"embeddable":true,"href":"https:\/\/compus.deusto.es\/pl\/wp-json\/wp\/v2\/comments?post=769"}],"version-history":[{"count":4,"href":"https:\/\/compus.deusto.es\/pl\/wp-json\/wp\/v2\/pages\/769\/revisions"}],"predecessor-version":[{"id":872,"href":"https:\/\/compus.deusto.es\/pl\/wp-json\/wp\/v2\/pages\/769\/revisions\/872"}],"wp:attachment":[{"href":"https:\/\/compus.deusto.es\/pl\/wp-json\/wp\/v2\/media?parent=769"}],"curies":[{"name":"wp","href":"https:\/\/api.w.org\/{rel}","templated":true}]}}