{"id":772,"date":"2018-11-21T12:05:07","date_gmt":"2018-11-21T11:05:07","guid":{"rendered":"https:\/\/compus.deusto.es\/moon\/"},"modified":"2020-04-17T14:18:13","modified_gmt":"2020-04-17T12:18:13","slug":"moon","status":"publish","type":"page","link":"https:\/\/compus.deusto.es\/pl\/moon\/","title":{"rendered":"MOON: 1110011"},"content":{"rendered":"<section id=\"MOON\" class=\"wrapper special\">\n<div class=\"inner\">\n<header class=\"major narrow\"><\/header>\n<article class=\"feature left\">\n<div class=\"content\">\n<h2>CO TO JEST MOON: 1110011?<\/h2>\n<p><span class=\"image\"><a href=\"https:\/\/tiny.cc\/moonboardgame\" target=\"_blank\" rel=\"noopener noreferrer\"><img fetchpriority=\"high\" decoding=\"async\" src=\"https:\/\/compus.deusto.es\/wp-content\/uploads\/2019\/03\/moon-render-ks-1024x576.jpg\" alt=\"\" width=\"750\" height=\"422\" class=\"size-large wp-image-195 aligncenter\" srcset=\"https:\/\/compus.deusto.es\/wp-content\/uploads\/2019\/03\/moon-render-ks-1024x576.jpg 1024w, https:\/\/compus.deusto.es\/wp-content\/uploads\/2019\/03\/moon-render-ks-300x169.jpg 300w, https:\/\/compus.deusto.es\/wp-content\/uploads\/2019\/03\/moon-render-ks-768x432.jpg 768w, https:\/\/compus.deusto.es\/wp-content\/uploads\/2019\/03\/moon-render-ks.jpg 1920w\" sizes=\"(max-width: 750px) 100vw, 750px\" \/><\/a><\/span><\/p>\n<p>MOON to gra edukacyjna przeznaczona od <strong>1 do 4 graczy<\/strong>, w kt\u00f3rej graj\u0105cy kontroluj\u0105 prac\u0119 modu\u0142u ksi\u0119\u017cycowego Eagle podczas pierwszego l\u0105dowania na Ksi\u0119\u017cycu. 3 minuty przed l\u0105dowaniem komputer pok\u0142adowy zarejestrowa\u0142 kilka alarm\u00f3w. Na szcz\u0119\u015bcie oprogramowanie zarz\u0105dzaj\u0105ce komputerem, zaprojektowane przez zesp\u00f3\u0142 in\u017cynier\u00f3w kierowany przez <a href=\"https:\/\/en.wikipedia.org\/wiki\/Margaret_Hamilton_(scientist)\">Margaret Hamilton<\/a> by\u0142o wystarczaj\u0105co dobre, aby da\u0107 sobie rad\u0119 z tym problemem.<br \/>\nW czasie rozgrywki pomo\u017cesz astronautom modu\u0142u ksi\u0119\u017cycowego Eagle wype\u0142ni\u0107 ich misj\u0119!<\/p>\n<p>Graj\u0105c nauczysz si\u0119 liczy\u0107 w systemie dw\u00f3jkowym, wykonywa\u0107 operacje logiczne i rozwi\u0105zywa\u0107 problemy techniczne, kt\u00f3re pojawi\u0105 si\u0119 w czasie trwania misji.<\/p>\n<\/div>\n<\/article>\n<article class=\"feature right\"><span class=\"image\"><img decoding=\"async\" src=\"https:\/\/compus.deusto.es\/wp-content\/uploads\/2018\/11\/moon-game-300x220.jpg\" alt=\"\" width=\"397\" height=\"291\" class=\" wp-image-62 aligncenter\" srcset=\"https:\/\/compus.deusto.es\/wp-content\/uploads\/2018\/11\/moon-game-300x220.jpg 300w, https:\/\/compus.deusto.es\/wp-content\/uploads\/2018\/11\/moon-game-768x563.jpg 768w, https:\/\/compus.deusto.es\/wp-content\/uploads\/2018\/11\/moon-game-1024x751.jpg 1024w\" sizes=\"(max-width: 397px) 100vw, 397px\" \/><\/span><\/p>\n<div class=\"content\">\n<h2>JAK DOSTA\u0106 MOON: 1110011?<\/h2>\n<p>Masz r\u00f3\u017cne sposoby na pozyskanie gry:<\/p>\n<ul>\n<li><strong>Drukuj &amp; Graj:<\/strong> <a href=\"https:\/\/bit.ly\/print-moon\">karty MOON<\/a> (<a href=\"https:\/\/bit.ly\/print-lowcost-moon\">tutaj<\/a> wersja do wydruku). Wydrukuj karty dwustronnie, odwr\u00f3\u0107 wzd\u0142u\u017c d\u0142ugiej kraw\u0119dzi.<\/li>\n<li><strong>Instrukcja:<\/strong> <a href=\"https:\/\/tiny.cc\/moonboardgame-en\"><\/a>\n<ul>\n<li><a href=\"https:\/\/tiny.cc\/moonboardgame-en\">English<\/a><\/li>\n<li><a href=\"https:\/\/tiny.cc\/moonboardgame-es\">Spanish<\/a><\/li>\n<li><a href=\"https:\/\/bit.ly\/moonboardgame-eu\">Basque<\/a><\/li>\n<li><a href=\"https:\/\/tiny.cc\/moonboardgame-ro\">Romanian<\/a><\/li>\n<li><a href=\"https:\/\/tiny.cc\/moonboardgame-pl\">Polish<\/a><\/li>\n<li><a href=\"https:\/\/tiny.cc\/moonboardgame-cat\">Catalonian<\/a><\/li>\n<li><a href=\"https:\/\/tiny.cc\/moonboardgame-fr\">French<\/a><\/li>\n<li><a href=\"https:\/\/bit.ly\/moonboardgame-pt\">Portuguese<\/a><\/li>\n<li><a href=\"https:\/\/bit.ly\/moonboardgame-de\">German<\/a><\/li>\n<li><a href=\"https:\/\/tiny.cc\/moonboardgame-nl\">Dutch<\/a><\/li>\n<li><a href=\"https:\/\/bit.ly\/moonboardgame-it\">Italian<\/a><\/li>\n<\/ul>\n<\/li>\n<\/ul>\n<ul>\n<li><strong>Online Version:<\/strong>\n<ul>\n<li><a href=\"https:\/\/moon.deusto.es\" target=\"_blank\" rel=\"noopener noreferrer\">moon.deusto.es<\/a><\/li>\n<\/ul>\n<\/li>\n<li><strong>Wersja Mobilna:<\/strong><\/li>\n<\/ul>\n<p style=\"padding-left: 40px;\"><a href=\"https:\/\/tiny.cc\/moon-android\"><img decoding=\"async\" src=\"https:\/\/compus.deusto.es\/wp-content\/uploads\/2020\/03\/android-button.jpeg\" alt=\"\" width=\"188\" height=\"64\" class=\"alignnone wp-image-928\" srcset=\"https:\/\/compus.deusto.es\/wp-content\/uploads\/2020\/03\/android-button.jpeg 500w, https:\/\/compus.deusto.es\/wp-content\/uploads\/2020\/03\/android-button-300x102.jpeg 300w\" sizes=\"(max-width: 188px) 100vw, 188px\" \/><\/a><\/p>\n<ul>\n<li><strong>Pude\u0142ko z gr\u0105:<\/strong>\n<ul>\n<li><a href=\"https:\/\/dracotienda.com\/juegos-de-cartas\/24333-moon.html\">Dracotienda<\/a><\/li>\n<li><a href=\"https:\/\/dungeonmarvels.com\/cartas\/42494-moon-8425402331996.html?s=293578806\">Dungeon Marvels<\/a><\/li>\n<li><a href=\"https:\/\/www.vialudica.com\/shop\/product\/bdj-moo-moon-10222\">Via L\u00fadica<\/a><\/li>\n<li><a href=\"https:\/\/juegosdelamesaredonda.com\/9068-moon-8425402331996.html\">Juegos de la mesa redonda<\/a><\/li>\n<li><a href=\"https:\/\/distritozero.es\/12-juegos-de-mesa\/12021-moon.html\">Distrito Zero<\/a><\/li>\n<li><a href=\"https:\/\/www.generacionx.es\/producto\/334089\/moon\">Generacion X<\/a><\/li>\n<\/ul>\n<\/li>\n<\/ul>\n<h2>JAK GRA\u0106?<\/h2>\n<p><iframe width=\"1120\" height=\"450\" src=\"https:\/\/www.youtube.com\/embed\/LBr0GTGbtBk\" frameborder=\"0\" allow=\"accelerometer; autoplay; encrypted-media; gyroscope; picture-in-picture\" allowfullscreen=\"allowfullscreen\"><\/iframe><\/p>\n<\/div>\n<\/article>\n<\/div>\n<\/section>\n<p><!--more--><\/p>\n","protected":false},"excerpt":{"rendered":"<p>CO TO JEST MOON: 1110011? MOON to gra edukacyjna przeznaczona od 1 do 4 graczy, w kt\u00f3rej graj\u0105cy kontroluj\u0105 prac\u0119 modu\u0142u ksi\u0119\u017cycowego Eagle podczas pierwszego l\u0105dowania na Ksi\u0119\u017cycu. 3 minuty przed l\u0105dowaniem komputer pok\u0142adowy zarejestrowa\u0142 kilka alarm\u00f3w. Na szcz\u0119\u015bcie oprogramowanie zarz\u0105dzaj\u0105ce komputerem, zaprojektowane przez zesp\u00f3\u0142 in\u017cynier\u00f3w kierowany przez Margaret Hamilton<a class=\"moretag\" href=\"https:\/\/compus.deusto.es\/pl\/moon\/\"> Czytaj wi\u0119cej<\/a><\/p>\n","protected":false},"author":4,"featured_media":0,"parent":0,"menu_order":0,"comment_status":"closed","ping_status":"closed","template":"","meta":{"_monsterinsights_skip_tracking":false,"_monsterinsights_sitenote_active":false,"_monsterinsights_sitenote_note":"","_monsterinsights_sitenote_category":0,"footnotes":""},"class_list":["post-772","page","type-page","status-publish","hentry"],"yoast_head":"<!-- This site is optimized with the Yoast SEO plugin v27.0 - https:\/\/yoast.com\/product\/yoast-seo-wordpress\/ -->\n<title>MOON: 1110011 - COMPUS<\/title>\n<meta name=\"description\" content=\"MOON is a game for 1 to 4 players where you control the computer of the Eagle lunar module during the first landing on the Moon. Just 3 minutes before landing, the computer of the ship failed! However, a good design by the software engineers of the team leadered by Margaret Hamilton prevented a huge failure.\" \/>\n<meta name=\"robots\" content=\"index, follow, max-snippet:-1, max-image-preview:large, max-video-preview:-1\" \/>\n<link rel=\"canonical\" href=\"https:\/\/compus.deusto.es\/pl\/moon\/\" \/>\n<meta property=\"og:locale\" content=\"pl_PL\" \/>\n<meta property=\"og:type\" content=\"article\" \/>\n<meta property=\"og:title\" content=\"MOON: 1110011 - COMPUS\" \/>\n<meta property=\"og:description\" content=\"MOON is a game for 1 to 4 players where you control the computer of the Eagle lunar module during the first landing on the Moon. Just 3 minutes before landing, the computer of the ship failed! However, a good design by the software engineers of the team leadered by Margaret Hamilton prevented a huge failure.\" \/>\n<meta property=\"og:url\" content=\"https:\/\/compus.deusto.es\/pl\/moon\/\" \/>\n<meta property=\"og:site_name\" content=\"COMPUS\" \/>\n<meta property=\"article:modified_time\" content=\"2020-04-17T12:18:13+00:00\" \/>\n<meta property=\"og:image\" content=\"https:\/\/compus.deusto.es\/wp-content\/uploads\/2019\/03\/moon-render-ks-1024x576.jpg\" \/>\n<meta name=\"twitter:card\" content=\"summary_large_image\" \/>\n<meta name=\"twitter:label1\" content=\"Szacowany czas czytania\" \/>\n\t<meta name=\"twitter:data1\" content=\"1 minuta\" \/>\n<script type=\"application\/ld+json\" class=\"yoast-schema-graph\">{\"@context\":\"https:\/\/schema.org\",\"@graph\":[{\"@type\":\"WebPage\",\"@id\":\"https:\/\/compus.deusto.es\/pl\/moon\/\",\"url\":\"https:\/\/compus.deusto.es\/pl\/moon\/\",\"name\":\"MOON: 1110011 - COMPUS\",\"isPartOf\":{\"@id\":\"https:\/\/compus.deusto.es\/#website\"},\"primaryImageOfPage\":{\"@id\":\"https:\/\/compus.deusto.es\/pl\/moon\/#primaryimage\"},\"image\":{\"@id\":\"https:\/\/compus.deusto.es\/pl\/moon\/#primaryimage\"},\"thumbnailUrl\":\"https:\/\/compus.deusto.es\/wp-content\/uploads\/2019\/03\/moon-render-ks-1024x576.jpg\",\"datePublished\":\"2018-11-21T11:05:07+00:00\",\"dateModified\":\"2020-04-17T12:18:13+00:00\",\"description\":\"MOON is a game for 1 to 4 players where you control the computer of the Eagle lunar module during the first landing on the Moon. Just 3 minutes before landing, the computer of the ship failed! However, a good design by the software engineers of the team leadered by Margaret Hamilton prevented a huge failure.\",\"breadcrumb\":{\"@id\":\"https:\/\/compus.deusto.es\/pl\/moon\/#breadcrumb\"},\"inLanguage\":\"pl-PL\",\"potentialAction\":[{\"@type\":\"ReadAction\",\"target\":[\"https:\/\/compus.deusto.es\/pl\/moon\/\"]}]},{\"@type\":\"ImageObject\",\"inLanguage\":\"pl-PL\",\"@id\":\"https:\/\/compus.deusto.es\/pl\/moon\/#primaryimage\",\"url\":\"https:\/\/compus.deusto.es\/wp-content\/uploads\/2019\/03\/moon-render-ks-1024x576.jpg\",\"contentUrl\":\"https:\/\/compus.deusto.es\/wp-content\/uploads\/2019\/03\/moon-render-ks-1024x576.jpg\"},{\"@type\":\"BreadcrumbList\",\"@id\":\"https:\/\/compus.deusto.es\/pl\/moon\/#breadcrumb\",\"itemListElement\":[{\"@type\":\"ListItem\",\"position\":1,\"name\":\"Portada\",\"item\":\"https:\/\/compus.deusto.es\/pl\/\"},{\"@type\":\"ListItem\",\"position\":2,\"name\":\"MOON: 1110011\"}]},{\"@type\":\"WebSite\",\"@id\":\"https:\/\/compus.deusto.es\/#website\",\"url\":\"https:\/\/compus.deusto.es\/\",\"name\":\"COMPUS\",\"description\":\"COMPUS is a set of board games focused on the development of computational thinking.\",\"publisher\":{\"@id\":\"https:\/\/compus.deusto.es\/#organization\"},\"potentialAction\":[{\"@type\":\"SearchAction\",\"target\":{\"@type\":\"EntryPoint\",\"urlTemplate\":\"https:\/\/compus.deusto.es\/?s={search_term_string}\"},\"query-input\":{\"@type\":\"PropertyValueSpecification\",\"valueRequired\":true,\"valueName\":\"search_term_string\"}}],\"inLanguage\":\"pl-PL\"},{\"@type\":\"Organization\",\"@id\":\"https:\/\/compus.deusto.es\/#organization\",\"name\":\"University of Deusto\",\"url\":\"https:\/\/compus.deusto.es\/\",\"logo\":{\"@type\":\"ImageObject\",\"inLanguage\":\"pl-PL\",\"@id\":\"https:\/\/compus.deusto.es\/#\/schema\/logo\/image\/\",\"url\":\"https:\/\/compus.deusto.es\/wp-content\/uploads\/2021\/04\/compus-logo.png\",\"contentUrl\":\"https:\/\/compus.deusto.es\/wp-content\/uploads\/2021\/04\/compus-logo.png\",\"width\":600,\"height\":782,\"caption\":\"University of Deusto\"},\"image\":{\"@id\":\"https:\/\/compus.deusto.es\/#\/schema\/logo\/image\/\"}}]}<\/script>\n<!-- \/ Yoast SEO plugin. -->","yoast_head_json":{"title":"MOON: 1110011 - COMPUS","description":"MOON is a game for 1 to 4 players where you control the computer of the Eagle lunar module during the first landing on the Moon. Just 3 minutes before landing, the computer of the ship failed! However, a good design by the software engineers of the team leadered by Margaret Hamilton prevented a huge failure.","robots":{"index":"index","follow":"follow","max-snippet":"max-snippet:-1","max-image-preview":"max-image-preview:large","max-video-preview":"max-video-preview:-1"},"canonical":"https:\/\/compus.deusto.es\/pl\/moon\/","og_locale":"pl_PL","og_type":"article","og_title":"MOON: 1110011 - COMPUS","og_description":"MOON is a game for 1 to 4 players where you control the computer of the Eagle lunar module during the first landing on the Moon. Just 3 minutes before landing, the computer of the ship failed! However, a good design by the software engineers of the team leadered by Margaret Hamilton prevented a huge failure.","og_url":"https:\/\/compus.deusto.es\/pl\/moon\/","og_site_name":"COMPUS","article_modified_time":"2020-04-17T12:18:13+00:00","og_image":[{"url":"https:\/\/compus.deusto.es\/wp-content\/uploads\/2019\/03\/moon-render-ks-1024x576.jpg","type":"","width":"","height":""}],"twitter_card":"summary_large_image","twitter_misc":{"Szacowany czas czytania":"1 minuta"},"schema":{"@context":"https:\/\/schema.org","@graph":[{"@type":"WebPage","@id":"https:\/\/compus.deusto.es\/pl\/moon\/","url":"https:\/\/compus.deusto.es\/pl\/moon\/","name":"MOON: 1110011 - COMPUS","isPartOf":{"@id":"https:\/\/compus.deusto.es\/#website"},"primaryImageOfPage":{"@id":"https:\/\/compus.deusto.es\/pl\/moon\/#primaryimage"},"image":{"@id":"https:\/\/compus.deusto.es\/pl\/moon\/#primaryimage"},"thumbnailUrl":"https:\/\/compus.deusto.es\/wp-content\/uploads\/2019\/03\/moon-render-ks-1024x576.jpg","datePublished":"2018-11-21T11:05:07+00:00","dateModified":"2020-04-17T12:18:13+00:00","description":"MOON is a game for 1 to 4 players where you control the computer of the Eagle lunar module during the first landing on the Moon. Just 3 minutes before landing, the computer of the ship failed! However, a good design by the software engineers of the team leadered by Margaret Hamilton prevented a huge failure.","breadcrumb":{"@id":"https:\/\/compus.deusto.es\/pl\/moon\/#breadcrumb"},"inLanguage":"pl-PL","potentialAction":[{"@type":"ReadAction","target":["https:\/\/compus.deusto.es\/pl\/moon\/"]}]},{"@type":"ImageObject","inLanguage":"pl-PL","@id":"https:\/\/compus.deusto.es\/pl\/moon\/#primaryimage","url":"https:\/\/compus.deusto.es\/wp-content\/uploads\/2019\/03\/moon-render-ks-1024x576.jpg","contentUrl":"https:\/\/compus.deusto.es\/wp-content\/uploads\/2019\/03\/moon-render-ks-1024x576.jpg"},{"@type":"BreadcrumbList","@id":"https:\/\/compus.deusto.es\/pl\/moon\/#breadcrumb","itemListElement":[{"@type":"ListItem","position":1,"name":"Portada","item":"https:\/\/compus.deusto.es\/pl\/"},{"@type":"ListItem","position":2,"name":"MOON: 1110011"}]},{"@type":"WebSite","@id":"https:\/\/compus.deusto.es\/#website","url":"https:\/\/compus.deusto.es\/","name":"COMPUS","description":"COMPUS is a set of board games focused on the development of computational thinking.","publisher":{"@id":"https:\/\/compus.deusto.es\/#organization"},"potentialAction":[{"@type":"SearchAction","target":{"@type":"EntryPoint","urlTemplate":"https:\/\/compus.deusto.es\/?s={search_term_string}"},"query-input":{"@type":"PropertyValueSpecification","valueRequired":true,"valueName":"search_term_string"}}],"inLanguage":"pl-PL"},{"@type":"Organization","@id":"https:\/\/compus.deusto.es\/#organization","name":"University of Deusto","url":"https:\/\/compus.deusto.es\/","logo":{"@type":"ImageObject","inLanguage":"pl-PL","@id":"https:\/\/compus.deusto.es\/#\/schema\/logo\/image\/","url":"https:\/\/compus.deusto.es\/wp-content\/uploads\/2021\/04\/compus-logo.png","contentUrl":"https:\/\/compus.deusto.es\/wp-content\/uploads\/2021\/04\/compus-logo.png","width":600,"height":782,"caption":"University of Deusto"},"image":{"@id":"https:\/\/compus.deusto.es\/#\/schema\/logo\/image\/"}}]}},"_links":{"self":[{"href":"https:\/\/compus.deusto.es\/pl\/wp-json\/wp\/v2\/pages\/772","targetHints":{"allow":["GET"]}}],"collection":[{"href":"https:\/\/compus.deusto.es\/pl\/wp-json\/wp\/v2\/pages"}],"about":[{"href":"https:\/\/compus.deusto.es\/pl\/wp-json\/wp\/v2\/types\/page"}],"author":[{"embeddable":true,"href":"https:\/\/compus.deusto.es\/pl\/wp-json\/wp\/v2\/users\/4"}],"replies":[{"embeddable":true,"href":"https:\/\/compus.deusto.es\/pl\/wp-json\/wp\/v2\/comments?post=772"}],"version-history":[{"count":6,"href":"https:\/\/compus.deusto.es\/pl\/wp-json\/wp\/v2\/pages\/772\/revisions"}],"predecessor-version":[{"id":956,"href":"https:\/\/compus.deusto.es\/pl\/wp-json\/wp\/v2\/pages\/772\/revisions\/956"}],"wp:attachment":[{"href":"https:\/\/compus.deusto.es\/pl\/wp-json\/wp\/v2\/media?parent=772"}],"curies":[{"name":"wp","href":"https:\/\/api.w.org\/{rel}","templated":true}]}}