{"id":780,"date":"2018-11-21T13:22:49","date_gmt":"2018-11-21T12:22:49","guid":{"rendered":"https:\/\/compus.deusto.es\/university-of-deusto\/"},"modified":"2020-02-03T17:36:26","modified_gmt":"2020-02-03T16:36:26","slug":"university-of-deusto","status":"publish","type":"page","link":"https:\/\/compus.deusto.es\/pl\/university-of-deusto\/","title":{"rendered":"University of Deusto"},"content":{"rendered":"<p><img decoding=\"async\" class=\" wp-image-12924 alignleft\" src=\"https:\/\/misstohit.deusto.es\/wp-content\/uploads\/deusto-300x300.jpg\" alt=\"deusto\" width=\"206\" height=\"206\"><\/p>\n<p>Uniwersytet Deusto zosta\u0142 za\u0142o\u017cony w 1886 roku. Jego wieloletni\u0105 tradycj\u0105 jest dzia\u0142anie na rzecz odpowiedzialno\u015bci spo\u0142ecznej maj\u0105cej na celu generowanie zr\u00f3wnowa\u017conego wzrostu gospodarczego oraz pozytywny wk\u0142ad w budow\u0119 sprawiedliwego, zintegrowanego i humanitarnego spo\u0142ecze\u0144stwa.<\/p>\n<blockquote><p>Doskona\u0142o\u015b\u0107 akademicka Universytetu Deusto znajduje odzwierciedlenie w jego zaanga\u017cowaniu w innowacyjne metody uczenia si\u0119.<\/p><\/blockquote>\n<p>LearningLab to grupa badawcza na Wydziale In\u017cynierii, kt\u00f3ra koordynuje projekt COMPUS. Grupa ta pracuje nad popraw\u0105 jako\u015bci uczenia si\u0119 i nauczania STEM* w warunkach formalnych, pozaformalnych i nieformalnych. Uczestniczy w projektach badawczo-rozwojowych w celu zaanga\u017cowania i zwi\u0119kszenia zainteresowania m\u0142odych ludzi obszarami zwi\u0105zanymi ze STEM poprzez innowacyjne metody i narz\u0119dzia.<br \/>\n<em>*STEM = Science, Technology, Engineering, Maths<\/em><!--more--><\/p>\n","protected":false},"excerpt":{"rendered":"<p>Uniwersytet Deusto zosta\u0142 za\u0142o\u017cony w 1886 roku. Jego wieloletni\u0105 tradycj\u0105 jest dzia\u0142anie na rzecz odpowiedzialno\u015bci spo\u0142ecznej maj\u0105cej na celu generowanie zr\u00f3wnowa\u017conego wzrostu gospodarczego oraz pozytywny wk\u0142ad w budow\u0119 sprawiedliwego, zintegrowanego i humanitarnego spo\u0142ecze\u0144stwa. Doskona\u0142o\u015b\u0107 akademicka Universytetu Deusto znajduje odzwierciedlenie w jego zaanga\u017cowaniu w innowacyjne metody uczenia si\u0119. LearningLab to grupa<a class=\"moretag\" href=\"https:\/\/compus.deusto.es\/pl\/university-of-deusto\/\"> Czytaj wi\u0119cej<\/a><\/p>\n","protected":false},"author":4,"featured_media":0,"parent":0,"menu_order":0,"comment_status":"closed","ping_status":"closed","template":"","meta":{"_monsterinsights_skip_tracking":false,"_monsterinsights_sitenote_active":false,"_monsterinsights_sitenote_note":"","_monsterinsights_sitenote_category":0,"footnotes":""},"class_list":["post-780","page","type-page","status-publish","hentry"],"yoast_head":"<!-- This site is optimized with the Yoast SEO plugin v27.0 - https:\/\/yoast.com\/product\/yoast-seo-wordpress\/ -->\n<title>University of Deusto - COMPUS<\/title>\n<meta name=\"robots\" content=\"index, follow, max-snippet:-1, max-image-preview:large, max-video-preview:-1\" \/>\n<link rel=\"canonical\" href=\"https:\/\/compus.deusto.es\/pl\/university-of-deusto\/\" \/>\n<meta property=\"og:locale\" content=\"pl_PL\" \/>\n<meta property=\"og:type\" content=\"article\" \/>\n<meta property=\"og:title\" content=\"University of Deusto - COMPUS\" \/>\n<meta property=\"og:description\" content=\"Uniwersytet Deusto zosta\u0142 za\u0142o\u017cony w 1886 roku. Jego wieloletni\u0105 tradycj\u0105 jest dzia\u0142anie na rzecz odpowiedzialno\u015bci spo\u0142ecznej maj\u0105cej na celu generowanie zr\u00f3wnowa\u017conego wzrostu gospodarczego oraz pozytywny wk\u0142ad w budow\u0119 sprawiedliwego, zintegrowanego i humanitarnego spo\u0142ecze\u0144stwa. Doskona\u0142o\u015b\u0107 akademicka Universytetu Deusto znajduje odzwierciedlenie w jego zaanga\u017cowaniu w innowacyjne metody uczenia si\u0119. LearningLab to grupa Czytaj wi\u0119cej\" \/>\n<meta property=\"og:url\" content=\"https:\/\/compus.deusto.es\/pl\/university-of-deusto\/\" \/>\n<meta property=\"og:site_name\" content=\"COMPUS\" \/>\n<meta property=\"article:modified_time\" content=\"2020-02-03T16:36:26+00:00\" \/>\n<meta property=\"og:image\" content=\"https:\/\/misstohit.deusto.es\/wp-content\/uploads\/deusto-300x300.jpg\" \/>\n<meta name=\"twitter:card\" content=\"summary_large_image\" \/>\n<meta name=\"twitter:label1\" content=\"Szacowany czas czytania\" \/>\n\t<meta name=\"twitter:data1\" content=\"1 minuta\" \/>\n<script type=\"application\/ld+json\" class=\"yoast-schema-graph\">{\"@context\":\"https:\/\/schema.org\",\"@graph\":[{\"@type\":\"WebPage\",\"@id\":\"https:\/\/compus.deusto.es\/pl\/university-of-deusto\/\",\"url\":\"https:\/\/compus.deusto.es\/pl\/university-of-deusto\/\",\"name\":\"University of Deusto - COMPUS\",\"isPartOf\":{\"@id\":\"https:\/\/compus.deusto.es\/#website\"},\"primaryImageOfPage\":{\"@id\":\"https:\/\/compus.deusto.es\/pl\/university-of-deusto\/#primaryimage\"},\"image\":{\"@id\":\"https:\/\/compus.deusto.es\/pl\/university-of-deusto\/#primaryimage\"},\"thumbnailUrl\":\"https:\/\/misstohit.deusto.es\/wp-content\/uploads\/deusto-300x300.jpg\",\"datePublished\":\"2018-11-21T12:22:49+00:00\",\"dateModified\":\"2020-02-03T16:36:26+00:00\",\"breadcrumb\":{\"@id\":\"https:\/\/compus.deusto.es\/pl\/university-of-deusto\/#breadcrumb\"},\"inLanguage\":\"pl-PL\",\"potentialAction\":[{\"@type\":\"ReadAction\",\"target\":[\"https:\/\/compus.deusto.es\/pl\/university-of-deusto\/\"]}]},{\"@type\":\"ImageObject\",\"inLanguage\":\"pl-PL\",\"@id\":\"https:\/\/compus.deusto.es\/pl\/university-of-deusto\/#primaryimage\",\"url\":\"https:\/\/misstohit.deusto.es\/wp-content\/uploads\/deusto-300x300.jpg\",\"contentUrl\":\"https:\/\/misstohit.deusto.es\/wp-content\/uploads\/deusto-300x300.jpg\"},{\"@type\":\"BreadcrumbList\",\"@id\":\"https:\/\/compus.deusto.es\/pl\/university-of-deusto\/#breadcrumb\",\"itemListElement\":[{\"@type\":\"ListItem\",\"position\":1,\"name\":\"Portada\",\"item\":\"https:\/\/compus.deusto.es\/pl\/\"},{\"@type\":\"ListItem\",\"position\":2,\"name\":\"University of Deusto\"}]},{\"@type\":\"WebSite\",\"@id\":\"https:\/\/compus.deusto.es\/#website\",\"url\":\"https:\/\/compus.deusto.es\/\",\"name\":\"COMPUS\",\"description\":\"COMPUS is a set of board games focused on the development of computational thinking.\",\"publisher\":{\"@id\":\"https:\/\/compus.deusto.es\/#organization\"},\"potentialAction\":[{\"@type\":\"SearchAction\",\"target\":{\"@type\":\"EntryPoint\",\"urlTemplate\":\"https:\/\/compus.deusto.es\/?s={search_term_string}\"},\"query-input\":{\"@type\":\"PropertyValueSpecification\",\"valueRequired\":true,\"valueName\":\"search_term_string\"}}],\"inLanguage\":\"pl-PL\"},{\"@type\":\"Organization\",\"@id\":\"https:\/\/compus.deusto.es\/#organization\",\"name\":\"University of Deusto\",\"url\":\"https:\/\/compus.deusto.es\/\",\"logo\":{\"@type\":\"ImageObject\",\"inLanguage\":\"pl-PL\",\"@id\":\"https:\/\/compus.deusto.es\/#\/schema\/logo\/image\/\",\"url\":\"https:\/\/compus.deusto.es\/wp-content\/uploads\/2021\/04\/compus-logo.png\",\"contentUrl\":\"https:\/\/compus.deusto.es\/wp-content\/uploads\/2021\/04\/compus-logo.png\",\"width\":600,\"height\":782,\"caption\":\"University of Deusto\"},\"image\":{\"@id\":\"https:\/\/compus.deusto.es\/#\/schema\/logo\/image\/\"}}]}<\/script>\n<!-- \/ Yoast SEO plugin. -->","yoast_head_json":{"title":"University of Deusto - COMPUS","robots":{"index":"index","follow":"follow","max-snippet":"max-snippet:-1","max-image-preview":"max-image-preview:large","max-video-preview":"max-video-preview:-1"},"canonical":"https:\/\/compus.deusto.es\/pl\/university-of-deusto\/","og_locale":"pl_PL","og_type":"article","og_title":"University of Deusto - COMPUS","og_description":"Uniwersytet Deusto zosta\u0142 za\u0142o\u017cony w 1886 roku. Jego wieloletni\u0105 tradycj\u0105 jest dzia\u0142anie na rzecz odpowiedzialno\u015bci spo\u0142ecznej maj\u0105cej na celu generowanie zr\u00f3wnowa\u017conego wzrostu gospodarczego oraz pozytywny wk\u0142ad w budow\u0119 sprawiedliwego, zintegrowanego i humanitarnego spo\u0142ecze\u0144stwa. Doskona\u0142o\u015b\u0107 akademicka Universytetu Deusto znajduje odzwierciedlenie w jego zaanga\u017cowaniu w innowacyjne metody uczenia si\u0119. LearningLab to grupa Czytaj wi\u0119cej","og_url":"https:\/\/compus.deusto.es\/pl\/university-of-deusto\/","og_site_name":"COMPUS","article_modified_time":"2020-02-03T16:36:26+00:00","og_image":[{"url":"https:\/\/misstohit.deusto.es\/wp-content\/uploads\/deusto-300x300.jpg","type":"","width":"","height":""}],"twitter_card":"summary_large_image","twitter_misc":{"Szacowany czas czytania":"1 minuta"},"schema":{"@context":"https:\/\/schema.org","@graph":[{"@type":"WebPage","@id":"https:\/\/compus.deusto.es\/pl\/university-of-deusto\/","url":"https:\/\/compus.deusto.es\/pl\/university-of-deusto\/","name":"University of Deusto - COMPUS","isPartOf":{"@id":"https:\/\/compus.deusto.es\/#website"},"primaryImageOfPage":{"@id":"https:\/\/compus.deusto.es\/pl\/university-of-deusto\/#primaryimage"},"image":{"@id":"https:\/\/compus.deusto.es\/pl\/university-of-deusto\/#primaryimage"},"thumbnailUrl":"https:\/\/misstohit.deusto.es\/wp-content\/uploads\/deusto-300x300.jpg","datePublished":"2018-11-21T12:22:49+00:00","dateModified":"2020-02-03T16:36:26+00:00","breadcrumb":{"@id":"https:\/\/compus.deusto.es\/pl\/university-of-deusto\/#breadcrumb"},"inLanguage":"pl-PL","potentialAction":[{"@type":"ReadAction","target":["https:\/\/compus.deusto.es\/pl\/university-of-deusto\/"]}]},{"@type":"ImageObject","inLanguage":"pl-PL","@id":"https:\/\/compus.deusto.es\/pl\/university-of-deusto\/#primaryimage","url":"https:\/\/misstohit.deusto.es\/wp-content\/uploads\/deusto-300x300.jpg","contentUrl":"https:\/\/misstohit.deusto.es\/wp-content\/uploads\/deusto-300x300.jpg"},{"@type":"BreadcrumbList","@id":"https:\/\/compus.deusto.es\/pl\/university-of-deusto\/#breadcrumb","itemListElement":[{"@type":"ListItem","position":1,"name":"Portada","item":"https:\/\/compus.deusto.es\/pl\/"},{"@type":"ListItem","position":2,"name":"University of Deusto"}]},{"@type":"WebSite","@id":"https:\/\/compus.deusto.es\/#website","url":"https:\/\/compus.deusto.es\/","name":"COMPUS","description":"COMPUS is a set of board games focused on the development of computational thinking.","publisher":{"@id":"https:\/\/compus.deusto.es\/#organization"},"potentialAction":[{"@type":"SearchAction","target":{"@type":"EntryPoint","urlTemplate":"https:\/\/compus.deusto.es\/?s={search_term_string}"},"query-input":{"@type":"PropertyValueSpecification","valueRequired":true,"valueName":"search_term_string"}}],"inLanguage":"pl-PL"},{"@type":"Organization","@id":"https:\/\/compus.deusto.es\/#organization","name":"University of Deusto","url":"https:\/\/compus.deusto.es\/","logo":{"@type":"ImageObject","inLanguage":"pl-PL","@id":"https:\/\/compus.deusto.es\/#\/schema\/logo\/image\/","url":"https:\/\/compus.deusto.es\/wp-content\/uploads\/2021\/04\/compus-logo.png","contentUrl":"https:\/\/compus.deusto.es\/wp-content\/uploads\/2021\/04\/compus-logo.png","width":600,"height":782,"caption":"University of Deusto"},"image":{"@id":"https:\/\/compus.deusto.es\/#\/schema\/logo\/image\/"}}]}},"_links":{"self":[{"href":"https:\/\/compus.deusto.es\/pl\/wp-json\/wp\/v2\/pages\/780","targetHints":{"allow":["GET"]}}],"collection":[{"href":"https:\/\/compus.deusto.es\/pl\/wp-json\/wp\/v2\/pages"}],"about":[{"href":"https:\/\/compus.deusto.es\/pl\/wp-json\/wp\/v2\/types\/page"}],"author":[{"embeddable":true,"href":"https:\/\/compus.deusto.es\/pl\/wp-json\/wp\/v2\/users\/4"}],"replies":[{"embeddable":true,"href":"https:\/\/compus.deusto.es\/pl\/wp-json\/wp\/v2\/comments?post=780"}],"version-history":[{"count":1,"href":"https:\/\/compus.deusto.es\/pl\/wp-json\/wp\/v2\/pages\/780\/revisions"}],"predecessor-version":[{"id":784,"href":"https:\/\/compus.deusto.es\/pl\/wp-json\/wp\/v2\/pages\/780\/revisions\/784"}],"wp:attachment":[{"href":"https:\/\/compus.deusto.es\/pl\/wp-json\/wp\/v2\/media?parent=780"}],"curies":[{"name":"wp","href":"https:\/\/api.w.org\/{rel}","templated":true}]}}