{"id":787,"date":"2019-03-29T13:56:00","date_gmt":"2019-03-29T12:56:00","guid":{"rendered":"https:\/\/compus.deusto.es\/esclavas-sc-fatima-school\/"},"modified":"2020-02-03T17:43:34","modified_gmt":"2020-02-03T16:43:34","slug":"esclavas-sc-fatima-school","status":"publish","type":"page","link":"https:\/\/compus.deusto.es\/pl\/esclavas-sc-fatima-school\/","title":{"rendered":"Esclavas SC-Fatima School"},"content":{"rendered":"<p><img decoding=\"async\" class=\"wp-image-12924 alignleft\" src=\"https:\/\/compus.deusto.es\/wp-content\/uploads\/2019\/03\/logo-aci.png\" alt=\"deusto\" width=\"206\" height=\"206\"><\/p>\n<p>Esclavas SC-Fatima to o\u015brodek edukacyjny nale\u017c\u0105cy do \u201eFUNDACION EDUCATIVA ACI\u201d utworzony 20 grudnia 2012 r. We wrze\u015bniu 2013 r. wszystkie szko\u0142y z Hiszpanii sta\u0142y si\u0119 jego cz\u0119\u015bci\u0105.<\/p>\n<p>W Bilbao Fundacja ma dwie szko\u0142y: Fatima i T\u00edboli. W roku 2017\/18 do szk\u00f3\u0142 tych \u0142\u0105cznie ucz\u0119szcza\u0142o 803 uczni\u00f3w i pracowa\u0142o 52 nauczycieli. S\u0105 to chrze\u015bcija\u0144skie szko\u0142y dotowane, kt\u00f3re oferuj\u0105 kompleksow\u0105 edukacj\u0119 uczniom w wieku od 2 do 18 lat. Na ka\u017cdym poziomie edukacyjnym s\u0105 po dwa oddzia\u0142y. Szko\u0142y oferuj\u0105 edukacj\u0119 tr\u00f3jj\u0119zyczn\u0105 w j\u0119zyku baskijskim, angielskim i hiszpa\u0144skim. G\u0142\u00f3wnym podmiotem dzia\u0142a\u0144 nauczycieli jest ucze\u0144, kt\u00f3remu towarzysz\u0105 w jego dojrzewaniu i zdobywaniu wiedzy.<\/p>\n<p>Nasza kadra zarz\u0105dzaj\u0105ca korzysta z europejskiego modelu zarz\u0105dzania jako\u015bci\u0105 EFQM, po uzyskaniu certyfikacji Silver Q w 2.<\/p>\n<blockquote><p>Jeste\u015bmy szko\u0142\u0105 innowacji, kt\u00f3rej priorytetem jest towarzyszenie ka\u017cdemu uczniowi w jego osobistym dojrzewaniu, edukacyjnym i duchowym.<\/p><\/blockquote>\n<p>Jeste\u015bmy szko\u0142\u0105 innowacji, kt\u00f3rej priorytetem jest towarzyszenie uczniom w ich osobistym dojrzewaniu, edukacyjnym i duchowym, tak aby mogli sta\u0107 si\u0119 lud\u017ami wp\u0142ywaj\u0105cymi na wzrost jako\u015bci spo\u0142ecze\u0144stwa oraz by byli w stanie komunikowa\u0107 si\u0119 w r\u00f3\u017cnych \u015brodowiskach i dostosowywa\u0107 si\u0119 do czekaj\u0105cych ich zmian.<\/p>\n<p>Mamy zesp\u00f3\u0142 kreatywnych ludzi, zdolnych do dostosowania si\u0119 do zmian, zaanga\u017cowanych we wsp\u00f3lne zarz\u0105dzanie szko\u0142\u0105. Obecnie, wierni naszemu duchowi innowacji, pracujemy nad projektami z zakresu nauk spo\u0142ecznych, przyrodniczych i j\u0119zyka baskijskiego.<br \/>\nMamy do\u015bwiadczenie w metodologii angielskiego CIM, kt\u00f3r\u0105 wykorzystujemy z du\u017cym powodzeniem w realizacji r\u00f3\u017cnych tre\u015bci i obszar\u00f3w, takich jak nauki \u015bcis\u0142e, sztuka, matematyka, czy historia.<!--more--><\/p>\n","protected":false},"excerpt":{"rendered":"<p>Esclavas SC-Fatima to o\u015brodek edukacyjny nale\u017c\u0105cy do \u201eFUNDACION EDUCATIVA ACI\u201d utworzony 20 grudnia 2012 r. We wrze\u015bniu 2013 r. wszystkie szko\u0142y z Hiszpanii sta\u0142y si\u0119 jego cz\u0119\u015bci\u0105. W Bilbao Fundacja ma dwie szko\u0142y: Fatima i T\u00edboli. W roku 2017\/18 do szk\u00f3\u0142 tych \u0142\u0105cznie ucz\u0119szcza\u0142o 803 uczni\u00f3w i pracowa\u0142o 52 nauczycieli.<a class=\"moretag\" href=\"https:\/\/compus.deusto.es\/pl\/esclavas-sc-fatima-school\/\"> Czytaj wi\u0119cej<\/a><\/p>\n","protected":false},"author":4,"featured_media":0,"parent":0,"menu_order":0,"comment_status":"closed","ping_status":"closed","template":"","meta":{"_monsterinsights_skip_tracking":false,"_monsterinsights_sitenote_active":false,"_monsterinsights_sitenote_note":"","_monsterinsights_sitenote_category":0,"footnotes":""},"class_list":["post-787","page","type-page","status-publish","hentry"],"yoast_head":"<!-- This site is optimized with the Yoast SEO plugin v27.0 - https:\/\/yoast.com\/product\/yoast-seo-wordpress\/ -->\n<title>Esclavas SC-Fatima School - COMPUS<\/title>\n<meta name=\"robots\" content=\"index, follow, max-snippet:-1, max-image-preview:large, max-video-preview:-1\" \/>\n<link rel=\"canonical\" href=\"https:\/\/compus.deusto.es\/pl\/esclavas-sc-fatima-school\/\" \/>\n<meta property=\"og:locale\" content=\"pl_PL\" \/>\n<meta property=\"og:type\" content=\"article\" \/>\n<meta property=\"og:title\" content=\"Esclavas SC-Fatima School - COMPUS\" \/>\n<meta property=\"og:description\" content=\"Esclavas SC-Fatima to o\u015brodek edukacyjny nale\u017c\u0105cy do \u201eFUNDACION EDUCATIVA ACI\u201d utworzony 20 grudnia 2012 r. We wrze\u015bniu 2013 r. wszystkie szko\u0142y z Hiszpanii sta\u0142y si\u0119 jego cz\u0119\u015bci\u0105. W Bilbao Fundacja ma dwie szko\u0142y: Fatima i T\u00edboli. W roku 2017\/18 do szk\u00f3\u0142 tych \u0142\u0105cznie ucz\u0119szcza\u0142o 803 uczni\u00f3w i pracowa\u0142o 52 nauczycieli. Czytaj wi\u0119cej\" \/>\n<meta property=\"og:url\" content=\"https:\/\/compus.deusto.es\/pl\/esclavas-sc-fatima-school\/\" \/>\n<meta property=\"og:site_name\" content=\"COMPUS\" \/>\n<meta property=\"article:modified_time\" content=\"2020-02-03T16:43:34+00:00\" \/>\n<meta property=\"og:image\" content=\"https:\/\/compus.deusto.es\/wp-content\/uploads\/2019\/03\/logo-aci.png\" \/>\n<meta name=\"twitter:card\" content=\"summary_large_image\" \/>\n<meta name=\"twitter:label1\" content=\"Szacowany czas czytania\" \/>\n\t<meta name=\"twitter:data1\" content=\"1 minuta\" \/>\n<script type=\"application\/ld+json\" class=\"yoast-schema-graph\">{\"@context\":\"https:\/\/schema.org\",\"@graph\":[{\"@type\":\"WebPage\",\"@id\":\"https:\/\/compus.deusto.es\/pl\/esclavas-sc-fatima-school\/\",\"url\":\"https:\/\/compus.deusto.es\/pl\/esclavas-sc-fatima-school\/\",\"name\":\"Esclavas SC-Fatima School - COMPUS\",\"isPartOf\":{\"@id\":\"https:\/\/compus.deusto.es\/#website\"},\"primaryImageOfPage\":{\"@id\":\"https:\/\/compus.deusto.es\/pl\/esclavas-sc-fatima-school\/#primaryimage\"},\"image\":{\"@id\":\"https:\/\/compus.deusto.es\/pl\/esclavas-sc-fatima-school\/#primaryimage\"},\"thumbnailUrl\":\"https:\/\/compus.deusto.es\/wp-content\/uploads\/2019\/03\/logo-aci.png\",\"datePublished\":\"2019-03-29T12:56:00+00:00\",\"dateModified\":\"2020-02-03T16:43:34+00:00\",\"breadcrumb\":{\"@id\":\"https:\/\/compus.deusto.es\/pl\/esclavas-sc-fatima-school\/#breadcrumb\"},\"inLanguage\":\"pl-PL\",\"potentialAction\":[{\"@type\":\"ReadAction\",\"target\":[\"https:\/\/compus.deusto.es\/pl\/esclavas-sc-fatima-school\/\"]}]},{\"@type\":\"ImageObject\",\"inLanguage\":\"pl-PL\",\"@id\":\"https:\/\/compus.deusto.es\/pl\/esclavas-sc-fatima-school\/#primaryimage\",\"url\":\"https:\/\/compus.deusto.es\/wp-content\/uploads\/2019\/03\/logo-aci.png\",\"contentUrl\":\"https:\/\/compus.deusto.es\/wp-content\/uploads\/2019\/03\/logo-aci.png\"},{\"@type\":\"BreadcrumbList\",\"@id\":\"https:\/\/compus.deusto.es\/pl\/esclavas-sc-fatima-school\/#breadcrumb\",\"itemListElement\":[{\"@type\":\"ListItem\",\"position\":1,\"name\":\"Portada\",\"item\":\"https:\/\/compus.deusto.es\/pl\/\"},{\"@type\":\"ListItem\",\"position\":2,\"name\":\"Esclavas SC-Fatima School\"}]},{\"@type\":\"WebSite\",\"@id\":\"https:\/\/compus.deusto.es\/#website\",\"url\":\"https:\/\/compus.deusto.es\/\",\"name\":\"COMPUS\",\"description\":\"COMPUS is a set of board games focused on the development of computational thinking.\",\"publisher\":{\"@id\":\"https:\/\/compus.deusto.es\/#organization\"},\"potentialAction\":[{\"@type\":\"SearchAction\",\"target\":{\"@type\":\"EntryPoint\",\"urlTemplate\":\"https:\/\/compus.deusto.es\/?s={search_term_string}\"},\"query-input\":{\"@type\":\"PropertyValueSpecification\",\"valueRequired\":true,\"valueName\":\"search_term_string\"}}],\"inLanguage\":\"pl-PL\"},{\"@type\":\"Organization\",\"@id\":\"https:\/\/compus.deusto.es\/#organization\",\"name\":\"University of Deusto\",\"url\":\"https:\/\/compus.deusto.es\/\",\"logo\":{\"@type\":\"ImageObject\",\"inLanguage\":\"pl-PL\",\"@id\":\"https:\/\/compus.deusto.es\/#\/schema\/logo\/image\/\",\"url\":\"https:\/\/compus.deusto.es\/wp-content\/uploads\/2021\/04\/compus-logo.png\",\"contentUrl\":\"https:\/\/compus.deusto.es\/wp-content\/uploads\/2021\/04\/compus-logo.png\",\"width\":600,\"height\":782,\"caption\":\"University of Deusto\"},\"image\":{\"@id\":\"https:\/\/compus.deusto.es\/#\/schema\/logo\/image\/\"}}]}<\/script>\n<!-- \/ Yoast SEO plugin. -->","yoast_head_json":{"title":"Esclavas SC-Fatima School - COMPUS","robots":{"index":"index","follow":"follow","max-snippet":"max-snippet:-1","max-image-preview":"max-image-preview:large","max-video-preview":"max-video-preview:-1"},"canonical":"https:\/\/compus.deusto.es\/pl\/esclavas-sc-fatima-school\/","og_locale":"pl_PL","og_type":"article","og_title":"Esclavas SC-Fatima School - COMPUS","og_description":"Esclavas SC-Fatima to o\u015brodek edukacyjny nale\u017c\u0105cy do \u201eFUNDACION EDUCATIVA ACI\u201d utworzony 20 grudnia 2012 r. We wrze\u015bniu 2013 r. wszystkie szko\u0142y z Hiszpanii sta\u0142y si\u0119 jego cz\u0119\u015bci\u0105. W Bilbao Fundacja ma dwie szko\u0142y: Fatima i T\u00edboli. W roku 2017\/18 do szk\u00f3\u0142 tych \u0142\u0105cznie ucz\u0119szcza\u0142o 803 uczni\u00f3w i pracowa\u0142o 52 nauczycieli. Czytaj wi\u0119cej","og_url":"https:\/\/compus.deusto.es\/pl\/esclavas-sc-fatima-school\/","og_site_name":"COMPUS","article_modified_time":"2020-02-03T16:43:34+00:00","og_image":[{"url":"https:\/\/compus.deusto.es\/wp-content\/uploads\/2019\/03\/logo-aci.png","type":"","width":"","height":""}],"twitter_card":"summary_large_image","twitter_misc":{"Szacowany czas czytania":"1 minuta"},"schema":{"@context":"https:\/\/schema.org","@graph":[{"@type":"WebPage","@id":"https:\/\/compus.deusto.es\/pl\/esclavas-sc-fatima-school\/","url":"https:\/\/compus.deusto.es\/pl\/esclavas-sc-fatima-school\/","name":"Esclavas SC-Fatima School - COMPUS","isPartOf":{"@id":"https:\/\/compus.deusto.es\/#website"},"primaryImageOfPage":{"@id":"https:\/\/compus.deusto.es\/pl\/esclavas-sc-fatima-school\/#primaryimage"},"image":{"@id":"https:\/\/compus.deusto.es\/pl\/esclavas-sc-fatima-school\/#primaryimage"},"thumbnailUrl":"https:\/\/compus.deusto.es\/wp-content\/uploads\/2019\/03\/logo-aci.png","datePublished":"2019-03-29T12:56:00+00:00","dateModified":"2020-02-03T16:43:34+00:00","breadcrumb":{"@id":"https:\/\/compus.deusto.es\/pl\/esclavas-sc-fatima-school\/#breadcrumb"},"inLanguage":"pl-PL","potentialAction":[{"@type":"ReadAction","target":["https:\/\/compus.deusto.es\/pl\/esclavas-sc-fatima-school\/"]}]},{"@type":"ImageObject","inLanguage":"pl-PL","@id":"https:\/\/compus.deusto.es\/pl\/esclavas-sc-fatima-school\/#primaryimage","url":"https:\/\/compus.deusto.es\/wp-content\/uploads\/2019\/03\/logo-aci.png","contentUrl":"https:\/\/compus.deusto.es\/wp-content\/uploads\/2019\/03\/logo-aci.png"},{"@type":"BreadcrumbList","@id":"https:\/\/compus.deusto.es\/pl\/esclavas-sc-fatima-school\/#breadcrumb","itemListElement":[{"@type":"ListItem","position":1,"name":"Portada","item":"https:\/\/compus.deusto.es\/pl\/"},{"@type":"ListItem","position":2,"name":"Esclavas SC-Fatima School"}]},{"@type":"WebSite","@id":"https:\/\/compus.deusto.es\/#website","url":"https:\/\/compus.deusto.es\/","name":"COMPUS","description":"COMPUS is a set of board games focused on the development of computational thinking.","publisher":{"@id":"https:\/\/compus.deusto.es\/#organization"},"potentialAction":[{"@type":"SearchAction","target":{"@type":"EntryPoint","urlTemplate":"https:\/\/compus.deusto.es\/?s={search_term_string}"},"query-input":{"@type":"PropertyValueSpecification","valueRequired":true,"valueName":"search_term_string"}}],"inLanguage":"pl-PL"},{"@type":"Organization","@id":"https:\/\/compus.deusto.es\/#organization","name":"University of Deusto","url":"https:\/\/compus.deusto.es\/","logo":{"@type":"ImageObject","inLanguage":"pl-PL","@id":"https:\/\/compus.deusto.es\/#\/schema\/logo\/image\/","url":"https:\/\/compus.deusto.es\/wp-content\/uploads\/2021\/04\/compus-logo.png","contentUrl":"https:\/\/compus.deusto.es\/wp-content\/uploads\/2021\/04\/compus-logo.png","width":600,"height":782,"caption":"University of Deusto"},"image":{"@id":"https:\/\/compus.deusto.es\/#\/schema\/logo\/image\/"}}]}},"_links":{"self":[{"href":"https:\/\/compus.deusto.es\/pl\/wp-json\/wp\/v2\/pages\/787","targetHints":{"allow":["GET"]}}],"collection":[{"href":"https:\/\/compus.deusto.es\/pl\/wp-json\/wp\/v2\/pages"}],"about":[{"href":"https:\/\/compus.deusto.es\/pl\/wp-json\/wp\/v2\/types\/page"}],"author":[{"embeddable":true,"href":"https:\/\/compus.deusto.es\/pl\/wp-json\/wp\/v2\/users\/4"}],"replies":[{"embeddable":true,"href":"https:\/\/compus.deusto.es\/pl\/wp-json\/wp\/v2\/comments?post=787"}],"version-history":[{"count":4,"href":"https:\/\/compus.deusto.es\/pl\/wp-json\/wp\/v2\/pages\/787\/revisions"}],"predecessor-version":[{"id":803,"href":"https:\/\/compus.deusto.es\/pl\/wp-json\/wp\/v2\/pages\/787\/revisions\/803"}],"wp:attachment":[{"href":"https:\/\/compus.deusto.es\/pl\/wp-json\/wp\/v2\/media?parent=787"}],"curies":[{"name":"wp","href":"https:\/\/api.w.org\/{rel}","templated":true}]}}