{"id":1014,"date":"2021-01-28T10:18:41","date_gmt":"2021-01-28T09:18:41","guid":{"rendered":"https:\/\/compus.deusto.es\/arqueras-de-nand\/"},"modified":"2021-02-03T12:51:45","modified_gmt":"2021-02-03T11:51:45","slug":"nand","status":"publish","type":"page","link":"https:\/\/compus.deusto.es\/ro\/nand\/","title":{"rendered":"Archers of Nand"},"content":{"rendered":"\n<div class=\"wp-block-themeisle-blocks-advanced-columns has-1-columns has-desktop-equal-layout has-tablet-equal-layout has-mobile-equal-layout has-default-gap has-vertical-unset\" id=\"wp-block-themeisle-blocks-advanced-columns-e22f6a34\"><div class=\"wp-block-themeisle-blocks-advanced-columns-overlay\"><\/div><div class=\"innerblocks-wrap\">\n<div class=\"wp-block-themeisle-blocks-advanced-column\" id=\"wp-block-themeisle-blocks-advanced-column-712885d9\">\n<article class=\"feature left\">\n<div class=\"content\">\n<h2>CE ESTE <strong>ARCA\u0218II DIN NAND<\/strong>?<\/h2>\n<p><span class=\"image\"><img fetchpriority=\"high\" decoding=\"async\" src=\"https:\/\/compus.deusto.es\/wp-content\/uploads\/2021\/01\/arqueras_title-1024x477.png\" alt=\"\" width=\"750\" height=\"349\" class=\"alignnone wp-image-997 size-large\" srcset=\"https:\/\/compus.deusto.es\/wp-content\/uploads\/2021\/01\/arqueras_title-1024x477.png 1024w, https:\/\/compus.deusto.es\/wp-content\/uploads\/2021\/01\/arqueras_title-300x140.png 300w, https:\/\/compus.deusto.es\/wp-content\/uploads\/2021\/01\/arqueras_title-768x358.png 768w, https:\/\/compus.deusto.es\/wp-content\/uploads\/2021\/01\/arqueras_title.png 1078w\" sizes=\"(max-width: 750px) 100vw, 750px\" \/><\/span><\/p>\n<div class=\"page\" title=\"Page 1\">\n<div class=\"layoutArea\">\n<div class=\"column\">\n<p><i>Valea Nandului e invadat\u0103 de hoardele s\u0103lbatice de orci. \u00cen timp ce r\u0103zboinicii locali pierd lupta corp la corp, arca\u0219ii din valea Nand profit\u0103 de pozi\u021bionarea pe culmile mun\u021bilor pentru a nimici trupele inamice. \u00cen acest joc, trebuie s\u0103 protejezi valea prin coordonarea r\u0103zboinicilor \u0219i arca\u0219ilor din Nand \u00eenainte ca orcii s\u0103 distrug\u0103 \u021binutul<\/i><\/p>\n<\/div>\n<\/div>\n<\/div>\n<p><strong>ARCA\u0218II DIN NAND<\/strong> este un joc care te va \u00eenv\u0103\u021ba principiile de baz\u0103 ale bazelor de date. (VALEA NANDULUI reprezint\u0103 o mic\u0103 TABEL\u0102 din baza de date, din care po\u021bi SELECTA teritoriile ca s\u0103 po\u021bi ataca orcii).<\/p>\n<\/div>\n<\/article>\n<article class=\"feature right\"><span class=\"image\"><img decoding=\"async\" src=\"https:\/\/compus.deusto.es\/wp-content\/uploads\/2021\/01\/arqueras_juego-1024x661.png\" alt=\"\" width=\"750\" height=\"484\" class=\"alignnone wp-image-998 size-large\" srcset=\"https:\/\/compus.deusto.es\/wp-content\/uploads\/2021\/01\/arqueras_juego-1024x661.png 1024w, https:\/\/compus.deusto.es\/wp-content\/uploads\/2021\/01\/arqueras_juego-300x194.png 300w, https:\/\/compus.deusto.es\/wp-content\/uploads\/2021\/01\/arqueras_juego-768x496.png 768w, https:\/\/compus.deusto.es\/wp-content\/uploads\/2021\/01\/arqueras_juego.png 1270w\" sizes=\"(max-width: 750px) 100vw, 750px\" \/><\/span>\n<p><\/p>\n<div class=\"content\">\n<h2>CUM S\u0102 ACCESEZI JOCUL <strong>ARCA\u0218II DIN NAND<\/strong>?<\/h2>\n<ul>\n<li><strong>Printeaz\u0103 &amp; Joac\u0103:<\/strong> <a href=\"https:\/\/bit.ly\/print-nand\">Cardurile<\/a>\u00a0<\/li>\n<li><strong>Instruc\u021biuni:<\/strong>\n<ul>\n<li><a href=\"http:\/\/bit.ly\/arquerasnand-es\">Spanish<\/a><\/li>\n<li><a href=\"http:\/\/bit.ly\/arquerasnand-en\">English<\/a><\/li>\n<li><a href=\"http:\/\/bit.ly\/arquerasnand-eu\">Basque<\/a><\/li>\n<li><a href=\"http:\/\/bit.ly\/arquerasnand-ro\">Romanian<\/a><\/li>\n<li><a href=\"http:\/\/bit.ly\/arquerasnand-pl\">Polish<\/a><\/li>\n<li><a href=\"http:\/\/bit.ly\/arquerasnand-cat\">Catalonian<\/a><\/li>\n<li><a href=\"http:\/\/bit.ly\/arquerasnand-fr\">French<\/a><\/li>\n<li><a href=\"http:\/\/bit.ly\/arquerasnand-de\">German<\/a><\/li>\n<li><a href=\"http:\/\/bit.ly\/arquerasnand-hu\">Hungarian<\/a><\/li>\n<li><a href=\"http:\/\/bit.ly\/arquerasnand-it\">Italian<\/a><strong><\/strong><strong><\/strong><\/li>\n<\/ul>\n<\/li>\n<\/ul>\n<\/div>\n<\/article>\n<\/div>\n<\/div><\/div>\n","protected":false},"excerpt":{"rendered":"","protected":false},"author":4,"featured_media":0,"parent":0,"menu_order":0,"comment_status":"closed","ping_status":"closed","template":"","meta":{"_monsterinsights_skip_tracking":false,"_monsterinsights_sitenote_active":false,"_monsterinsights_sitenote_note":"","_monsterinsights_sitenote_category":0,"footnotes":""},"class_list":["post-1014","page","type-page","status-publish","hentry"],"yoast_head":"<!-- This site is optimized with the Yoast SEO plugin v27.0 - https:\/\/yoast.com\/product\/yoast-seo-wordpress\/ -->\n<title>Archers of Nand - COMPUS<\/title>\n<meta name=\"robots\" content=\"index, follow, max-snippet:-1, max-image-preview:large, max-video-preview:-1\" \/>\n<link rel=\"canonical\" href=\"https:\/\/compus.deusto.es\/ro\/nand\/\" \/>\n<meta property=\"og:locale\" content=\"ro_RO\" \/>\n<meta property=\"og:type\" content=\"article\" \/>\n<meta property=\"og:title\" content=\"Archers of Nand - COMPUS\" \/>\n<meta property=\"og:url\" content=\"https:\/\/compus.deusto.es\/ro\/nand\/\" \/>\n<meta property=\"og:site_name\" content=\"COMPUS\" \/>\n<meta property=\"article:modified_time\" content=\"2021-02-03T11:51:45+00:00\" \/>\n<meta property=\"og:image\" content=\"https:\/\/compus.deusto.es\/wp-content\/uploads\/2021\/01\/arqueras_title-1024x477.png\" \/>\n<meta name=\"twitter:card\" content=\"summary_large_image\" \/>\n<meta name=\"twitter:label1\" content=\"Timp estimat pentru citire\" \/>\n\t<meta name=\"twitter:data1\" content=\"1 minut\" \/>\n<script type=\"application\/ld+json\" class=\"yoast-schema-graph\">{\"@context\":\"https:\/\/schema.org\",\"@graph\":[{\"@type\":\"WebPage\",\"@id\":\"https:\/\/compus.deusto.es\/ro\/nand\/\",\"url\":\"https:\/\/compus.deusto.es\/ro\/nand\/\",\"name\":\"Archers of Nand - COMPUS\",\"isPartOf\":{\"@id\":\"https:\/\/compus.deusto.es\/#website\"},\"primaryImageOfPage\":{\"@id\":\"https:\/\/compus.deusto.es\/ro\/nand\/#primaryimage\"},\"image\":{\"@id\":\"https:\/\/compus.deusto.es\/ro\/nand\/#primaryimage\"},\"thumbnailUrl\":\"https:\/\/compus.deusto.es\/wp-content\/uploads\/2021\/01\/arqueras_title-1024x477.png\",\"datePublished\":\"2021-01-28T09:18:41+00:00\",\"dateModified\":\"2021-02-03T11:51:45+00:00\",\"breadcrumb\":{\"@id\":\"https:\/\/compus.deusto.es\/ro\/nand\/#breadcrumb\"},\"inLanguage\":\"ro-RO\",\"potentialAction\":[{\"@type\":\"ReadAction\",\"target\":[\"https:\/\/compus.deusto.es\/ro\/nand\/\"]}]},{\"@type\":\"ImageObject\",\"inLanguage\":\"ro-RO\",\"@id\":\"https:\/\/compus.deusto.es\/ro\/nand\/#primaryimage\",\"url\":\"https:\/\/compus.deusto.es\/wp-content\/uploads\/2021\/01\/arqueras_title-1024x477.png\",\"contentUrl\":\"https:\/\/compus.deusto.es\/wp-content\/uploads\/2021\/01\/arqueras_title-1024x477.png\"},{\"@type\":\"BreadcrumbList\",\"@id\":\"https:\/\/compus.deusto.es\/ro\/nand\/#breadcrumb\",\"itemListElement\":[{\"@type\":\"ListItem\",\"position\":1,\"name\":\"Portada\",\"item\":\"https:\/\/compus.deusto.es\/ro\/\"},{\"@type\":\"ListItem\",\"position\":2,\"name\":\"Archers of Nand\"}]},{\"@type\":\"WebSite\",\"@id\":\"https:\/\/compus.deusto.es\/#website\",\"url\":\"https:\/\/compus.deusto.es\/\",\"name\":\"COMPUS\",\"description\":\"COMPUS is a set of board games focused on the development of computational thinking.\",\"publisher\":{\"@id\":\"https:\/\/compus.deusto.es\/#organization\"},\"potentialAction\":[{\"@type\":\"SearchAction\",\"target\":{\"@type\":\"EntryPoint\",\"urlTemplate\":\"https:\/\/compus.deusto.es\/?s={search_term_string}\"},\"query-input\":{\"@type\":\"PropertyValueSpecification\",\"valueRequired\":true,\"valueName\":\"search_term_string\"}}],\"inLanguage\":\"ro-RO\"},{\"@type\":\"Organization\",\"@id\":\"https:\/\/compus.deusto.es\/#organization\",\"name\":\"University of Deusto\",\"url\":\"https:\/\/compus.deusto.es\/\",\"logo\":{\"@type\":\"ImageObject\",\"inLanguage\":\"ro-RO\",\"@id\":\"https:\/\/compus.deusto.es\/#\/schema\/logo\/image\/\",\"url\":\"https:\/\/compus.deusto.es\/wp-content\/uploads\/2021\/04\/compus-logo.png\",\"contentUrl\":\"https:\/\/compus.deusto.es\/wp-content\/uploads\/2021\/04\/compus-logo.png\",\"width\":600,\"height\":782,\"caption\":\"University of Deusto\"},\"image\":{\"@id\":\"https:\/\/compus.deusto.es\/#\/schema\/logo\/image\/\"}}]}<\/script>\n<!-- \/ Yoast SEO plugin. -->","yoast_head_json":{"title":"Archers of Nand - COMPUS","robots":{"index":"index","follow":"follow","max-snippet":"max-snippet:-1","max-image-preview":"max-image-preview:large","max-video-preview":"max-video-preview:-1"},"canonical":"https:\/\/compus.deusto.es\/ro\/nand\/","og_locale":"ro_RO","og_type":"article","og_title":"Archers of Nand - COMPUS","og_url":"https:\/\/compus.deusto.es\/ro\/nand\/","og_site_name":"COMPUS","article_modified_time":"2021-02-03T11:51:45+00:00","og_image":[{"url":"https:\/\/compus.deusto.es\/wp-content\/uploads\/2021\/01\/arqueras_title-1024x477.png","type":"","width":"","height":""}],"twitter_card":"summary_large_image","twitter_misc":{"Timp estimat pentru citire":"1 minut"},"schema":{"@context":"https:\/\/schema.org","@graph":[{"@type":"WebPage","@id":"https:\/\/compus.deusto.es\/ro\/nand\/","url":"https:\/\/compus.deusto.es\/ro\/nand\/","name":"Archers of Nand - COMPUS","isPartOf":{"@id":"https:\/\/compus.deusto.es\/#website"},"primaryImageOfPage":{"@id":"https:\/\/compus.deusto.es\/ro\/nand\/#primaryimage"},"image":{"@id":"https:\/\/compus.deusto.es\/ro\/nand\/#primaryimage"},"thumbnailUrl":"https:\/\/compus.deusto.es\/wp-content\/uploads\/2021\/01\/arqueras_title-1024x477.png","datePublished":"2021-01-28T09:18:41+00:00","dateModified":"2021-02-03T11:51:45+00:00","breadcrumb":{"@id":"https:\/\/compus.deusto.es\/ro\/nand\/#breadcrumb"},"inLanguage":"ro-RO","potentialAction":[{"@type":"ReadAction","target":["https:\/\/compus.deusto.es\/ro\/nand\/"]}]},{"@type":"ImageObject","inLanguage":"ro-RO","@id":"https:\/\/compus.deusto.es\/ro\/nand\/#primaryimage","url":"https:\/\/compus.deusto.es\/wp-content\/uploads\/2021\/01\/arqueras_title-1024x477.png","contentUrl":"https:\/\/compus.deusto.es\/wp-content\/uploads\/2021\/01\/arqueras_title-1024x477.png"},{"@type":"BreadcrumbList","@id":"https:\/\/compus.deusto.es\/ro\/nand\/#breadcrumb","itemListElement":[{"@type":"ListItem","position":1,"name":"Portada","item":"https:\/\/compus.deusto.es\/ro\/"},{"@type":"ListItem","position":2,"name":"Archers of Nand"}]},{"@type":"WebSite","@id":"https:\/\/compus.deusto.es\/#website","url":"https:\/\/compus.deusto.es\/","name":"COMPUS","description":"COMPUS is a set of board games focused on the development of computational thinking.","publisher":{"@id":"https:\/\/compus.deusto.es\/#organization"},"potentialAction":[{"@type":"SearchAction","target":{"@type":"EntryPoint","urlTemplate":"https:\/\/compus.deusto.es\/?s={search_term_string}"},"query-input":{"@type":"PropertyValueSpecification","valueRequired":true,"valueName":"search_term_string"}}],"inLanguage":"ro-RO"},{"@type":"Organization","@id":"https:\/\/compus.deusto.es\/#organization","name":"University of Deusto","url":"https:\/\/compus.deusto.es\/","logo":{"@type":"ImageObject","inLanguage":"ro-RO","@id":"https:\/\/compus.deusto.es\/#\/schema\/logo\/image\/","url":"https:\/\/compus.deusto.es\/wp-content\/uploads\/2021\/04\/compus-logo.png","contentUrl":"https:\/\/compus.deusto.es\/wp-content\/uploads\/2021\/04\/compus-logo.png","width":600,"height":782,"caption":"University of Deusto"},"image":{"@id":"https:\/\/compus.deusto.es\/#\/schema\/logo\/image\/"}}]}},"_links":{"self":[{"href":"https:\/\/compus.deusto.es\/ro\/wp-json\/wp\/v2\/pages\/1014","targetHints":{"allow":["GET"]}}],"collection":[{"href":"https:\/\/compus.deusto.es\/ro\/wp-json\/wp\/v2\/pages"}],"about":[{"href":"https:\/\/compus.deusto.es\/ro\/wp-json\/wp\/v2\/types\/page"}],"author":[{"embeddable":true,"href":"https:\/\/compus.deusto.es\/ro\/wp-json\/wp\/v2\/users\/4"}],"replies":[{"embeddable":true,"href":"https:\/\/compus.deusto.es\/ro\/wp-json\/wp\/v2\/comments?post=1014"}],"version-history":[{"count":2,"href":"https:\/\/compus.deusto.es\/ro\/wp-json\/wp\/v2\/pages\/1014\/revisions"}],"predecessor-version":[{"id":1035,"href":"https:\/\/compus.deusto.es\/ro\/wp-json\/wp\/v2\/pages\/1014\/revisions\/1035"}],"wp:attachment":[{"href":"https:\/\/compus.deusto.es\/ro\/wp-json\/wp\/v2\/media?parent=1014"}],"curies":[{"name":"wp","href":"https:\/\/api.w.org\/{rel}","templated":true}]}}