{"id":770,"date":"2018-11-21T10:17:30","date_gmt":"2018-11-21T09:17:30","guid":{"rendered":"https:\/\/compus.deusto.es\/socios\/"},"modified":"2020-02-03T18:27:53","modified_gmt":"2020-02-03T17:27:53","slug":"parteneri","status":"publish","type":"page","link":"https:\/\/compus.deusto.es\/ro\/parteneri\/","title":{"rendered":"Parteneri"},"content":{"rendered":"<div class=\"row\">\n<div style=\"width: 33%; padding: 0 10px 0 0; float: left;\">\n<p><img decoding=\"async\" class=\"size-medium wp-image-12792 aligncenter\" src=\"https:\/\/compus.deusto.es\/wp-content\/uploads\/2018\/11\/deusto.jpg\" alt=\"UDeusto ingles\" width=\"300\" height=\"120\"><\/p>\n<h5>University of Deusto<\/h5>\n<p>Deusto are o misiune \u0219i un obiectiv educa\u021bional \u00eentemeiat pe excelen\u021ba academic\u0103 \u0219i responsabilitatea social\u0103, reflectat\u0103 \u00een angajamentul s\u0103u pentru metodele inovatoare de \u00eenv\u0103\u021bare.&nbsp;<a href=\"https:\/\/compus.deusto.es\/ro\/university-of-deusto\/\"><strong>+info<\/strong><\/a><br \/>\n<a href=\"https:\/\/www.deusto.es\/\" target=\"_blank\" rel=\"noopener noreferrer\">www.deusto.es<\/a><\/p>\n<\/div>\n<div style=\"width: 33%; padding: 0 10px 0 0; float: left;\">\n<p><img decoding=\"async\" class=\"size-medium wp-image-12792 aligncenter\" src=\"https:\/\/compus.deusto.es\/wp-content\/uploads\/2019\/03\/logo-aci.png\" alt=\"Esclavas ingles\" width=\"300\" height=\"120\"><\/p>\n<h5>Esclavas SC-Fatima School<\/h5>\n<p>Suntem o \u0219coal\u0103 de inova\u021bie care se remarc\u0103 prin acordarea de prioritate la \u00eenso\u021birea fiec\u0103rui elev \u00een maturizarea personal\u0103, academic\u0103 \u0219i spiritual\u0103.&nbsp;<a href=\"https:\/\/compus.deusto.es\/ro\/esclavas-sc-fatima-school\/\"><strong>+info<\/strong><\/a><br \/>\n<a href=\"https:\/\/www.colegioesclavasbilbao.com\/\" target=\"_blank\" rel=\"noopener noreferrer\"> www.colegioesclavasbilbao.com<\/a><\/p>\n<\/div>\n<div style=\"width: 33%; padding: 0 10px 0 0; float: left;\">\n<p><img decoding=\"async\" class=\"size-medium wp-image-12792 aligncenter\" src=\"https:\/\/compus.deusto.es\/wp-content\/uploads\/2019\/03\/logo-ferdinand-i.png\" alt=\"Ferdinand ingles\" width=\"300\" height=\"120\"><\/p>\n<h5>Scoala Gimnaziala Ferdinand I<\/h5>\n<p>Suntem \u0219coal\u0103 public\u0103 care func\u021bioneaz\u0103 \u00een sistemul de \u00eenv\u0103\u021b\u0103m\u00e2nt de stat. Lucr\u0103m cu elevi \u0219i pre-adolescen\u021bi care provin din diverse medii culturale. <a href=\"https:\/\/compus.deusto.es\/ro\/scoala-gimnaziala-ferdinand-i\/\"><strong>+info<\/strong><\/a><br \/>\n<a href=\"https:\/\/www.scoalaferdinand.com\/\" target=\"_blank\" rel=\"noopener noreferrer\">www.scoalaferdinand.com<\/a><\/p>\n<\/div>\n<\/div>\n<p>&nbsp;<\/p>\n<div class=\"row\">\n<div style=\"margin-left: 16%; width: 33%; padding: 0 10px 0 0; float: left;\">\n<p><img loading=\"lazy\" decoding=\"async\" class=\"size-medium wp-image-12792 aligncenter\" src=\"https:\/\/compus.deusto.es\/wp-content\/uploads\/2019\/03\/logo-agr.jpg\" alt=\"AGR ingles\" width=\"300\" height=\"120\"><\/p>\n<h5>AGRpriority<\/h5>\n<p>AGRpriority este o companie dedicat\u0103 produc\u021biei \u0219i fabric\u0103rii de jocuri de societate. (\u2018board games\u2019)&nbsp;<a href=\"https:\/\/compus.deusto.es\/ro\/agrpriority\/\"><strong>+info<\/strong><\/a><br \/>\n<a href=\"https:\/\/www.agrpriority.com\/\" target=\"_blank\" rel=\"noopener noreferrer\">www.agrpriority.com<\/a><\/p>\n<\/div>\n<div style=\"width: 33%; padding: 0 10px 0 0; float: left;\">\n<p><img loading=\"lazy\" decoding=\"async\" class=\"size-medium wp-image-12792 aligncenter\" src=\"https:\/\/compus.deusto.es\/wp-content\/uploads\/2019\/03\/logo-oeiizk.png\" alt=\"OEIiZK ingles\" width=\"300\" height=\"120\"><\/p>\n<h5>OEIiZK<\/h5>\n<p>OEIiZK este un centru care are ca scop \u00eembun\u0103t\u0103\u021birea \u0219i sus\u021binerea cadrelor didactice din domeniul educa\u021biei asistate de calculator \u0219i a aplica\u021biilor educa\u021bionale ale tehnologiei informa\u021biei.&nbsp;<a href=\"https:\/\/compus.deusto.es\/ro\/oeiizk\/\"><strong>+info<\/strong><\/a><br \/>\n<a href=\"https:\/\/www.oeiizk.waw.pl\/\" target=\"_blank\" rel=\"noopener noreferrer\">www.oeiizk.waw.pl<\/a><\/p>\n<\/div>\n<\/div>\n","protected":false},"excerpt":{"rendered":"<p>University of Deusto Deusto are o misiune \u0219i un obiectiv educa\u021bional \u00eentemeiat pe excelen\u021ba academic\u0103 \u0219i responsabilitatea social\u0103, reflectat\u0103 \u00een angajamentul s\u0103u pentru metodele inovatoare de \u00eenv\u0103\u021bare.&nbsp;+info www.deusto.es Esclavas SC-Fatima School Suntem o \u0219coal\u0103 de inova\u021bie care se remarc\u0103 prin acordarea de prioritate la \u00eenso\u021birea fiec\u0103rui elev \u00een maturizarea personal\u0103,<a class=\"moretag\" href=\"https:\/\/compus.deusto.es\/ro\/parteneri\/\"> Read more<\/a><\/p>\n","protected":false},"author":4,"featured_media":0,"parent":0,"menu_order":0,"comment_status":"closed","ping_status":"closed","template":"page-templates\/template-fullwidth.php","meta":{"_monsterinsights_skip_tracking":false,"_monsterinsights_sitenote_active":false,"_monsterinsights_sitenote_note":"","_monsterinsights_sitenote_category":0,"footnotes":""},"class_list":["post-770","page","type-page","status-publish","hentry"],"yoast_head":"<!-- This site is optimized with the Yoast SEO plugin v27.0 - https:\/\/yoast.com\/product\/yoast-seo-wordpress\/ -->\n<title>Parteneri - COMPUS<\/title>\n<meta name=\"robots\" content=\"index, follow, max-snippet:-1, max-image-preview:large, max-video-preview:-1\" \/>\n<link rel=\"canonical\" href=\"https:\/\/compus.deusto.es\/ro\/parteneri\/\" \/>\n<meta property=\"og:locale\" content=\"ro_RO\" \/>\n<meta property=\"og:type\" content=\"article\" \/>\n<meta property=\"og:title\" content=\"Parteneri - COMPUS\" \/>\n<meta property=\"og:description\" content=\"University of Deusto Deusto are o misiune \u0219i un obiectiv educa\u021bional \u00eentemeiat pe excelen\u021ba academic\u0103 \u0219i responsabilitatea social\u0103, reflectat\u0103 \u00een angajamentul s\u0103u pentru metodele inovatoare de \u00eenv\u0103\u021bare.&nbsp;+info www.deusto.es Esclavas SC-Fatima School Suntem o \u0219coal\u0103 de inova\u021bie care se remarc\u0103 prin acordarea de prioritate la \u00eenso\u021birea fiec\u0103rui elev \u00een maturizarea personal\u0103, Read more\" \/>\n<meta property=\"og:url\" content=\"https:\/\/compus.deusto.es\/ro\/parteneri\/\" \/>\n<meta property=\"og:site_name\" content=\"COMPUS\" \/>\n<meta property=\"article:modified_time\" content=\"2020-02-03T17:27:53+00:00\" \/>\n<meta property=\"og:image\" content=\"https:\/\/compus.deusto.es\/wp-content\/uploads\/2018\/11\/deusto.jpg\" \/>\n<meta name=\"twitter:card\" content=\"summary_large_image\" \/>\n<meta name=\"twitter:label1\" content=\"Timp estimat pentru citire\" \/>\n\t<meta name=\"twitter:data1\" content=\"1 minut\" \/>\n<script type=\"application\/ld+json\" class=\"yoast-schema-graph\">{\"@context\":\"https:\/\/schema.org\",\"@graph\":[{\"@type\":\"WebPage\",\"@id\":\"https:\/\/compus.deusto.es\/ro\/parteneri\/\",\"url\":\"https:\/\/compus.deusto.es\/ro\/parteneri\/\",\"name\":\"Parteneri - COMPUS\",\"isPartOf\":{\"@id\":\"https:\/\/compus.deusto.es\/#website\"},\"primaryImageOfPage\":{\"@id\":\"https:\/\/compus.deusto.es\/ro\/parteneri\/#primaryimage\"},\"image\":{\"@id\":\"https:\/\/compus.deusto.es\/ro\/parteneri\/#primaryimage\"},\"thumbnailUrl\":\"https:\/\/compus.deusto.es\/wp-content\/uploads\/2018\/11\/deusto.jpg\",\"datePublished\":\"2018-11-21T09:17:30+00:00\",\"dateModified\":\"2020-02-03T17:27:53+00:00\",\"breadcrumb\":{\"@id\":\"https:\/\/compus.deusto.es\/ro\/parteneri\/#breadcrumb\"},\"inLanguage\":\"ro-RO\",\"potentialAction\":[{\"@type\":\"ReadAction\",\"target\":[\"https:\/\/compus.deusto.es\/ro\/parteneri\/\"]}]},{\"@type\":\"ImageObject\",\"inLanguage\":\"ro-RO\",\"@id\":\"https:\/\/compus.deusto.es\/ro\/parteneri\/#primaryimage\",\"url\":\"https:\/\/compus.deusto.es\/wp-content\/uploads\/2018\/11\/deusto.jpg\",\"contentUrl\":\"https:\/\/compus.deusto.es\/wp-content\/uploads\/2018\/11\/deusto.jpg\"},{\"@type\":\"BreadcrumbList\",\"@id\":\"https:\/\/compus.deusto.es\/ro\/parteneri\/#breadcrumb\",\"itemListElement\":[{\"@type\":\"ListItem\",\"position\":1,\"name\":\"Portada\",\"item\":\"https:\/\/compus.deusto.es\/ro\/\"},{\"@type\":\"ListItem\",\"position\":2,\"name\":\"Parteneri\"}]},{\"@type\":\"WebSite\",\"@id\":\"https:\/\/compus.deusto.es\/#website\",\"url\":\"https:\/\/compus.deusto.es\/\",\"name\":\"COMPUS\",\"description\":\"COMPUS is a set of board games focused on the development of computational thinking.\",\"publisher\":{\"@id\":\"https:\/\/compus.deusto.es\/#organization\"},\"potentialAction\":[{\"@type\":\"SearchAction\",\"target\":{\"@type\":\"EntryPoint\",\"urlTemplate\":\"https:\/\/compus.deusto.es\/?s={search_term_string}\"},\"query-input\":{\"@type\":\"PropertyValueSpecification\",\"valueRequired\":true,\"valueName\":\"search_term_string\"}}],\"inLanguage\":\"ro-RO\"},{\"@type\":\"Organization\",\"@id\":\"https:\/\/compus.deusto.es\/#organization\",\"name\":\"University of Deusto\",\"url\":\"https:\/\/compus.deusto.es\/\",\"logo\":{\"@type\":\"ImageObject\",\"inLanguage\":\"ro-RO\",\"@id\":\"https:\/\/compus.deusto.es\/#\/schema\/logo\/image\/\",\"url\":\"https:\/\/compus.deusto.es\/wp-content\/uploads\/2021\/04\/compus-logo.png\",\"contentUrl\":\"https:\/\/compus.deusto.es\/wp-content\/uploads\/2021\/04\/compus-logo.png\",\"width\":600,\"height\":782,\"caption\":\"University of Deusto\"},\"image\":{\"@id\":\"https:\/\/compus.deusto.es\/#\/schema\/logo\/image\/\"}}]}<\/script>\n<!-- \/ Yoast SEO plugin. -->","yoast_head_json":{"title":"Parteneri - COMPUS","robots":{"index":"index","follow":"follow","max-snippet":"max-snippet:-1","max-image-preview":"max-image-preview:large","max-video-preview":"max-video-preview:-1"},"canonical":"https:\/\/compus.deusto.es\/ro\/parteneri\/","og_locale":"ro_RO","og_type":"article","og_title":"Parteneri - COMPUS","og_description":"University of Deusto Deusto are o misiune \u0219i un obiectiv educa\u021bional \u00eentemeiat pe excelen\u021ba academic\u0103 \u0219i responsabilitatea social\u0103, reflectat\u0103 \u00een angajamentul s\u0103u pentru metodele inovatoare de \u00eenv\u0103\u021bare.&nbsp;+info www.deusto.es Esclavas SC-Fatima School Suntem o \u0219coal\u0103 de inova\u021bie care se remarc\u0103 prin acordarea de prioritate la \u00eenso\u021birea fiec\u0103rui elev \u00een maturizarea personal\u0103, Read more","og_url":"https:\/\/compus.deusto.es\/ro\/parteneri\/","og_site_name":"COMPUS","article_modified_time":"2020-02-03T17:27:53+00:00","og_image":[{"url":"https:\/\/compus.deusto.es\/wp-content\/uploads\/2018\/11\/deusto.jpg","type":"","width":"","height":""}],"twitter_card":"summary_large_image","twitter_misc":{"Timp estimat pentru citire":"1 minut"},"schema":{"@context":"https:\/\/schema.org","@graph":[{"@type":"WebPage","@id":"https:\/\/compus.deusto.es\/ro\/parteneri\/","url":"https:\/\/compus.deusto.es\/ro\/parteneri\/","name":"Parteneri - COMPUS","isPartOf":{"@id":"https:\/\/compus.deusto.es\/#website"},"primaryImageOfPage":{"@id":"https:\/\/compus.deusto.es\/ro\/parteneri\/#primaryimage"},"image":{"@id":"https:\/\/compus.deusto.es\/ro\/parteneri\/#primaryimage"},"thumbnailUrl":"https:\/\/compus.deusto.es\/wp-content\/uploads\/2018\/11\/deusto.jpg","datePublished":"2018-11-21T09:17:30+00:00","dateModified":"2020-02-03T17:27:53+00:00","breadcrumb":{"@id":"https:\/\/compus.deusto.es\/ro\/parteneri\/#breadcrumb"},"inLanguage":"ro-RO","potentialAction":[{"@type":"ReadAction","target":["https:\/\/compus.deusto.es\/ro\/parteneri\/"]}]},{"@type":"ImageObject","inLanguage":"ro-RO","@id":"https:\/\/compus.deusto.es\/ro\/parteneri\/#primaryimage","url":"https:\/\/compus.deusto.es\/wp-content\/uploads\/2018\/11\/deusto.jpg","contentUrl":"https:\/\/compus.deusto.es\/wp-content\/uploads\/2018\/11\/deusto.jpg"},{"@type":"BreadcrumbList","@id":"https:\/\/compus.deusto.es\/ro\/parteneri\/#breadcrumb","itemListElement":[{"@type":"ListItem","position":1,"name":"Portada","item":"https:\/\/compus.deusto.es\/ro\/"},{"@type":"ListItem","position":2,"name":"Parteneri"}]},{"@type":"WebSite","@id":"https:\/\/compus.deusto.es\/#website","url":"https:\/\/compus.deusto.es\/","name":"COMPUS","description":"COMPUS is a set of board games focused on the development of computational thinking.","publisher":{"@id":"https:\/\/compus.deusto.es\/#organization"},"potentialAction":[{"@type":"SearchAction","target":{"@type":"EntryPoint","urlTemplate":"https:\/\/compus.deusto.es\/?s={search_term_string}"},"query-input":{"@type":"PropertyValueSpecification","valueRequired":true,"valueName":"search_term_string"}}],"inLanguage":"ro-RO"},{"@type":"Organization","@id":"https:\/\/compus.deusto.es\/#organization","name":"University of Deusto","url":"https:\/\/compus.deusto.es\/","logo":{"@type":"ImageObject","inLanguage":"ro-RO","@id":"https:\/\/compus.deusto.es\/#\/schema\/logo\/image\/","url":"https:\/\/compus.deusto.es\/wp-content\/uploads\/2021\/04\/compus-logo.png","contentUrl":"https:\/\/compus.deusto.es\/wp-content\/uploads\/2021\/04\/compus-logo.png","width":600,"height":782,"caption":"University of Deusto"},"image":{"@id":"https:\/\/compus.deusto.es\/#\/schema\/logo\/image\/"}}]}},"_links":{"self":[{"href":"https:\/\/compus.deusto.es\/ro\/wp-json\/wp\/v2\/pages\/770","targetHints":{"allow":["GET"]}}],"collection":[{"href":"https:\/\/compus.deusto.es\/ro\/wp-json\/wp\/v2\/pages"}],"about":[{"href":"https:\/\/compus.deusto.es\/ro\/wp-json\/wp\/v2\/types\/page"}],"author":[{"embeddable":true,"href":"https:\/\/compus.deusto.es\/ro\/wp-json\/wp\/v2\/users\/4"}],"replies":[{"embeddable":true,"href":"https:\/\/compus.deusto.es\/ro\/wp-json\/wp\/v2\/comments?post=770"}],"version-history":[{"count":5,"href":"https:\/\/compus.deusto.es\/ro\/wp-json\/wp\/v2\/pages\/770\/revisions"}],"predecessor-version":[{"id":874,"href":"https:\/\/compus.deusto.es\/ro\/wp-json\/wp\/v2\/pages\/770\/revisions\/874"}],"wp:attachment":[{"href":"https:\/\/compus.deusto.es\/ro\/wp-json\/wp\/v2\/media?parent=770"}],"curies":[{"name":"wp","href":"https:\/\/api.w.org\/{rel}","templated":true}]}}