{"id":781,"date":"2018-11-21T13:22:49","date_gmt":"2018-11-21T12:22:49","guid":{"rendered":"https:\/\/compus.deusto.es\/university-of-deusto\/"},"modified":"2020-02-03T17:55:12","modified_gmt":"2020-02-03T16:55:12","slug":"university-of-deusto","status":"publish","type":"page","link":"https:\/\/compus.deusto.es\/ro\/university-of-deusto\/","title":{"rendered":"University of Deusto"},"content":{"rendered":"<p><img decoding=\"async\" class=\" wp-image-12924 alignleft\" src=\"https:\/\/misstohit.deusto.es\/wp-content\/uploads\/deusto-300x300.jpg\" alt=\"deusto\" width=\"206\" height=\"206\"><\/p>\n<p>Cu o tradi\u021bie \u00eendelungat\u0103 \u0219i bine pus\u0103 la punct, fondat\u0103 \u00een 1886 ca institu\u021bie de \u00eenv\u0103\u021b\u0103m\u00e2nt superior, Universitatea din Deusto are o misiune \u0219i un obiectiv educa\u021bional \u00eentemeiat ferm \u00een excelen\u021ba academic\u0103 \u0219i responsabilitatea social\u0103, care vizeaz\u0103 generarea unei cre\u0219teri economice durabile \u0219i aduce contribu\u021bii pozitive la construirea unor societ\u0103\u021bi mai corecte , at\u00e2t din punct de vedere inclusiv c\u00e2t \u0219i la nivel uman.<\/p>\n<blockquote><p>Excelen\u021ba academic\u0103 a Universit\u0103\u021bii din Deusto se reflect\u0103 \u00een angajamentul s\u0103u fa\u021b\u0103 de metodele inovatoare de \u00eenv\u0103\u021bare<\/p><\/blockquote>\n<p>LearningLab, grupul de cercetare de la Facultatea de Inginerie care coordoneaz\u0103 proiectul COMPUS, lucreaz\u0103 la \u00eembun\u0103t\u0103\u021birea \u00eenv\u0103\u021b\u0103rii \u0219i pred\u0103rii STEM * \u00een medii formale, nonformale \u0219i informale. Dezvolt\u0103m proiecte de cercetare \u0219i dezvoltare pentru implicarea \u0219i cre\u0219terea interesului tinerilor din domeniile legate de STEM prin metode \u0219i instrumente inovatoare.<br \/>\n<em>*STEM = Science, Technology, Engineering, Maths<\/em><!--more--><\/p>\n","protected":false},"excerpt":{"rendered":"<p>Cu o tradi\u021bie \u00eendelungat\u0103 \u0219i bine pus\u0103 la punct, fondat\u0103 \u00een 1886 ca institu\u021bie de \u00eenv\u0103\u021b\u0103m\u00e2nt superior, Universitatea din Deusto are o misiune \u0219i un obiectiv educa\u021bional \u00eentemeiat ferm \u00een excelen\u021ba academic\u0103 \u0219i responsabilitatea social\u0103, care vizeaz\u0103 generarea unei cre\u0219teri economice durabile \u0219i aduce contribu\u021bii pozitive la construirea unor societ\u0103\u021bi<a class=\"moretag\" href=\"https:\/\/compus.deusto.es\/ro\/university-of-deusto\/\"> Read more<\/a><\/p>\n","protected":false},"author":4,"featured_media":0,"parent":0,"menu_order":0,"comment_status":"closed","ping_status":"closed","template":"","meta":{"_monsterinsights_skip_tracking":false,"_monsterinsights_sitenote_active":false,"_monsterinsights_sitenote_note":"","_monsterinsights_sitenote_category":0,"footnotes":""},"class_list":["post-781","page","type-page","status-publish","hentry"],"yoast_head":"<!-- This site is optimized with the Yoast SEO plugin v27.0 - https:\/\/yoast.com\/product\/yoast-seo-wordpress\/ -->\n<title>University of Deusto - COMPUS<\/title>\n<meta name=\"robots\" content=\"index, follow, max-snippet:-1, max-image-preview:large, max-video-preview:-1\" \/>\n<link rel=\"canonical\" href=\"https:\/\/compus.deusto.es\/ro\/university-of-deusto\/\" \/>\n<meta property=\"og:locale\" content=\"ro_RO\" \/>\n<meta property=\"og:type\" content=\"article\" \/>\n<meta property=\"og:title\" content=\"University of Deusto - COMPUS\" \/>\n<meta property=\"og:description\" content=\"Cu o tradi\u021bie \u00eendelungat\u0103 \u0219i bine pus\u0103 la punct, fondat\u0103 \u00een 1886 ca institu\u021bie de \u00eenv\u0103\u021b\u0103m\u00e2nt superior, Universitatea din Deusto are o misiune \u0219i un obiectiv educa\u021bional \u00eentemeiat ferm \u00een excelen\u021ba academic\u0103 \u0219i responsabilitatea social\u0103, care vizeaz\u0103 generarea unei cre\u0219teri economice durabile \u0219i aduce contribu\u021bii pozitive la construirea unor societ\u0103\u021bi Read more\" \/>\n<meta property=\"og:url\" content=\"https:\/\/compus.deusto.es\/ro\/university-of-deusto\/\" \/>\n<meta property=\"og:site_name\" content=\"COMPUS\" \/>\n<meta property=\"article:modified_time\" content=\"2020-02-03T16:55:12+00:00\" \/>\n<meta property=\"og:image\" content=\"https:\/\/misstohit.deusto.es\/wp-content\/uploads\/deusto-300x300.jpg\" \/>\n<meta name=\"twitter:card\" content=\"summary_large_image\" \/>\n<meta name=\"twitter:label1\" content=\"Timp estimat pentru citire\" \/>\n\t<meta name=\"twitter:data1\" content=\"1 minut\" \/>\n<script type=\"application\/ld+json\" class=\"yoast-schema-graph\">{\"@context\":\"https:\/\/schema.org\",\"@graph\":[{\"@type\":\"WebPage\",\"@id\":\"https:\/\/compus.deusto.es\/ro\/university-of-deusto\/\",\"url\":\"https:\/\/compus.deusto.es\/ro\/university-of-deusto\/\",\"name\":\"University of Deusto - COMPUS\",\"isPartOf\":{\"@id\":\"https:\/\/compus.deusto.es\/#website\"},\"primaryImageOfPage\":{\"@id\":\"https:\/\/compus.deusto.es\/ro\/university-of-deusto\/#primaryimage\"},\"image\":{\"@id\":\"https:\/\/compus.deusto.es\/ro\/university-of-deusto\/#primaryimage\"},\"thumbnailUrl\":\"https:\/\/misstohit.deusto.es\/wp-content\/uploads\/deusto-300x300.jpg\",\"datePublished\":\"2018-11-21T12:22:49+00:00\",\"dateModified\":\"2020-02-03T16:55:12+00:00\",\"breadcrumb\":{\"@id\":\"https:\/\/compus.deusto.es\/ro\/university-of-deusto\/#breadcrumb\"},\"inLanguage\":\"ro-RO\",\"potentialAction\":[{\"@type\":\"ReadAction\",\"target\":[\"https:\/\/compus.deusto.es\/ro\/university-of-deusto\/\"]}]},{\"@type\":\"ImageObject\",\"inLanguage\":\"ro-RO\",\"@id\":\"https:\/\/compus.deusto.es\/ro\/university-of-deusto\/#primaryimage\",\"url\":\"https:\/\/misstohit.deusto.es\/wp-content\/uploads\/deusto-300x300.jpg\",\"contentUrl\":\"https:\/\/misstohit.deusto.es\/wp-content\/uploads\/deusto-300x300.jpg\"},{\"@type\":\"BreadcrumbList\",\"@id\":\"https:\/\/compus.deusto.es\/ro\/university-of-deusto\/#breadcrumb\",\"itemListElement\":[{\"@type\":\"ListItem\",\"position\":1,\"name\":\"Portada\",\"item\":\"https:\/\/compus.deusto.es\/ro\/\"},{\"@type\":\"ListItem\",\"position\":2,\"name\":\"University of Deusto\"}]},{\"@type\":\"WebSite\",\"@id\":\"https:\/\/compus.deusto.es\/#website\",\"url\":\"https:\/\/compus.deusto.es\/\",\"name\":\"COMPUS\",\"description\":\"COMPUS is a set of board games focused on the development of computational thinking.\",\"publisher\":{\"@id\":\"https:\/\/compus.deusto.es\/#organization\"},\"potentialAction\":[{\"@type\":\"SearchAction\",\"target\":{\"@type\":\"EntryPoint\",\"urlTemplate\":\"https:\/\/compus.deusto.es\/?s={search_term_string}\"},\"query-input\":{\"@type\":\"PropertyValueSpecification\",\"valueRequired\":true,\"valueName\":\"search_term_string\"}}],\"inLanguage\":\"ro-RO\"},{\"@type\":\"Organization\",\"@id\":\"https:\/\/compus.deusto.es\/#organization\",\"name\":\"University of Deusto\",\"url\":\"https:\/\/compus.deusto.es\/\",\"logo\":{\"@type\":\"ImageObject\",\"inLanguage\":\"ro-RO\",\"@id\":\"https:\/\/compus.deusto.es\/#\/schema\/logo\/image\/\",\"url\":\"https:\/\/compus.deusto.es\/wp-content\/uploads\/2021\/04\/compus-logo.png\",\"contentUrl\":\"https:\/\/compus.deusto.es\/wp-content\/uploads\/2021\/04\/compus-logo.png\",\"width\":600,\"height\":782,\"caption\":\"University of Deusto\"},\"image\":{\"@id\":\"https:\/\/compus.deusto.es\/#\/schema\/logo\/image\/\"}}]}<\/script>\n<!-- \/ Yoast SEO plugin. -->","yoast_head_json":{"title":"University of Deusto - COMPUS","robots":{"index":"index","follow":"follow","max-snippet":"max-snippet:-1","max-image-preview":"max-image-preview:large","max-video-preview":"max-video-preview:-1"},"canonical":"https:\/\/compus.deusto.es\/ro\/university-of-deusto\/","og_locale":"ro_RO","og_type":"article","og_title":"University of Deusto - COMPUS","og_description":"Cu o tradi\u021bie \u00eendelungat\u0103 \u0219i bine pus\u0103 la punct, fondat\u0103 \u00een 1886 ca institu\u021bie de \u00eenv\u0103\u021b\u0103m\u00e2nt superior, Universitatea din Deusto are o misiune \u0219i un obiectiv educa\u021bional \u00eentemeiat ferm \u00een excelen\u021ba academic\u0103 \u0219i responsabilitatea social\u0103, care vizeaz\u0103 generarea unei cre\u0219teri economice durabile \u0219i aduce contribu\u021bii pozitive la construirea unor societ\u0103\u021bi Read more","og_url":"https:\/\/compus.deusto.es\/ro\/university-of-deusto\/","og_site_name":"COMPUS","article_modified_time":"2020-02-03T16:55:12+00:00","og_image":[{"url":"https:\/\/misstohit.deusto.es\/wp-content\/uploads\/deusto-300x300.jpg","type":"","width":"","height":""}],"twitter_card":"summary_large_image","twitter_misc":{"Timp estimat pentru citire":"1 minut"},"schema":{"@context":"https:\/\/schema.org","@graph":[{"@type":"WebPage","@id":"https:\/\/compus.deusto.es\/ro\/university-of-deusto\/","url":"https:\/\/compus.deusto.es\/ro\/university-of-deusto\/","name":"University of Deusto - COMPUS","isPartOf":{"@id":"https:\/\/compus.deusto.es\/#website"},"primaryImageOfPage":{"@id":"https:\/\/compus.deusto.es\/ro\/university-of-deusto\/#primaryimage"},"image":{"@id":"https:\/\/compus.deusto.es\/ro\/university-of-deusto\/#primaryimage"},"thumbnailUrl":"https:\/\/misstohit.deusto.es\/wp-content\/uploads\/deusto-300x300.jpg","datePublished":"2018-11-21T12:22:49+00:00","dateModified":"2020-02-03T16:55:12+00:00","breadcrumb":{"@id":"https:\/\/compus.deusto.es\/ro\/university-of-deusto\/#breadcrumb"},"inLanguage":"ro-RO","potentialAction":[{"@type":"ReadAction","target":["https:\/\/compus.deusto.es\/ro\/university-of-deusto\/"]}]},{"@type":"ImageObject","inLanguage":"ro-RO","@id":"https:\/\/compus.deusto.es\/ro\/university-of-deusto\/#primaryimage","url":"https:\/\/misstohit.deusto.es\/wp-content\/uploads\/deusto-300x300.jpg","contentUrl":"https:\/\/misstohit.deusto.es\/wp-content\/uploads\/deusto-300x300.jpg"},{"@type":"BreadcrumbList","@id":"https:\/\/compus.deusto.es\/ro\/university-of-deusto\/#breadcrumb","itemListElement":[{"@type":"ListItem","position":1,"name":"Portada","item":"https:\/\/compus.deusto.es\/ro\/"},{"@type":"ListItem","position":2,"name":"University of Deusto"}]},{"@type":"WebSite","@id":"https:\/\/compus.deusto.es\/#website","url":"https:\/\/compus.deusto.es\/","name":"COMPUS","description":"COMPUS is a set of board games focused on the development of computational thinking.","publisher":{"@id":"https:\/\/compus.deusto.es\/#organization"},"potentialAction":[{"@type":"SearchAction","target":{"@type":"EntryPoint","urlTemplate":"https:\/\/compus.deusto.es\/?s={search_term_string}"},"query-input":{"@type":"PropertyValueSpecification","valueRequired":true,"valueName":"search_term_string"}}],"inLanguage":"ro-RO"},{"@type":"Organization","@id":"https:\/\/compus.deusto.es\/#organization","name":"University of Deusto","url":"https:\/\/compus.deusto.es\/","logo":{"@type":"ImageObject","inLanguage":"ro-RO","@id":"https:\/\/compus.deusto.es\/#\/schema\/logo\/image\/","url":"https:\/\/compus.deusto.es\/wp-content\/uploads\/2021\/04\/compus-logo.png","contentUrl":"https:\/\/compus.deusto.es\/wp-content\/uploads\/2021\/04\/compus-logo.png","width":600,"height":782,"caption":"University of Deusto"},"image":{"@id":"https:\/\/compus.deusto.es\/#\/schema\/logo\/image\/"}}]}},"_links":{"self":[{"href":"https:\/\/compus.deusto.es\/ro\/wp-json\/wp\/v2\/pages\/781","targetHints":{"allow":["GET"]}}],"collection":[{"href":"https:\/\/compus.deusto.es\/ro\/wp-json\/wp\/v2\/pages"}],"about":[{"href":"https:\/\/compus.deusto.es\/ro\/wp-json\/wp\/v2\/types\/page"}],"author":[{"embeddable":true,"href":"https:\/\/compus.deusto.es\/ro\/wp-json\/wp\/v2\/users\/4"}],"replies":[{"embeddable":true,"href":"https:\/\/compus.deusto.es\/ro\/wp-json\/wp\/v2\/comments?post=781"}],"version-history":[{"count":1,"href":"https:\/\/compus.deusto.es\/ro\/wp-json\/wp\/v2\/pages\/781\/revisions"}],"predecessor-version":[{"id":819,"href":"https:\/\/compus.deusto.es\/ro\/wp-json\/wp\/v2\/pages\/781\/revisions\/819"}],"wp:attachment":[{"href":"https:\/\/compus.deusto.es\/ro\/wp-json\/wp\/v2\/media?parent=781"}],"curies":[{"name":"wp","href":"https:\/\/api.w.org\/{rel}","templated":true}]}}