{"id":788,"date":"2019-03-29T13:56:00","date_gmt":"2019-03-29T12:56:00","guid":{"rendered":"https:\/\/compus.deusto.es\/esclavas-sc-fatima-school\/"},"modified":"2020-02-03T17:56:23","modified_gmt":"2020-02-03T16:56:23","slug":"esclavas-sc-fatima-school","status":"publish","type":"page","link":"https:\/\/compus.deusto.es\/ro\/esclavas-sc-fatima-school\/","title":{"rendered":"Esclavas SC-Fatima School"},"content":{"rendered":"<p><img decoding=\"async\" class=\"wp-image-12924 alignleft\" src=\"https:\/\/compus.deusto.es\/wp-content\/uploads\/2019\/03\/logo-aci.png\" alt=\"deusto\" width=\"206\" height=\"206\"><\/p>\n<p>Esclavas SC-Fatima este un centru educa\u021bional apar\u021bin\u00e2nd \u201eFUNDACION EDUCATIVA ACI\u201d constituit la 20 decembrie 2012. \u00cen septembrie 2013, toate \u0219colile din Spania au f\u0103cut parte din acesta.<\/p>\n<p>Avem dou\u0103 \u0219coli \u00een Bilbao: Fatima \u0219i T\u00edboli. \u00cen cursul anului \u0219colar 2017\/18 exist\u0103  803 de studen\u021bi \u0219i 52 de profesori. Suntem o \u0219coal\u0103 cre\u0219tin\u0103 finan\u021bat\u0103, care ofer\u0103 o educa\u021bie  studen\u021bilor de la 2 la 18 ani. Avem dou\u0103 clase pe nivel \u0219i oferim o educa\u021bie trilingv\u0103 \u00een basc\u0103, englez\u0103 \u0219i spaniol\u0103, din anul \u0219colar 2010\/11. Credem \u00een elev ca protagonist al maturiz\u0103rii sale \u0219i al \u00eenv\u0103\u021b\u0103rii lor, astfel \u00eenc\u00e2t ajutorul personal al profesorilor s\u0103 ocupe un loc important.<\/p>\n<p>Managementul nostru folose\u0219te modelul european de management al calit\u0103\u021bii EFQM, ob\u021bin\u00e2nd certificarea Silver Q \u00een 2<\/p>\n<blockquote><p>Suntem o \u0219coal\u0103 de inova\u021bie care se remarc\u0103 prin acordarea de prioritate la \u00eenso\u021birea fiec\u0103rui elev \u00een maturizarea personal\u0103, academic\u0103 \u0219i spiritual\u0103.<\/p><\/blockquote>\n<p>Suntem o \u0219coal\u0103 inovatoare care se remarc\u0103 prin acordarea de prioritate \u00eenso\u021birii fiec\u0103rui elev \u00een maturizarea personal\u0103, academic\u0103 \u0219i spiritual\u0103 pentru a deveni oameni dedica\u021bi pentru \u00eembun\u0103t\u0103\u021birea societ\u0103\u021bii \u0219i pentru a putea comunica \u00eentr-o varietate de medii \u0219i a se adapta la schimb\u0103ri.<\/p>\n<p>Avem o echip\u0103 de oameni creativi, cu capacitate de adaptare la schimb\u0103ri, implica\u021bi \u00eentr-un management comun al \u0219colii. \u00cen prezent, credincio\u0219i spiritului nostru de inova\u021bie, lucr\u0103m la anumite materii de \u0219tiin\u021be sociale, \u0219tiin\u021be naturale \u0219i limb\u0103 basc\u0103 prin proiecte.<br \/>\nAvem experien\u021b\u0103 \u00een metodologia CIM din limba englez\u0103 care lucreaz\u0103 diferite con\u021binuturi din domeniile curriculum-ului precum \u0218tiin\u021ba, Arta, Matematica, Istoria prin intermediul limbii engleze, cu rezultate foarte satisf\u0103c\u0103toare.<!--more--><\/p>\n","protected":false},"excerpt":{"rendered":"<p>Esclavas SC-Fatima este un centru educa\u021bional apar\u021bin\u00e2nd \u201eFUNDACION EDUCATIVA ACI\u201d constituit la 20 decembrie 2012. \u00cen septembrie 2013, toate \u0219colile din Spania au f\u0103cut parte din acesta. Avem dou\u0103 \u0219coli \u00een Bilbao: Fatima \u0219i T\u00edboli. \u00cen cursul anului \u0219colar 2017\/18 exist\u0103 803 de studen\u021bi \u0219i 52 de profesori. Suntem o<a class=\"moretag\" href=\"https:\/\/compus.deusto.es\/ro\/esclavas-sc-fatima-school\/\"> Read more<\/a><\/p>\n","protected":false},"author":4,"featured_media":0,"parent":0,"menu_order":0,"comment_status":"closed","ping_status":"closed","template":"","meta":{"_monsterinsights_skip_tracking":false,"_monsterinsights_sitenote_active":false,"_monsterinsights_sitenote_note":"","_monsterinsights_sitenote_category":0,"footnotes":""},"class_list":["post-788","page","type-page","status-publish","hentry"],"yoast_head":"<!-- This site is optimized with the Yoast SEO plugin v27.0 - https:\/\/yoast.com\/product\/yoast-seo-wordpress\/ -->\n<title>Esclavas SC-Fatima School - COMPUS<\/title>\n<meta name=\"robots\" content=\"index, follow, max-snippet:-1, max-image-preview:large, max-video-preview:-1\" \/>\n<link rel=\"canonical\" href=\"https:\/\/compus.deusto.es\/ro\/esclavas-sc-fatima-school\/\" \/>\n<meta property=\"og:locale\" content=\"ro_RO\" \/>\n<meta property=\"og:type\" content=\"article\" \/>\n<meta property=\"og:title\" content=\"Esclavas SC-Fatima School - COMPUS\" \/>\n<meta property=\"og:description\" content=\"Esclavas SC-Fatima este un centru educa\u021bional apar\u021bin\u00e2nd \u201eFUNDACION EDUCATIVA ACI\u201d constituit la 20 decembrie 2012. \u00cen septembrie 2013, toate \u0219colile din Spania au f\u0103cut parte din acesta. Avem dou\u0103 \u0219coli \u00een Bilbao: Fatima \u0219i T\u00edboli. \u00cen cursul anului \u0219colar 2017\/18 exist\u0103 803 de studen\u021bi \u0219i 52 de profesori. Suntem o Read more\" \/>\n<meta property=\"og:url\" content=\"https:\/\/compus.deusto.es\/ro\/esclavas-sc-fatima-school\/\" \/>\n<meta property=\"og:site_name\" content=\"COMPUS\" \/>\n<meta property=\"article:modified_time\" content=\"2020-02-03T16:56:23+00:00\" \/>\n<meta property=\"og:image\" content=\"https:\/\/compus.deusto.es\/wp-content\/uploads\/2019\/03\/logo-aci.png\" \/>\n<meta name=\"twitter:card\" content=\"summary_large_image\" \/>\n<meta name=\"twitter:label1\" content=\"Timp estimat pentru citire\" \/>\n\t<meta name=\"twitter:data1\" content=\"1 minut\" \/>\n<script type=\"application\/ld+json\" class=\"yoast-schema-graph\">{\"@context\":\"https:\/\/schema.org\",\"@graph\":[{\"@type\":\"WebPage\",\"@id\":\"https:\/\/compus.deusto.es\/ro\/esclavas-sc-fatima-school\/\",\"url\":\"https:\/\/compus.deusto.es\/ro\/esclavas-sc-fatima-school\/\",\"name\":\"Esclavas SC-Fatima School - COMPUS\",\"isPartOf\":{\"@id\":\"https:\/\/compus.deusto.es\/#website\"},\"primaryImageOfPage\":{\"@id\":\"https:\/\/compus.deusto.es\/ro\/esclavas-sc-fatima-school\/#primaryimage\"},\"image\":{\"@id\":\"https:\/\/compus.deusto.es\/ro\/esclavas-sc-fatima-school\/#primaryimage\"},\"thumbnailUrl\":\"https:\/\/compus.deusto.es\/wp-content\/uploads\/2019\/03\/logo-aci.png\",\"datePublished\":\"2019-03-29T12:56:00+00:00\",\"dateModified\":\"2020-02-03T16:56:23+00:00\",\"breadcrumb\":{\"@id\":\"https:\/\/compus.deusto.es\/ro\/esclavas-sc-fatima-school\/#breadcrumb\"},\"inLanguage\":\"ro-RO\",\"potentialAction\":[{\"@type\":\"ReadAction\",\"target\":[\"https:\/\/compus.deusto.es\/ro\/esclavas-sc-fatima-school\/\"]}]},{\"@type\":\"ImageObject\",\"inLanguage\":\"ro-RO\",\"@id\":\"https:\/\/compus.deusto.es\/ro\/esclavas-sc-fatima-school\/#primaryimage\",\"url\":\"https:\/\/compus.deusto.es\/wp-content\/uploads\/2019\/03\/logo-aci.png\",\"contentUrl\":\"https:\/\/compus.deusto.es\/wp-content\/uploads\/2019\/03\/logo-aci.png\"},{\"@type\":\"BreadcrumbList\",\"@id\":\"https:\/\/compus.deusto.es\/ro\/esclavas-sc-fatima-school\/#breadcrumb\",\"itemListElement\":[{\"@type\":\"ListItem\",\"position\":1,\"name\":\"Portada\",\"item\":\"https:\/\/compus.deusto.es\/ro\/\"},{\"@type\":\"ListItem\",\"position\":2,\"name\":\"Esclavas SC-Fatima School\"}]},{\"@type\":\"WebSite\",\"@id\":\"https:\/\/compus.deusto.es\/#website\",\"url\":\"https:\/\/compus.deusto.es\/\",\"name\":\"COMPUS\",\"description\":\"COMPUS is a set of board games focused on the development of computational thinking.\",\"publisher\":{\"@id\":\"https:\/\/compus.deusto.es\/#organization\"},\"potentialAction\":[{\"@type\":\"SearchAction\",\"target\":{\"@type\":\"EntryPoint\",\"urlTemplate\":\"https:\/\/compus.deusto.es\/?s={search_term_string}\"},\"query-input\":{\"@type\":\"PropertyValueSpecification\",\"valueRequired\":true,\"valueName\":\"search_term_string\"}}],\"inLanguage\":\"ro-RO\"},{\"@type\":\"Organization\",\"@id\":\"https:\/\/compus.deusto.es\/#organization\",\"name\":\"University of Deusto\",\"url\":\"https:\/\/compus.deusto.es\/\",\"logo\":{\"@type\":\"ImageObject\",\"inLanguage\":\"ro-RO\",\"@id\":\"https:\/\/compus.deusto.es\/#\/schema\/logo\/image\/\",\"url\":\"https:\/\/compus.deusto.es\/wp-content\/uploads\/2021\/04\/compus-logo.png\",\"contentUrl\":\"https:\/\/compus.deusto.es\/wp-content\/uploads\/2021\/04\/compus-logo.png\",\"width\":600,\"height\":782,\"caption\":\"University of Deusto\"},\"image\":{\"@id\":\"https:\/\/compus.deusto.es\/#\/schema\/logo\/image\/\"}}]}<\/script>\n<!-- \/ Yoast SEO plugin. -->","yoast_head_json":{"title":"Esclavas SC-Fatima School - COMPUS","robots":{"index":"index","follow":"follow","max-snippet":"max-snippet:-1","max-image-preview":"max-image-preview:large","max-video-preview":"max-video-preview:-1"},"canonical":"https:\/\/compus.deusto.es\/ro\/esclavas-sc-fatima-school\/","og_locale":"ro_RO","og_type":"article","og_title":"Esclavas SC-Fatima School - COMPUS","og_description":"Esclavas SC-Fatima este un centru educa\u021bional apar\u021bin\u00e2nd \u201eFUNDACION EDUCATIVA ACI\u201d constituit la 20 decembrie 2012. \u00cen septembrie 2013, toate \u0219colile din Spania au f\u0103cut parte din acesta. Avem dou\u0103 \u0219coli \u00een Bilbao: Fatima \u0219i T\u00edboli. \u00cen cursul anului \u0219colar 2017\/18 exist\u0103 803 de studen\u021bi \u0219i 52 de profesori. Suntem o Read more","og_url":"https:\/\/compus.deusto.es\/ro\/esclavas-sc-fatima-school\/","og_site_name":"COMPUS","article_modified_time":"2020-02-03T16:56:23+00:00","og_image":[{"url":"https:\/\/compus.deusto.es\/wp-content\/uploads\/2019\/03\/logo-aci.png","type":"","width":"","height":""}],"twitter_card":"summary_large_image","twitter_misc":{"Timp estimat pentru citire":"1 minut"},"schema":{"@context":"https:\/\/schema.org","@graph":[{"@type":"WebPage","@id":"https:\/\/compus.deusto.es\/ro\/esclavas-sc-fatima-school\/","url":"https:\/\/compus.deusto.es\/ro\/esclavas-sc-fatima-school\/","name":"Esclavas SC-Fatima School - COMPUS","isPartOf":{"@id":"https:\/\/compus.deusto.es\/#website"},"primaryImageOfPage":{"@id":"https:\/\/compus.deusto.es\/ro\/esclavas-sc-fatima-school\/#primaryimage"},"image":{"@id":"https:\/\/compus.deusto.es\/ro\/esclavas-sc-fatima-school\/#primaryimage"},"thumbnailUrl":"https:\/\/compus.deusto.es\/wp-content\/uploads\/2019\/03\/logo-aci.png","datePublished":"2019-03-29T12:56:00+00:00","dateModified":"2020-02-03T16:56:23+00:00","breadcrumb":{"@id":"https:\/\/compus.deusto.es\/ro\/esclavas-sc-fatima-school\/#breadcrumb"},"inLanguage":"ro-RO","potentialAction":[{"@type":"ReadAction","target":["https:\/\/compus.deusto.es\/ro\/esclavas-sc-fatima-school\/"]}]},{"@type":"ImageObject","inLanguage":"ro-RO","@id":"https:\/\/compus.deusto.es\/ro\/esclavas-sc-fatima-school\/#primaryimage","url":"https:\/\/compus.deusto.es\/wp-content\/uploads\/2019\/03\/logo-aci.png","contentUrl":"https:\/\/compus.deusto.es\/wp-content\/uploads\/2019\/03\/logo-aci.png"},{"@type":"BreadcrumbList","@id":"https:\/\/compus.deusto.es\/ro\/esclavas-sc-fatima-school\/#breadcrumb","itemListElement":[{"@type":"ListItem","position":1,"name":"Portada","item":"https:\/\/compus.deusto.es\/ro\/"},{"@type":"ListItem","position":2,"name":"Esclavas SC-Fatima School"}]},{"@type":"WebSite","@id":"https:\/\/compus.deusto.es\/#website","url":"https:\/\/compus.deusto.es\/","name":"COMPUS","description":"COMPUS is a set of board games focused on the development of computational thinking.","publisher":{"@id":"https:\/\/compus.deusto.es\/#organization"},"potentialAction":[{"@type":"SearchAction","target":{"@type":"EntryPoint","urlTemplate":"https:\/\/compus.deusto.es\/?s={search_term_string}"},"query-input":{"@type":"PropertyValueSpecification","valueRequired":true,"valueName":"search_term_string"}}],"inLanguage":"ro-RO"},{"@type":"Organization","@id":"https:\/\/compus.deusto.es\/#organization","name":"University of Deusto","url":"https:\/\/compus.deusto.es\/","logo":{"@type":"ImageObject","inLanguage":"ro-RO","@id":"https:\/\/compus.deusto.es\/#\/schema\/logo\/image\/","url":"https:\/\/compus.deusto.es\/wp-content\/uploads\/2021\/04\/compus-logo.png","contentUrl":"https:\/\/compus.deusto.es\/wp-content\/uploads\/2021\/04\/compus-logo.png","width":600,"height":782,"caption":"University of Deusto"},"image":{"@id":"https:\/\/compus.deusto.es\/#\/schema\/logo\/image\/"}}]}},"_links":{"self":[{"href":"https:\/\/compus.deusto.es\/ro\/wp-json\/wp\/v2\/pages\/788","targetHints":{"allow":["GET"]}}],"collection":[{"href":"https:\/\/compus.deusto.es\/ro\/wp-json\/wp\/v2\/pages"}],"about":[{"href":"https:\/\/compus.deusto.es\/ro\/wp-json\/wp\/v2\/types\/page"}],"author":[{"embeddable":true,"href":"https:\/\/compus.deusto.es\/ro\/wp-json\/wp\/v2\/users\/4"}],"replies":[{"embeddable":true,"href":"https:\/\/compus.deusto.es\/ro\/wp-json\/wp\/v2\/comments?post=788"}],"version-history":[{"count":4,"href":"https:\/\/compus.deusto.es\/ro\/wp-json\/wp\/v2\/pages\/788\/revisions"}],"predecessor-version":[{"id":821,"href":"https:\/\/compus.deusto.es\/ro\/wp-json\/wp\/v2\/pages\/788\/revisions\/821"}],"wp:attachment":[{"href":"https:\/\/compus.deusto.es\/ro\/wp-json\/wp\/v2\/media?parent=788"}],"curies":[{"name":"wp","href":"https:\/\/api.w.org\/{rel}","templated":true}]}}