{"id":791,"date":"2019-03-29T14:11:21","date_gmt":"2019-03-29T13:11:21","guid":{"rendered":"https:\/\/compus.deusto.es\/scoala-gimnaziala-ferdinand-i\/"},"modified":"2020-02-03T18:02:05","modified_gmt":"2020-02-03T17:02:05","slug":"scoala-gimnaziala-ferdinand-i","status":"publish","type":"page","link":"https:\/\/compus.deusto.es\/ro\/scoala-gimnaziala-ferdinand-i\/","title":{"rendered":"Scoala Gimnaziala Ferdinand I"},"content":{"rendered":"<p><img decoding=\"async\" class=\"wp-image-12924 alignleft\" src=\"https:\/\/compus.deusto.es\/wp-content\/uploads\/2019\/03\/logo-ferdinand-i.png\" alt=\"deusto\" width=\"206\" height=\"206\"><\/p>\n<p>Suntem \u0219coal\u0103 public\u0103 care func\u021bioneaz\u0103 \u00een \u00eenv\u0103\u021b\u0103m\u00e2ntul de stat. Avem 716 elevi (6 &#8211; 15 ani), 44 de profesori \u0219i 16 angaja\u021bi \u00een administra\u021bie.<\/p>\n<p>Lucr\u0103m cu scolari de v\u00e2rst\u0103 mic\u0103 \u0219i pre-adolescen\u021bi care provin din diverse medii culturale. Profesorii no\u0219tri \u0219i personalul educa\u021bional colaborator au experien\u021ba proiectelor na\u021bionale \u0219i interna\u021bionale \u00een numeroase domenii (inclusiv \u0219tiin\u021bele aplicate)<!--more--><\/p>\n","protected":false},"excerpt":{"rendered":"<p>Suntem \u0219coal\u0103 public\u0103 care func\u021bioneaz\u0103 \u00een \u00eenv\u0103\u021b\u0103m\u00e2ntul de stat. Avem 716 elevi (6 &#8211; 15 ani), 44 de profesori \u0219i 16 angaja\u021bi \u00een administra\u021bie. Lucr\u0103m cu scolari de v\u00e2rst\u0103 mic\u0103 \u0219i pre-adolescen\u021bi care provin din diverse medii culturale. Profesorii no\u0219tri \u0219i personalul educa\u021bional colaborator au experien\u021ba proiectelor na\u021bionale \u0219i interna\u021bionale<a class=\"moretag\" href=\"https:\/\/compus.deusto.es\/ro\/scoala-gimnaziala-ferdinand-i\/\"> Read more<\/a><\/p>\n","protected":false},"author":4,"featured_media":0,"parent":0,"menu_order":0,"comment_status":"closed","ping_status":"closed","template":"","meta":{"_monsterinsights_skip_tracking":false,"_monsterinsights_sitenote_active":false,"_monsterinsights_sitenote_note":"","_monsterinsights_sitenote_category":0,"footnotes":""},"class_list":["post-791","page","type-page","status-publish","hentry"],"yoast_head":"<!-- This site is optimized with the Yoast SEO plugin v27.0 - https:\/\/yoast.com\/product\/yoast-seo-wordpress\/ -->\n<title>Scoala Gimnaziala Ferdinand I - COMPUS<\/title>\n<meta name=\"robots\" content=\"index, follow, max-snippet:-1, max-image-preview:large, max-video-preview:-1\" \/>\n<link rel=\"canonical\" href=\"https:\/\/compus.deusto.es\/ro\/scoala-gimnaziala-ferdinand-i\/\" \/>\n<meta property=\"og:locale\" content=\"ro_RO\" \/>\n<meta property=\"og:type\" content=\"article\" \/>\n<meta property=\"og:title\" content=\"Scoala Gimnaziala Ferdinand I - COMPUS\" \/>\n<meta property=\"og:description\" content=\"Suntem \u0219coal\u0103 public\u0103 care func\u021bioneaz\u0103 \u00een \u00eenv\u0103\u021b\u0103m\u00e2ntul de stat. Avem 716 elevi (6 &#8211; 15 ani), 44 de profesori \u0219i 16 angaja\u021bi \u00een administra\u021bie. Lucr\u0103m cu scolari de v\u00e2rst\u0103 mic\u0103 \u0219i pre-adolescen\u021bi care provin din diverse medii culturale. Profesorii no\u0219tri \u0219i personalul educa\u021bional colaborator au experien\u021ba proiectelor na\u021bionale \u0219i interna\u021bionale Read more\" \/>\n<meta property=\"og:url\" content=\"https:\/\/compus.deusto.es\/ro\/scoala-gimnaziala-ferdinand-i\/\" \/>\n<meta property=\"og:site_name\" content=\"COMPUS\" \/>\n<meta property=\"article:modified_time\" content=\"2020-02-03T17:02:05+00:00\" \/>\n<meta property=\"og:image\" content=\"https:\/\/compus.deusto.es\/wp-content\/uploads\/2019\/03\/logo-ferdinand-i.png\" \/>\n<meta name=\"twitter:card\" content=\"summary_large_image\" \/>\n<script type=\"application\/ld+json\" class=\"yoast-schema-graph\">{\"@context\":\"https:\/\/schema.org\",\"@graph\":[{\"@type\":\"WebPage\",\"@id\":\"https:\/\/compus.deusto.es\/ro\/scoala-gimnaziala-ferdinand-i\/\",\"url\":\"https:\/\/compus.deusto.es\/ro\/scoala-gimnaziala-ferdinand-i\/\",\"name\":\"Scoala Gimnaziala Ferdinand I - COMPUS\",\"isPartOf\":{\"@id\":\"https:\/\/compus.deusto.es\/#website\"},\"primaryImageOfPage\":{\"@id\":\"https:\/\/compus.deusto.es\/ro\/scoala-gimnaziala-ferdinand-i\/#primaryimage\"},\"image\":{\"@id\":\"https:\/\/compus.deusto.es\/ro\/scoala-gimnaziala-ferdinand-i\/#primaryimage\"},\"thumbnailUrl\":\"https:\/\/compus.deusto.es\/wp-content\/uploads\/2019\/03\/logo-ferdinand-i.png\",\"datePublished\":\"2019-03-29T13:11:21+00:00\",\"dateModified\":\"2020-02-03T17:02:05+00:00\",\"breadcrumb\":{\"@id\":\"https:\/\/compus.deusto.es\/ro\/scoala-gimnaziala-ferdinand-i\/#breadcrumb\"},\"inLanguage\":\"ro-RO\",\"potentialAction\":[{\"@type\":\"ReadAction\",\"target\":[\"https:\/\/compus.deusto.es\/ro\/scoala-gimnaziala-ferdinand-i\/\"]}]},{\"@type\":\"ImageObject\",\"inLanguage\":\"ro-RO\",\"@id\":\"https:\/\/compus.deusto.es\/ro\/scoala-gimnaziala-ferdinand-i\/#primaryimage\",\"url\":\"https:\/\/compus.deusto.es\/wp-content\/uploads\/2019\/03\/logo-ferdinand-i.png\",\"contentUrl\":\"https:\/\/compus.deusto.es\/wp-content\/uploads\/2019\/03\/logo-ferdinand-i.png\"},{\"@type\":\"BreadcrumbList\",\"@id\":\"https:\/\/compus.deusto.es\/ro\/scoala-gimnaziala-ferdinand-i\/#breadcrumb\",\"itemListElement\":[{\"@type\":\"ListItem\",\"position\":1,\"name\":\"Portada\",\"item\":\"https:\/\/compus.deusto.es\/ro\/\"},{\"@type\":\"ListItem\",\"position\":2,\"name\":\"Scoala Gimnaziala Ferdinand I\"}]},{\"@type\":\"WebSite\",\"@id\":\"https:\/\/compus.deusto.es\/#website\",\"url\":\"https:\/\/compus.deusto.es\/\",\"name\":\"COMPUS\",\"description\":\"COMPUS is a set of board games focused on the development of computational thinking.\",\"publisher\":{\"@id\":\"https:\/\/compus.deusto.es\/#organization\"},\"potentialAction\":[{\"@type\":\"SearchAction\",\"target\":{\"@type\":\"EntryPoint\",\"urlTemplate\":\"https:\/\/compus.deusto.es\/?s={search_term_string}\"},\"query-input\":{\"@type\":\"PropertyValueSpecification\",\"valueRequired\":true,\"valueName\":\"search_term_string\"}}],\"inLanguage\":\"ro-RO\"},{\"@type\":\"Organization\",\"@id\":\"https:\/\/compus.deusto.es\/#organization\",\"name\":\"University of Deusto\",\"url\":\"https:\/\/compus.deusto.es\/\",\"logo\":{\"@type\":\"ImageObject\",\"inLanguage\":\"ro-RO\",\"@id\":\"https:\/\/compus.deusto.es\/#\/schema\/logo\/image\/\",\"url\":\"https:\/\/compus.deusto.es\/wp-content\/uploads\/2021\/04\/compus-logo.png\",\"contentUrl\":\"https:\/\/compus.deusto.es\/wp-content\/uploads\/2021\/04\/compus-logo.png\",\"width\":600,\"height\":782,\"caption\":\"University of Deusto\"},\"image\":{\"@id\":\"https:\/\/compus.deusto.es\/#\/schema\/logo\/image\/\"}}]}<\/script>\n<!-- \/ Yoast SEO plugin. -->","yoast_head_json":{"title":"Scoala Gimnaziala Ferdinand I - COMPUS","robots":{"index":"index","follow":"follow","max-snippet":"max-snippet:-1","max-image-preview":"max-image-preview:large","max-video-preview":"max-video-preview:-1"},"canonical":"https:\/\/compus.deusto.es\/ro\/scoala-gimnaziala-ferdinand-i\/","og_locale":"ro_RO","og_type":"article","og_title":"Scoala Gimnaziala Ferdinand I - COMPUS","og_description":"Suntem \u0219coal\u0103 public\u0103 care func\u021bioneaz\u0103 \u00een \u00eenv\u0103\u021b\u0103m\u00e2ntul de stat. Avem 716 elevi (6 &#8211; 15 ani), 44 de profesori \u0219i 16 angaja\u021bi \u00een administra\u021bie. Lucr\u0103m cu scolari de v\u00e2rst\u0103 mic\u0103 \u0219i pre-adolescen\u021bi care provin din diverse medii culturale. Profesorii no\u0219tri \u0219i personalul educa\u021bional colaborator au experien\u021ba proiectelor na\u021bionale \u0219i interna\u021bionale Read more","og_url":"https:\/\/compus.deusto.es\/ro\/scoala-gimnaziala-ferdinand-i\/","og_site_name":"COMPUS","article_modified_time":"2020-02-03T17:02:05+00:00","og_image":[{"url":"https:\/\/compus.deusto.es\/wp-content\/uploads\/2019\/03\/logo-ferdinand-i.png","type":"","width":"","height":""}],"twitter_card":"summary_large_image","schema":{"@context":"https:\/\/schema.org","@graph":[{"@type":"WebPage","@id":"https:\/\/compus.deusto.es\/ro\/scoala-gimnaziala-ferdinand-i\/","url":"https:\/\/compus.deusto.es\/ro\/scoala-gimnaziala-ferdinand-i\/","name":"Scoala Gimnaziala Ferdinand I - COMPUS","isPartOf":{"@id":"https:\/\/compus.deusto.es\/#website"},"primaryImageOfPage":{"@id":"https:\/\/compus.deusto.es\/ro\/scoala-gimnaziala-ferdinand-i\/#primaryimage"},"image":{"@id":"https:\/\/compus.deusto.es\/ro\/scoala-gimnaziala-ferdinand-i\/#primaryimage"},"thumbnailUrl":"https:\/\/compus.deusto.es\/wp-content\/uploads\/2019\/03\/logo-ferdinand-i.png","datePublished":"2019-03-29T13:11:21+00:00","dateModified":"2020-02-03T17:02:05+00:00","breadcrumb":{"@id":"https:\/\/compus.deusto.es\/ro\/scoala-gimnaziala-ferdinand-i\/#breadcrumb"},"inLanguage":"ro-RO","potentialAction":[{"@type":"ReadAction","target":["https:\/\/compus.deusto.es\/ro\/scoala-gimnaziala-ferdinand-i\/"]}]},{"@type":"ImageObject","inLanguage":"ro-RO","@id":"https:\/\/compus.deusto.es\/ro\/scoala-gimnaziala-ferdinand-i\/#primaryimage","url":"https:\/\/compus.deusto.es\/wp-content\/uploads\/2019\/03\/logo-ferdinand-i.png","contentUrl":"https:\/\/compus.deusto.es\/wp-content\/uploads\/2019\/03\/logo-ferdinand-i.png"},{"@type":"BreadcrumbList","@id":"https:\/\/compus.deusto.es\/ro\/scoala-gimnaziala-ferdinand-i\/#breadcrumb","itemListElement":[{"@type":"ListItem","position":1,"name":"Portada","item":"https:\/\/compus.deusto.es\/ro\/"},{"@type":"ListItem","position":2,"name":"Scoala Gimnaziala Ferdinand I"}]},{"@type":"WebSite","@id":"https:\/\/compus.deusto.es\/#website","url":"https:\/\/compus.deusto.es\/","name":"COMPUS","description":"COMPUS is a set of board games focused on the development of computational thinking.","publisher":{"@id":"https:\/\/compus.deusto.es\/#organization"},"potentialAction":[{"@type":"SearchAction","target":{"@type":"EntryPoint","urlTemplate":"https:\/\/compus.deusto.es\/?s={search_term_string}"},"query-input":{"@type":"PropertyValueSpecification","valueRequired":true,"valueName":"search_term_string"}}],"inLanguage":"ro-RO"},{"@type":"Organization","@id":"https:\/\/compus.deusto.es\/#organization","name":"University of Deusto","url":"https:\/\/compus.deusto.es\/","logo":{"@type":"ImageObject","inLanguage":"ro-RO","@id":"https:\/\/compus.deusto.es\/#\/schema\/logo\/image\/","url":"https:\/\/compus.deusto.es\/wp-content\/uploads\/2021\/04\/compus-logo.png","contentUrl":"https:\/\/compus.deusto.es\/wp-content\/uploads\/2021\/04\/compus-logo.png","width":600,"height":782,"caption":"University of Deusto"},"image":{"@id":"https:\/\/compus.deusto.es\/#\/schema\/logo\/image\/"}}]}},"_links":{"self":[{"href":"https:\/\/compus.deusto.es\/ro\/wp-json\/wp\/v2\/pages\/791","targetHints":{"allow":["GET"]}}],"collection":[{"href":"https:\/\/compus.deusto.es\/ro\/wp-json\/wp\/v2\/pages"}],"about":[{"href":"https:\/\/compus.deusto.es\/ro\/wp-json\/wp\/v2\/types\/page"}],"author":[{"embeddable":true,"href":"https:\/\/compus.deusto.es\/ro\/wp-json\/wp\/v2\/users\/4"}],"replies":[{"embeddable":true,"href":"https:\/\/compus.deusto.es\/ro\/wp-json\/wp\/v2\/comments?post=791"}],"version-history":[{"count":1,"href":"https:\/\/compus.deusto.es\/ro\/wp-json\/wp\/v2\/pages\/791\/revisions"}],"predecessor-version":[{"id":824,"href":"https:\/\/compus.deusto.es\/ro\/wp-json\/wp\/v2\/pages\/791\/revisions\/824"}],"wp:attachment":[{"href":"https:\/\/compus.deusto.es\/ro\/wp-json\/wp\/v2\/media?parent=791"}],"curies":[{"name":"wp","href":"https:\/\/api.w.org\/{rel}","templated":true}]}}