{"id":793,"date":"2019-04-01T10:45:26","date_gmt":"2019-04-01T08:45:26","guid":{"rendered":"https:\/\/compus.deusto.es\/oeiizk\/"},"modified":"2020-02-03T18:04:04","modified_gmt":"2020-02-03T17:04:04","slug":"oeiizk","status":"publish","type":"page","link":"https:\/\/compus.deusto.es\/ro\/oeiizk\/","title":{"rendered":"OEIiZK"},"content":{"rendered":"<p><img decoding=\"async\" class=\"wp-image-12924 alignleft\" src=\"https:\/\/compus.deusto.es\/wp-content\/uploads\/2019\/03\/logo-oeiizk.png\" alt=\"OEIiZK\" width=\"206\" height=\"206\"><\/p>\n<p>CCentrul de educa\u021bie \u0219i tehnologie informa\u021bional\u0103 asistat\u0103 de computer din Var\u0219ovia (O\u015brodek Edukacji Informatycznej i Zastosowa\u0144 Komputer\u00f3w w Warszawie, OEIiZK) este o institu\u021bie public\u0103 pentru \u00eenv\u0103\u021b\u0103m\u00e2ntul didactic \u00een func\u021biune gestionat de guvernul local al provinciei Mazoviei. Am \u00eenceput activitatea noastr\u0103 \u00een 1991. Scopul nostru este s\u0103 \u00eembun\u0103t\u0103\u021bim \u0219i s\u0103 sprijinim profesorii \u00een domeniul educa\u021biei asistate de calculator \u0219i aplica\u021biilor educa\u021bionale ale tehnologiei informa\u021biei.<\/p>\n<p>Echipa noastr\u0103 pedagogic\u0103 este format\u0103 din dou\u0103zeci \u0219i cinci profesori-consultan\u021bi de \u00eenalt\u0103 calificare pentru care informatic\u0103 \u0219i tehnologia informa\u021biei la \u0219coal\u0103 sunt domeniul activit\u0103\u021bii profesionale. Profesorii &#8211; consultan\u021bii au creat versiuni poloneze ale programelor: Logomocja (versiunea polonez\u0103 a Imagine Logo), Algo-Pascal pentru Windows, Modellus 2.5 PL, Coach 6, Dataloging Insight.<\/p>\n<div class=\"page\" title=\"Page 18\">\n<div class=\"section\">\n<div class=\"layoutArea\">\n<div class=\"column\">\n<p><span>Dezvolt\u0103m \u0219i implement\u0103m noi: metode de predare, programe de perfec\u021bionare \u0219i \u0219colarizare suplimentar\u0103, echipamente didactice, publica\u021bii de metodologie, instrumente informatice \u0219i TIC pentru \u00eenv\u0103\u021bare \u0219i predare.<\/span><\/p>\n<p><span>Una dintre principalele noastre activit\u0103\u021bi este realizarea de instruiri. Participan\u021bii la cursurile noastre sunt: directorii, consilierii metodici, bibliotecarii, profesorii de informatic\u0103, tehnologia informa\u021biei \u0219i alte materii la diferite tipuri de \u0219coli. Form\u0103m aproximativ 5.000 de cursan\u021bi \u00een fiecare an.<\/span><\/p>\n<\/div>\n<\/div>\n<\/div>\n<\/div>\n<p><!--more--><\/p>\n","protected":false},"excerpt":{"rendered":"<p>CCentrul de educa\u021bie \u0219i tehnologie informa\u021bional\u0103 asistat\u0103 de computer din Var\u0219ovia (O\u015brodek Edukacji Informatycznej i Zastosowa\u0144 Komputer\u00f3w w Warszawie, OEIiZK) este o institu\u021bie public\u0103 pentru \u00eenv\u0103\u021b\u0103m\u00e2ntul didactic \u00een func\u021biune gestionat de guvernul local al provinciei Mazoviei. Am \u00eenceput activitatea noastr\u0103 \u00een 1991. Scopul nostru este s\u0103 \u00eembun\u0103t\u0103\u021bim \u0219i s\u0103 sprijinim<a class=\"moretag\" href=\"https:\/\/compus.deusto.es\/ro\/oeiizk\/\"> Read more<\/a><\/p>\n","protected":false},"author":4,"featured_media":0,"parent":0,"menu_order":0,"comment_status":"closed","ping_status":"closed","template":"","meta":{"_monsterinsights_skip_tracking":false,"_monsterinsights_sitenote_active":false,"_monsterinsights_sitenote_note":"","_monsterinsights_sitenote_category":0,"footnotes":""},"class_list":["post-793","page","type-page","status-publish","hentry"],"yoast_head":"<!-- This site is optimized with the Yoast SEO plugin v27.0 - https:\/\/yoast.com\/product\/yoast-seo-wordpress\/ -->\n<title>OEIiZK - COMPUS<\/title>\n<meta name=\"robots\" content=\"index, follow, max-snippet:-1, max-image-preview:large, max-video-preview:-1\" \/>\n<link rel=\"canonical\" href=\"https:\/\/compus.deusto.es\/ro\/oeiizk\/\" \/>\n<meta property=\"og:locale\" content=\"ro_RO\" \/>\n<meta property=\"og:type\" content=\"article\" \/>\n<meta property=\"og:title\" content=\"OEIiZK - COMPUS\" \/>\n<meta property=\"og:description\" content=\"CCentrul de educa\u021bie \u0219i tehnologie informa\u021bional\u0103 asistat\u0103 de computer din Var\u0219ovia (O\u015brodek Edukacji Informatycznej i Zastosowa\u0144 Komputer\u00f3w w Warszawie, OEIiZK) este o institu\u021bie public\u0103 pentru \u00eenv\u0103\u021b\u0103m\u00e2ntul didactic \u00een func\u021biune gestionat de guvernul local al provinciei Mazoviei. Am \u00eenceput activitatea noastr\u0103 \u00een 1991. Scopul nostru este s\u0103 \u00eembun\u0103t\u0103\u021bim \u0219i s\u0103 sprijinim Read more\" \/>\n<meta property=\"og:url\" content=\"https:\/\/compus.deusto.es\/ro\/oeiizk\/\" \/>\n<meta property=\"og:site_name\" content=\"COMPUS\" \/>\n<meta property=\"article:modified_time\" content=\"2020-02-03T17:04:04+00:00\" \/>\n<meta property=\"og:image\" content=\"https:\/\/compus.deusto.es\/wp-content\/uploads\/2019\/03\/logo-oeiizk.png\" \/>\n<meta name=\"twitter:card\" content=\"summary_large_image\" \/>\n<meta name=\"twitter:label1\" content=\"Timp estimat pentru citire\" \/>\n\t<meta name=\"twitter:data1\" content=\"1 minut\" \/>\n<script type=\"application\/ld+json\" class=\"yoast-schema-graph\">{\"@context\":\"https:\/\/schema.org\",\"@graph\":[{\"@type\":\"WebPage\",\"@id\":\"https:\/\/compus.deusto.es\/ro\/oeiizk\/\",\"url\":\"https:\/\/compus.deusto.es\/ro\/oeiizk\/\",\"name\":\"OEIiZK - COMPUS\",\"isPartOf\":{\"@id\":\"https:\/\/compus.deusto.es\/#website\"},\"primaryImageOfPage\":{\"@id\":\"https:\/\/compus.deusto.es\/ro\/oeiizk\/#primaryimage\"},\"image\":{\"@id\":\"https:\/\/compus.deusto.es\/ro\/oeiizk\/#primaryimage\"},\"thumbnailUrl\":\"https:\/\/compus.deusto.es\/wp-content\/uploads\/2019\/03\/logo-oeiizk.png\",\"datePublished\":\"2019-04-01T08:45:26+00:00\",\"dateModified\":\"2020-02-03T17:04:04+00:00\",\"breadcrumb\":{\"@id\":\"https:\/\/compus.deusto.es\/ro\/oeiizk\/#breadcrumb\"},\"inLanguage\":\"ro-RO\",\"potentialAction\":[{\"@type\":\"ReadAction\",\"target\":[\"https:\/\/compus.deusto.es\/ro\/oeiizk\/\"]}]},{\"@type\":\"ImageObject\",\"inLanguage\":\"ro-RO\",\"@id\":\"https:\/\/compus.deusto.es\/ro\/oeiizk\/#primaryimage\",\"url\":\"https:\/\/compus.deusto.es\/wp-content\/uploads\/2019\/03\/logo-oeiizk.png\",\"contentUrl\":\"https:\/\/compus.deusto.es\/wp-content\/uploads\/2019\/03\/logo-oeiizk.png\"},{\"@type\":\"BreadcrumbList\",\"@id\":\"https:\/\/compus.deusto.es\/ro\/oeiizk\/#breadcrumb\",\"itemListElement\":[{\"@type\":\"ListItem\",\"position\":1,\"name\":\"Portada\",\"item\":\"https:\/\/compus.deusto.es\/ro\/\"},{\"@type\":\"ListItem\",\"position\":2,\"name\":\"OEIiZK\"}]},{\"@type\":\"WebSite\",\"@id\":\"https:\/\/compus.deusto.es\/#website\",\"url\":\"https:\/\/compus.deusto.es\/\",\"name\":\"COMPUS\",\"description\":\"COMPUS is a set of board games focused on the development of computational thinking.\",\"publisher\":{\"@id\":\"https:\/\/compus.deusto.es\/#organization\"},\"potentialAction\":[{\"@type\":\"SearchAction\",\"target\":{\"@type\":\"EntryPoint\",\"urlTemplate\":\"https:\/\/compus.deusto.es\/?s={search_term_string}\"},\"query-input\":{\"@type\":\"PropertyValueSpecification\",\"valueRequired\":true,\"valueName\":\"search_term_string\"}}],\"inLanguage\":\"ro-RO\"},{\"@type\":\"Organization\",\"@id\":\"https:\/\/compus.deusto.es\/#organization\",\"name\":\"University of Deusto\",\"url\":\"https:\/\/compus.deusto.es\/\",\"logo\":{\"@type\":\"ImageObject\",\"inLanguage\":\"ro-RO\",\"@id\":\"https:\/\/compus.deusto.es\/#\/schema\/logo\/image\/\",\"url\":\"https:\/\/compus.deusto.es\/wp-content\/uploads\/2021\/04\/compus-logo.png\",\"contentUrl\":\"https:\/\/compus.deusto.es\/wp-content\/uploads\/2021\/04\/compus-logo.png\",\"width\":600,\"height\":782,\"caption\":\"University of Deusto\"},\"image\":{\"@id\":\"https:\/\/compus.deusto.es\/#\/schema\/logo\/image\/\"}}]}<\/script>\n<!-- \/ Yoast SEO plugin. -->","yoast_head_json":{"title":"OEIiZK - COMPUS","robots":{"index":"index","follow":"follow","max-snippet":"max-snippet:-1","max-image-preview":"max-image-preview:large","max-video-preview":"max-video-preview:-1"},"canonical":"https:\/\/compus.deusto.es\/ro\/oeiizk\/","og_locale":"ro_RO","og_type":"article","og_title":"OEIiZK - COMPUS","og_description":"CCentrul de educa\u021bie \u0219i tehnologie informa\u021bional\u0103 asistat\u0103 de computer din Var\u0219ovia (O\u015brodek Edukacji Informatycznej i Zastosowa\u0144 Komputer\u00f3w w Warszawie, OEIiZK) este o institu\u021bie public\u0103 pentru \u00eenv\u0103\u021b\u0103m\u00e2ntul didactic \u00een func\u021biune gestionat de guvernul local al provinciei Mazoviei. Am \u00eenceput activitatea noastr\u0103 \u00een 1991. Scopul nostru este s\u0103 \u00eembun\u0103t\u0103\u021bim \u0219i s\u0103 sprijinim Read more","og_url":"https:\/\/compus.deusto.es\/ro\/oeiizk\/","og_site_name":"COMPUS","article_modified_time":"2020-02-03T17:04:04+00:00","og_image":[{"url":"https:\/\/compus.deusto.es\/wp-content\/uploads\/2019\/03\/logo-oeiizk.png","type":"","width":"","height":""}],"twitter_card":"summary_large_image","twitter_misc":{"Timp estimat pentru citire":"1 minut"},"schema":{"@context":"https:\/\/schema.org","@graph":[{"@type":"WebPage","@id":"https:\/\/compus.deusto.es\/ro\/oeiizk\/","url":"https:\/\/compus.deusto.es\/ro\/oeiizk\/","name":"OEIiZK - COMPUS","isPartOf":{"@id":"https:\/\/compus.deusto.es\/#website"},"primaryImageOfPage":{"@id":"https:\/\/compus.deusto.es\/ro\/oeiizk\/#primaryimage"},"image":{"@id":"https:\/\/compus.deusto.es\/ro\/oeiizk\/#primaryimage"},"thumbnailUrl":"https:\/\/compus.deusto.es\/wp-content\/uploads\/2019\/03\/logo-oeiizk.png","datePublished":"2019-04-01T08:45:26+00:00","dateModified":"2020-02-03T17:04:04+00:00","breadcrumb":{"@id":"https:\/\/compus.deusto.es\/ro\/oeiizk\/#breadcrumb"},"inLanguage":"ro-RO","potentialAction":[{"@type":"ReadAction","target":["https:\/\/compus.deusto.es\/ro\/oeiizk\/"]}]},{"@type":"ImageObject","inLanguage":"ro-RO","@id":"https:\/\/compus.deusto.es\/ro\/oeiizk\/#primaryimage","url":"https:\/\/compus.deusto.es\/wp-content\/uploads\/2019\/03\/logo-oeiizk.png","contentUrl":"https:\/\/compus.deusto.es\/wp-content\/uploads\/2019\/03\/logo-oeiizk.png"},{"@type":"BreadcrumbList","@id":"https:\/\/compus.deusto.es\/ro\/oeiizk\/#breadcrumb","itemListElement":[{"@type":"ListItem","position":1,"name":"Portada","item":"https:\/\/compus.deusto.es\/ro\/"},{"@type":"ListItem","position":2,"name":"OEIiZK"}]},{"@type":"WebSite","@id":"https:\/\/compus.deusto.es\/#website","url":"https:\/\/compus.deusto.es\/","name":"COMPUS","description":"COMPUS is a set of board games focused on the development of computational thinking.","publisher":{"@id":"https:\/\/compus.deusto.es\/#organization"},"potentialAction":[{"@type":"SearchAction","target":{"@type":"EntryPoint","urlTemplate":"https:\/\/compus.deusto.es\/?s={search_term_string}"},"query-input":{"@type":"PropertyValueSpecification","valueRequired":true,"valueName":"search_term_string"}}],"inLanguage":"ro-RO"},{"@type":"Organization","@id":"https:\/\/compus.deusto.es\/#organization","name":"University of Deusto","url":"https:\/\/compus.deusto.es\/","logo":{"@type":"ImageObject","inLanguage":"ro-RO","@id":"https:\/\/compus.deusto.es\/#\/schema\/logo\/image\/","url":"https:\/\/compus.deusto.es\/wp-content\/uploads\/2021\/04\/compus-logo.png","contentUrl":"https:\/\/compus.deusto.es\/wp-content\/uploads\/2021\/04\/compus-logo.png","width":600,"height":782,"caption":"University of Deusto"},"image":{"@id":"https:\/\/compus.deusto.es\/#\/schema\/logo\/image\/"}}]}},"_links":{"self":[{"href":"https:\/\/compus.deusto.es\/ro\/wp-json\/wp\/v2\/pages\/793","targetHints":{"allow":["GET"]}}],"collection":[{"href":"https:\/\/compus.deusto.es\/ro\/wp-json\/wp\/v2\/pages"}],"about":[{"href":"https:\/\/compus.deusto.es\/ro\/wp-json\/wp\/v2\/types\/page"}],"author":[{"embeddable":true,"href":"https:\/\/compus.deusto.es\/ro\/wp-json\/wp\/v2\/users\/4"}],"replies":[{"embeddable":true,"href":"https:\/\/compus.deusto.es\/ro\/wp-json\/wp\/v2\/comments?post=793"}],"version-history":[{"count":1,"href":"https:\/\/compus.deusto.es\/ro\/wp-json\/wp\/v2\/pages\/793\/revisions"}],"predecessor-version":[{"id":826,"href":"https:\/\/compus.deusto.es\/ro\/wp-json\/wp\/v2\/pages\/793\/revisions\/826"}],"wp:attachment":[{"href":"https:\/\/compus.deusto.es\/ro\/wp-json\/wp\/v2\/media?parent=793"}],"curies":[{"name":"wp","href":"https:\/\/api.w.org\/{rel}","templated":true}]}}